{"id":7912,"date":"2023-06-01T12:42:33","date_gmt":"2023-06-01T12:42:33","guid":{"rendered":"https:\/\/ppr.bm-cat.com\/fr\/product\/ad22\/"},"modified":"2023-06-01T12:42:33","modified_gmt":"2023-06-01T12:42:33","slug":"ad22","status":"publish","type":"product","link":"https:\/\/bm-cat.com\/fr\/product\/ad22\/","title":{"rendered":"AD22"},"content":{"rendered":"<p>Pesant 22 tonnes (24 tonnes US), le mod\u00e8le AD22 Cat repr\u00e9sente une nouvelle cat\u00e9gorie de taille pour Caterpillar et offre des capacit\u00e9s de pointe pour une machine de ce volume. C&rsquo;est un tombereau puissant, rapide et maniable. Il est extr\u00eamement productif dans les conditions d&rsquo;exploitation mini\u00e8re o\u00f9 l&rsquo;espace est r\u00e9duit, sur les pistes les plus difficiles. Il est \u00e9galement possible de l&rsquo;adapter aux besoins uniques de votre mine en configurant les diff\u00e9rentes options disponibles pour la cabine et pour la benne (y compris une benne \u00e0 \u00e9jecteur). L&rsquo;AD22 est dot\u00e9 d&rsquo;un Moteur diesel C11 ACERT et d&rsquo;autres composants de groupe motopropulseur Cat qui lui permettent d&rsquo;atteindre un excellent niveau de couple \u00e0 bas r\u00e9gime et une vitesse \u00e9lev\u00e9e dans les pentes, ainsi que des vitesses de pointe \u00e0 25,3km\/h (15,7mph) en 4erapport.<\/p>\n","protected":false},"excerpt":{"rendered":"<p>L&rsquo;AD22, qui repr\u00e9sente une nouvelle cat\u00e9gorie de taille pour Caterpillar, a fait ses preuves dans les applications les plus difficiles.<\/p>\n","protected":false},"featured_media":0,"comment_status":"open","ping_status":"closed","template":"","meta":{"_acf_changed":false,"_sitemap_exclude":false,"_sitemap_priority":"","_sitemap_frequency":""},"product_feature":[],"product_cat":[393],"product_tag":[],"class_list":{"0":"post-7912","1":"product","2":"type-product","3":"status-publish","5":"product_cat-tombereaux-pour-exploitation-miniere","7":"first","8":"instock","9":"shipping-taxable","10":"product-type-simple"},"acf":[],"_links":{"self":[{"href":"https:\/\/bm-cat.com\/fr\/wp-json\/wp\/v2\/product\/7912","targetHints":{"allow":["GET"]}}],"collection":[{"href":"https:\/\/bm-cat.com\/fr\/wp-json\/wp\/v2\/product"}],"about":[{"href":"https:\/\/bm-cat.com\/fr\/wp-json\/wp\/v2\/types\/product"}],"replies":[{"embeddable":true,"href":"https:\/\/bm-cat.com\/fr\/wp-json\/wp\/v2\/comments?post=7912"}],"wp:attachment":[{"href":"https:\/\/bm-cat.com\/fr\/wp-json\/wp\/v2\/media?parent=7912"}],"wp:term":[{"taxonomy":"product_feature","embeddable":true,"href":"https:\/\/bm-cat.com\/fr\/wp-json\/wp\/v2\/product_feature?post=7912"},{"taxonomy":"product_cat","embeddable":true,"href":"https:\/\/bm-cat.com\/fr\/wp-json\/wp\/v2\/product_cat?post=7912"},{"taxonomy":"product_tag","embeddable":true,"href":"https:\/\/bm-cat.com\/fr\/wp-json\/wp\/v2\/product_tag?post=7912"}],"curies":[{"name":"wp","href":"https:\/\/api.w.org\/{rel}","templated":true}]}}