{"id":7918,"date":"2023-06-01T12:57:30","date_gmt":"2023-06-01T12:57:30","guid":{"rendered":"https:\/\/ppr.bm-cat.com\/fr\/product\/910\/"},"modified":"2025-03-19T13:35:15","modified_gmt":"2025-03-19T13:35:15","slug":"910","status":"publish","type":"product","link":"https:\/\/bm-cat.com\/fr\/product\/910\/","title":{"rendered":"910"},"content":{"rendered":"<p>La chargeuse sur pneus compacte 910 Cat\u00ae int\u00e8gre un moteur C3.6, la timonerie en Z optimis\u00e9e Cat, de nombreux outils de travail, un circuit \u00e9lectrohydraulique \u00e0 la pointe de la technologie, une cha\u00eene cin\u00e9matique r\u00e9glable, une cabine avec vision panoramique, des intervalles d&rsquo;entretien prolong\u00e9s et des points d&rsquo;acc\u00e8s pour l&rsquo;entretien parfaitement adapt\u00e9s, ainsi que des fonctions d&rsquo;\u00e9conomie de carburant de s\u00e9rie.<\/p>\n","protected":false},"excerpt":{"rendered":"<p>La chargeuse sur pneus compacte 910 Cat\u00ae int\u00e8gre un moteur C3.6, la timonerie en Z optimis\u00e9e Cat, de nombreux outils de travail, un circuit \u00e9lectrohydraulique \u00e0 la pointe de la technologie, une cha\u00eene cin\u00e9matique r\u00e9glable, une cabine avec vision panoramique, des intervalles d&rsquo;entretien prolong\u00e9s et des points d&rsquo;acc\u00e8s pour l&rsquo;entretien parfaitement adapt\u00e9s, ainsi que des fonctions d&rsquo;\u00e9conomie de carburant de s\u00e9rie.<\/p>\n","protected":false},"featured_media":0,"comment_status":"open","ping_status":"closed","template":"","meta":{"_acf_changed":false,"_sitemap_exclude":false,"_sitemap_priority":"","_sitemap_frequency":""},"product_feature":[],"product_cat":[395],"product_tag":[],"class_list":{"0":"post-7918","1":"product","2":"type-product","3":"status-publish","5":"product_cat-chargeuses-sur-pneus-compactes","7":"first","8":"instock","9":"shipping-taxable","10":"purchasable","11":"product-type-simple"},"acf":[],"_links":{"self":[{"href":"https:\/\/bm-cat.com\/fr\/wp-json\/wp\/v2\/product\/7918","targetHints":{"allow":["GET"]}}],"collection":[{"href":"https:\/\/bm-cat.com\/fr\/wp-json\/wp\/v2\/product"}],"about":[{"href":"https:\/\/bm-cat.com\/fr\/wp-json\/wp\/v2\/types\/product"}],"replies":[{"embeddable":true,"href":"https:\/\/bm-cat.com\/fr\/wp-json\/wp\/v2\/comments?post=7918"}],"wp:attachment":[{"href":"https:\/\/bm-cat.com\/fr\/wp-json\/wp\/v2\/media?parent=7918"}],"wp:term":[{"taxonomy":"product_feature","embeddable":true,"href":"https:\/\/bm-cat.com\/fr\/wp-json\/wp\/v2\/product_feature?post=7918"},{"taxonomy":"product_cat","embeddable":true,"href":"https:\/\/bm-cat.com\/fr\/wp-json\/wp\/v2\/product_cat?post=7918"},{"taxonomy":"product_tag","embeddable":true,"href":"https:\/\/bm-cat.com\/fr\/wp-json\/wp\/v2\/product_tag?post=7918"}],"curies":[{"name":"wp","href":"https:\/\/api.w.org\/{rel}","templated":true}]}}