{"id":7933,"date":"2023-06-01T13:49:15","date_gmt":"2023-06-01T13:49:15","guid":{"rendered":"https:\/\/ppr.bm-cat.com\/fr\/product\/950\/"},"modified":"2024-03-05T16:31:11","modified_gmt":"2024-03-05T16:31:11","slug":"950","status":"publish","type":"product","link":"https:\/\/bm-cat.com\/fr\/product\/950\/","title":{"rendered":"950"},"content":{"rendered":"<p>La chargeuse sur pneus 950 Cat\u00ae offre des performances exceptionnelles gr\u00e2ce \u00e0 des technologies simples d&#8217;emploi en standard qui permettent d&rsquo;am\u00e9liorer l&rsquo;efficacit\u00e9 du conducteur et d&rsquo;accro\u00eetre productivit\u00e9. Les intervalles d&rsquo;entretien sont prolong\u00e9s, ce qui r\u00e9duit les co\u00fbts d&rsquo;entretien. Cette machine est con\u00e7ue pour r\u00e9pondre aux normes en mati\u00e8re d&rsquo;\u00e9missions sans pour autant nuire \u00e0 son fonctionnement. L&rsquo;am\u00e9lioration des performances, de la fiabilit\u00e9, de la durabilit\u00e9 et de la polyvalence en font une machine id\u00e9alement adapt\u00e9e \u00e0 vos besoins.<\/p>\n","protected":false},"excerpt":{"rendered":"<p>La chargeuse sur pneus 950 Cat\u00ae offre des performances exceptionnelles gr\u00e2ce \u00e0 des technologies simples d&#8217;emploi en standard qui permettent d&rsquo;am\u00e9liorer l&rsquo;efficacit\u00e9 du conducteur et d&rsquo;accro\u00eetre la productivit\u00e9. Les intervalles d&rsquo;entretien sont prolong\u00e9s, ce qui r\u00e9duit les co\u00fbts d&rsquo;entretien. Cette machine est con\u00e7ue pour r\u00e9pondre aux normes en mati\u00e8re d&rsquo;\u00e9missions sans pour autant nuire \u00e0 son fonctionnement. L&rsquo;am\u00e9lioration des performances, de la fiabilit\u00e9, de la durabilit\u00e9 et de la polyvalence en font une machine id\u00e9alement adapt\u00e9e \u00e0 vos besoins.<\/p>\n","protected":false},"featured_media":0,"comment_status":"open","ping_status":"closed","template":"","meta":{"_acf_changed":false,"_sitemap_exclude":false,"_sitemap_priority":"","_sitemap_frequency":""},"product_feature":[],"product_cat":[397],"product_tag":[],"class_list":{"0":"post-7933","1":"product","2":"type-product","3":"status-publish","5":"product_cat-chargeuses-sur-pneus-intermediaires","7":"first","8":"instock","9":"shipping-taxable","10":"product-type-simple"},"acf":[],"_links":{"self":[{"href":"https:\/\/bm-cat.com\/fr\/wp-json\/wp\/v2\/product\/7933","targetHints":{"allow":["GET"]}}],"collection":[{"href":"https:\/\/bm-cat.com\/fr\/wp-json\/wp\/v2\/product"}],"about":[{"href":"https:\/\/bm-cat.com\/fr\/wp-json\/wp\/v2\/types\/product"}],"replies":[{"embeddable":true,"href":"https:\/\/bm-cat.com\/fr\/wp-json\/wp\/v2\/comments?post=7933"}],"wp:attachment":[{"href":"https:\/\/bm-cat.com\/fr\/wp-json\/wp\/v2\/media?parent=7933"}],"wp:term":[{"taxonomy":"product_feature","embeddable":true,"href":"https:\/\/bm-cat.com\/fr\/wp-json\/wp\/v2\/product_feature?post=7933"},{"taxonomy":"product_cat","embeddable":true,"href":"https:\/\/bm-cat.com\/fr\/wp-json\/wp\/v2\/product_cat?post=7933"},{"taxonomy":"product_tag","embeddable":true,"href":"https:\/\/bm-cat.com\/fr\/wp-json\/wp\/v2\/product_tag?post=7933"}],"curies":[{"name":"wp","href":"https:\/\/api.w.org\/{rel}","templated":true}]}}