{"id":7943,"date":"2023-06-01T14:02:02","date_gmt":"2023-06-01T14:02:02","guid":{"rendered":"https:\/\/ppr.bm-cat.com\/fr\/product\/982\/"},"modified":"2024-03-05T16:31:19","modified_gmt":"2024-03-05T16:31:19","slug":"982","status":"publish","type":"product","link":"https:\/\/bm-cat.com\/fr\/product\/982\/","title":{"rendered":"982"},"content":{"rendered":"<p>La chargeuse sur pneus 982 Cat\u00ae offre des performances exceptionnelles gr\u00e2ce \u00e0 des technologies simples d&#8217;emploi en standard qui permettent d&rsquo;am\u00e9liorer l&rsquo;efficacit\u00e9 du conducteur et d&rsquo;accro\u00eetre productivit\u00e9. Sa fiabilit\u00e9, sa long\u00e9vit\u00e9 et sa polyvalence en font une machine id\u00e9alement adapt\u00e9e \u00e0 vos besoins.<\/p>\n","protected":false},"excerpt":{"rendered":"<p>La chargeuse sur pneus 982 Cat\u00ae offre des performances exceptionnelles gr\u00e2ce \u00e0 des technologies simples d&#8217;emploi en standard qui permettent d&rsquo;am\u00e9liorer l&rsquo;efficacit\u00e9 du conducteur et d&rsquo;accro\u00eetre productivit\u00e9. Sa fiabilit\u00e9, sa long\u00e9vit\u00e9 et sa polyvalence en font une machine id\u00e9alement adapt\u00e9e \u00e0 vos besoins.<\/p>\n","protected":false},"featured_media":0,"comment_status":"open","ping_status":"closed","template":"","meta":{"_acf_changed":false,"_sitemap_exclude":false,"_sitemap_priority":"","_sitemap_frequency":""},"product_feature":[],"product_cat":[397],"product_tag":[],"class_list":{"0":"post-7943","1":"product","2":"type-product","3":"status-publish","5":"product_cat-chargeuses-sur-pneus-intermediaires","7":"first","8":"instock","9":"shipping-taxable","10":"product-type-simple"},"acf":[],"_links":{"self":[{"href":"https:\/\/bm-cat.com\/fr\/wp-json\/wp\/v2\/product\/7943","targetHints":{"allow":["GET"]}}],"collection":[{"href":"https:\/\/bm-cat.com\/fr\/wp-json\/wp\/v2\/product"}],"about":[{"href":"https:\/\/bm-cat.com\/fr\/wp-json\/wp\/v2\/types\/product"}],"replies":[{"embeddable":true,"href":"https:\/\/bm-cat.com\/fr\/wp-json\/wp\/v2\/comments?post=7943"}],"wp:attachment":[{"href":"https:\/\/bm-cat.com\/fr\/wp-json\/wp\/v2\/media?parent=7943"}],"wp:term":[{"taxonomy":"product_feature","embeddable":true,"href":"https:\/\/bm-cat.com\/fr\/wp-json\/wp\/v2\/product_feature?post=7943"},{"taxonomy":"product_cat","embeddable":true,"href":"https:\/\/bm-cat.com\/fr\/wp-json\/wp\/v2\/product_cat?post=7943"},{"taxonomy":"product_tag","embeddable":true,"href":"https:\/\/bm-cat.com\/fr\/wp-json\/wp\/v2\/product_tag?post=7943"}],"curies":[{"name":"wp","href":"https:\/\/api.w.org\/{rel}","templated":true}]}}