{"id":7983,"date":"2023-06-01T14:52:19","date_gmt":"2023-06-01T14:52:19","guid":{"rendered":"https:\/\/ppr.bm-cat.com\/fr\/product\/1300mm-51in\/"},"modified":"2025-03-19T11:37:30","modified_gmt":"2025-03-19T11:37:30","slug":"1300mm-51in","status":"publish","type":"product","link":"https:\/\/bm-cat.com\/fr\/product\/1300mm-51in\/","title":{"rendered":"1300 mm (51 in)"},"content":{"rendered":"<p>Les godets de curage de foss\u00e9s pour minipelles Cat\u00ae sont parfaitement adapt\u00e9s pour le nettoyage des tranch\u00e9es larges, le chargement des mat\u00e9riaux, l&rsquo;am\u00e9nagement des talus, le nivellement et les travaux de finition dans les applications de construction, d&rsquo;am\u00e9nagement des sites et d&rsquo;entretien routier.<\/p>\n","protected":false},"excerpt":{"rendered":"<p>Utilis\u00e9s pour le nettoyage des foss\u00e9s, le talutage, le nivellement et les autres travaux de finition.<\/p>\n","protected":false},"featured_media":0,"comment_status":"open","ping_status":"closed","template":"","meta":{"_acf_changed":false,"_sitemap_exclude":false,"_sitemap_priority":"","_sitemap_frequency":""},"product_feature":[],"product_cat":[261],"product_tag":[],"class_list":{"0":"post-7983","1":"product","2":"type-product","3":"status-publish","5":"product_brand-caterpillar","6":"product_cat-godets-de-curage-de-fosses-minipelle","8":"first","9":"instock","10":"shipping-taxable","11":"product-type-simple"},"acf":[],"_links":{"self":[{"href":"https:\/\/bm-cat.com\/fr\/wp-json\/wp\/v2\/product\/7983","targetHints":{"allow":["GET"]}}],"collection":[{"href":"https:\/\/bm-cat.com\/fr\/wp-json\/wp\/v2\/product"}],"about":[{"href":"https:\/\/bm-cat.com\/fr\/wp-json\/wp\/v2\/types\/product"}],"replies":[{"embeddable":true,"href":"https:\/\/bm-cat.com\/fr\/wp-json\/wp\/v2\/comments?post=7983"}],"wp:attachment":[{"href":"https:\/\/bm-cat.com\/fr\/wp-json\/wp\/v2\/media?parent=7983"}],"wp:term":[{"taxonomy":"product_feature","embeddable":true,"href":"https:\/\/bm-cat.com\/fr\/wp-json\/wp\/v2\/product_feature?post=7983"},{"taxonomy":"product_cat","embeddable":true,"href":"https:\/\/bm-cat.com\/fr\/wp-json\/wp\/v2\/product_cat?post=7983"},{"taxonomy":"product_tag","embeddable":true,"href":"https:\/\/bm-cat.com\/fr\/wp-json\/wp\/v2\/product_tag?post=7983"}],"curies":[{"name":"wp","href":"https:\/\/api.w.org\/{rel}","templated":true}]}}