{"id":8008,"date":"2023-06-01T15:00:37","date_gmt":"2023-06-01T15:00:37","guid":{"rendered":"https:\/\/ppr.bm-cat.com\/fr\/product\/762-mm-30-in\/"},"modified":"2025-03-19T11:44:44","modified_gmt":"2025-03-19T11:44:44","slug":"762-mm-30-in","status":"publish","type":"product","link":"https:\/\/bm-cat.com\/fr\/product\/762-mm-30-in\/","title":{"rendered":"762 mm (30 in)"},"content":{"rendered":"<p>Les godets \u00e0 usage intensif pour minipelles hydrauliques Cat\u00ae sont con\u00e7us pour offrir des performances et une valeur ajout\u00e9e maximales dans une large gamme d&rsquo;applications abrasives telles que les m\u00e9langes de poussi\u00e8re, argile et cailloux.<\/p>\n","protected":false},"excerpt":{"rendered":"<p>Godets haute r\u00e9sistance con\u00e7us pour offrir des performances et une valeur ajout\u00e9e maximales dans une large gamme d&rsquo;applications.<\/p>\n","protected":false},"featured_media":0,"comment_status":"open","ping_status":"closed","template":"","meta":{"_acf_changed":false,"_sitemap_exclude":false,"_sitemap_priority":"","_sitemap_frequency":""},"product_feature":[],"product_cat":[265],"product_tag":[],"class_list":{"0":"post-8008","1":"product","2":"type-product","3":"status-publish","5":"product_brand-caterpillar","6":"product_cat-godets-extra-robustes-minipelle","8":"first","9":"instock","10":"shipping-taxable","11":"product-type-simple"},"acf":[],"_links":{"self":[{"href":"https:\/\/bm-cat.com\/fr\/wp-json\/wp\/v2\/product\/8008","targetHints":{"allow":["GET"]}}],"collection":[{"href":"https:\/\/bm-cat.com\/fr\/wp-json\/wp\/v2\/product"}],"about":[{"href":"https:\/\/bm-cat.com\/fr\/wp-json\/wp\/v2\/types\/product"}],"replies":[{"embeddable":true,"href":"https:\/\/bm-cat.com\/fr\/wp-json\/wp\/v2\/comments?post=8008"}],"wp:attachment":[{"href":"https:\/\/bm-cat.com\/fr\/wp-json\/wp\/v2\/media?parent=8008"}],"wp:term":[{"taxonomy":"product_feature","embeddable":true,"href":"https:\/\/bm-cat.com\/fr\/wp-json\/wp\/v2\/product_feature?post=8008"},{"taxonomy":"product_cat","embeddable":true,"href":"https:\/\/bm-cat.com\/fr\/wp-json\/wp\/v2\/product_cat?post=8008"},{"taxonomy":"product_tag","embeddable":true,"href":"https:\/\/bm-cat.com\/fr\/wp-json\/wp\/v2\/product_tag?post=8008"}],"curies":[{"name":"wp","href":"https:\/\/api.w.org\/{rel}","templated":true}]}}