{"id":8016,"date":"2023-06-01T15:03:39","date_gmt":"2023-06-01T15:03:39","guid":{"rendered":"https:\/\/ppr.bm-cat.com\/fr\/product\/1200mm-47in-6\/"},"modified":"2025-03-19T11:46:46","modified_gmt":"2025-03-19T11:46:46","slug":"1200mm-47in-6","status":"publish","type":"product","link":"https:\/\/bm-cat.com\/fr\/product\/1200mm-47in-6\/","title":{"rendered":"1200 mm (47 in)"},"content":{"rendered":"<p>Les godets de curage de foss\u00e9s inclinables pour minipelles Cat\u00ae sont parfaitement adapt\u00e9s pour le nettoyage des tranch\u00e9es larges, le chargement des mat\u00e9riaux, l&rsquo;am\u00e9nagement des talus, le nivellement et les travaux de finition dans les applications de construction, d&rsquo;am\u00e9nagement des sites et d&rsquo;entretien routier.<\/p>\n","protected":false},"excerpt":{"rendered":"<p>Utilis\u00e9s pour le nettoyage des foss\u00e9s, le talutage, le nivellement et les autres travaux de finition.<\/p>\n","protected":false},"featured_media":0,"comment_status":"open","ping_status":"closed","template":"","meta":{"_acf_changed":false,"_sitemap_exclude":false,"_sitemap_priority":"","_sitemap_frequency":""},"product_feature":[],"product_cat":[268],"product_tag":[],"class_list":{"0":"post-8016","1":"product","2":"type-product","3":"status-publish","5":"product_cat-godets-de-curage-de-fosses-inclinables-minipelle","7":"first","8":"instock","9":"shipping-taxable","10":"product-type-simple"},"acf":[],"_links":{"self":[{"href":"https:\/\/bm-cat.com\/fr\/wp-json\/wp\/v2\/product\/8016","targetHints":{"allow":["GET"]}}],"collection":[{"href":"https:\/\/bm-cat.com\/fr\/wp-json\/wp\/v2\/product"}],"about":[{"href":"https:\/\/bm-cat.com\/fr\/wp-json\/wp\/v2\/types\/product"}],"replies":[{"embeddable":true,"href":"https:\/\/bm-cat.com\/fr\/wp-json\/wp\/v2\/comments?post=8016"}],"wp:attachment":[{"href":"https:\/\/bm-cat.com\/fr\/wp-json\/wp\/v2\/media?parent=8016"}],"wp:term":[{"taxonomy":"product_feature","embeddable":true,"href":"https:\/\/bm-cat.com\/fr\/wp-json\/wp\/v2\/product_feature?post=8016"},{"taxonomy":"product_cat","embeddable":true,"href":"https:\/\/bm-cat.com\/fr\/wp-json\/wp\/v2\/product_cat?post=8016"},{"taxonomy":"product_tag","embeddable":true,"href":"https:\/\/bm-cat.com\/fr\/wp-json\/wp\/v2\/product_tag?post=8016"}],"curies":[{"name":"wp","href":"https:\/\/api.w.org\/{rel}","templated":true}]}}