{"id":8081,"date":"2023-06-01T15:26:06","date_gmt":"2023-06-01T15:26:06","guid":{"rendered":"https:\/\/ppr.bm-cat.com\/fr\/product\/41-m%c2%b3-54-yd%c2%b3-a-claveter-lame-de-coupe-a-boulonner\/"},"modified":"2024-03-05T17:02:18","modified_gmt":"2024-03-05T17:02:18","slug":"41-m%c2%b3-54-yd%c2%b3-a-claveter-lame-de-coupe-a-boulonner","status":"publish","type":"product","link":"https:\/\/bm-cat.com\/fr\/product\/41-m%c2%b3-54-yd%c2%b3-a-claveter-lame-de-coupe-a-boulonner\/","title":{"rendered":"4,1 m\u00b3 (5,4 yd\u00b3), \u00e0 claveter, lame de coupe \u00e0 boulonner"},"content":{"rendered":"<p>Les godets \u00e0 grande hauteur de vidage pour chargeuses Cat\u00ae offrent une hauteur de vidage nettement sup\u00e9rieure \u00e0 celle des godets de manutention standard. Qu&rsquo;il s&rsquo;agisse de chargement de tombereaux, d&rsquo;alimentation de compacteurs ou simplement de travail au tas, les godets \u00e0 grande hauteur de vidage offrent les performances dont vous avez besoin.<\/p>\n","protected":false},"excerpt":{"rendered":"<p>Une plus grande hauteur de vidage permet d&rsquo;am\u00e9liorer les performances dans les applications de chargement.<\/p>\n","protected":false},"featured_media":0,"comment_status":"open","ping_status":"closed","template":"","meta":{"_acf_changed":false,"_sitemap_exclude":false,"_sitemap_priority":"","_sitemap_frequency":""},"product_feature":[],"product_cat":[274],"product_tag":[],"class_list":{"0":"post-8081","1":"product","2":"type-product","3":"status-publish","5":"product_cat-godets-a-grande-hauteur-de-vidage","7":"first","8":"instock","9":"shipping-taxable","10":"product-type-simple"},"acf":[],"_links":{"self":[{"href":"https:\/\/bm-cat.com\/fr\/wp-json\/wp\/v2\/product\/8081","targetHints":{"allow":["GET"]}}],"collection":[{"href":"https:\/\/bm-cat.com\/fr\/wp-json\/wp\/v2\/product"}],"about":[{"href":"https:\/\/bm-cat.com\/fr\/wp-json\/wp\/v2\/types\/product"}],"replies":[{"embeddable":true,"href":"https:\/\/bm-cat.com\/fr\/wp-json\/wp\/v2\/comments?post=8081"}],"wp:attachment":[{"href":"https:\/\/bm-cat.com\/fr\/wp-json\/wp\/v2\/media?parent=8081"}],"wp:term":[{"taxonomy":"product_feature","embeddable":true,"href":"https:\/\/bm-cat.com\/fr\/wp-json\/wp\/v2\/product_feature?post=8081"},{"taxonomy":"product_cat","embeddable":true,"href":"https:\/\/bm-cat.com\/fr\/wp-json\/wp\/v2\/product_cat?post=8081"},{"taxonomy":"product_tag","embeddable":true,"href":"https:\/\/bm-cat.com\/fr\/wp-json\/wp\/v2\/product_tag?post=8081"}],"curies":[{"name":"wp","href":"https:\/\/api.w.org\/{rel}","templated":true}]}}