{"id":8159,"date":"2023-06-01T17:06:54","date_gmt":"2023-06-01T17:06:54","guid":{"rendered":"https:\/\/ppr.bm-cat.com\/fr\/product\/1576-mm-62-in-avec-protection-de-surplus-lame-de-coupe-a-boulonner\/"},"modified":"2025-03-19T11:50:51","modified_gmt":"2025-03-19T11:50:51","slug":"1576-mm-62-in-avec-protection-de-surplus-lame-de-coupe-a-boulonner","status":"publish","type":"product","link":"https:\/\/bm-cat.com\/fr\/product\/1576-mm-62-in-avec-protection-de-surplus-lame-de-coupe-a-boulonner\/","title":{"rendered":"1576 mm (62 in) avec protection de surplus, lame de coupe \u00e0 boulonner"},"content":{"rendered":"<p>Les godets multi-usages Cat\u00ae pour chargeurs Skid Steer et chargeurs sur chenilles compacts Cat sont des godets extr\u00eamement durables, id\u00e9aux pour une grande vari\u00e9t\u00e9 de t\u00e2ches dans les applications de construction, d&rsquo;am\u00e9nagement paysager, d&rsquo;industrie et de d\u00e9molition.<\/p>\n","protected":false},"excerpt":{"rendered":"<p>Excellentes forces de serrage permettant de saisir des objets volumineux aux formes irr\u00e9guli\u00e8res, tels que les arbres et les d\u00e9bris de recyclage.<\/p>\n","protected":false},"featured_media":0,"comment_status":"open","ping_status":"closed","template":"","meta":{"_acf_changed":false,"_sitemap_exclude":false,"_sitemap_priority":"","_sitemap_frequency":""},"product_feature":[],"product_cat":[556],"product_tag":[],"class_list":{"0":"post-8159","1":"product","2":"type-product","3":"status-publish","5":"product_brand-caterpillar","6":"product_cat-godets-tous-travaux-godets-chargeurs-compacts-rigides","8":"first","9":"instock","10":"shipping-taxable","11":"product-type-simple"},"acf":[],"_links":{"self":[{"href":"https:\/\/bm-cat.com\/fr\/wp-json\/wp\/v2\/product\/8159","targetHints":{"allow":["GET"]}}],"collection":[{"href":"https:\/\/bm-cat.com\/fr\/wp-json\/wp\/v2\/product"}],"about":[{"href":"https:\/\/bm-cat.com\/fr\/wp-json\/wp\/v2\/types\/product"}],"replies":[{"embeddable":true,"href":"https:\/\/bm-cat.com\/fr\/wp-json\/wp\/v2\/comments?post=8159"}],"wp:attachment":[{"href":"https:\/\/bm-cat.com\/fr\/wp-json\/wp\/v2\/media?parent=8159"}],"wp:term":[{"taxonomy":"product_feature","embeddable":true,"href":"https:\/\/bm-cat.com\/fr\/wp-json\/wp\/v2\/product_feature?post=8159"},{"taxonomy":"product_cat","embeddable":true,"href":"https:\/\/bm-cat.com\/fr\/wp-json\/wp\/v2\/product_cat?post=8159"},{"taxonomy":"product_tag","embeddable":true,"href":"https:\/\/bm-cat.com\/fr\/wp-json\/wp\/v2\/product_tag?post=8159"}],"curies":[{"name":"wp","href":"https:\/\/api.w.org\/{rel}","templated":true}]}}