{"id":8169,"date":"2023-06-01T17:11:32","date_gmt":"2023-06-01T17:11:32","guid":{"rendered":"https:\/\/ppr.bm-cat.com\/fr\/product\/1576mm-62in-lame-de-coupe-a-boulonner-2\/"},"modified":"2025-03-19T11:51:30","modified_gmt":"2025-03-19T11:51:30","slug":"1576mm-62in-lame-de-coupe-a-boulonner-2","status":"publish","type":"product","link":"https:\/\/bm-cat.com\/fr\/product\/1576mm-62in-lame-de-coupe-a-boulonner-2\/","title":{"rendered":"1576 mm (62 in), Lame de coupe \u00e0 boulonner"},"content":{"rendered":"<p>Les godets utilitaires de Cat\u00ae pour chargeurs compacts rigides, chargeurs tout-terrain et chargeuses \u00e0 cha\u00eenes compactes Cat sont con\u00e7us pour niveler, aplanir et mettre en tas des mat\u00e9riaux l\u00e9gers comme le paillis, la couche v\u00e9g\u00e9tale s\u00e8che, l&rsquo;alimentation et les d\u00e9jections du b\u00e9tail.<\/p>\n","protected":false},"excerpt":{"rendered":"<p>Con\u00e7us avec parois plus hautes, fond plus long pour mat\u00e9riaux de plus faible densit\u00e9.<\/p>\n","protected":false},"featured_media":0,"comment_status":"open","ping_status":"closed","template":"","meta":{"_acf_changed":false,"_sitemap_exclude":false,"_sitemap_priority":"","_sitemap_frequency":""},"product_feature":[],"product_cat":[282],"product_tag":[],"class_list":{"0":"post-8169","1":"product","2":"type-product","3":"status-publish","5":"product_brand-caterpillar","6":"product_cat-godets-utilitaires","8":"first","9":"instock","10":"shipping-taxable","11":"product-type-simple"},"acf":[],"_links":{"self":[{"href":"https:\/\/bm-cat.com\/fr\/wp-json\/wp\/v2\/product\/8169","targetHints":{"allow":["GET"]}}],"collection":[{"href":"https:\/\/bm-cat.com\/fr\/wp-json\/wp\/v2\/product"}],"about":[{"href":"https:\/\/bm-cat.com\/fr\/wp-json\/wp\/v2\/types\/product"}],"replies":[{"embeddable":true,"href":"https:\/\/bm-cat.com\/fr\/wp-json\/wp\/v2\/comments?post=8169"}],"wp:attachment":[{"href":"https:\/\/bm-cat.com\/fr\/wp-json\/wp\/v2\/media?parent=8169"}],"wp:term":[{"taxonomy":"product_feature","embeddable":true,"href":"https:\/\/bm-cat.com\/fr\/wp-json\/wp\/v2\/product_feature?post=8169"},{"taxonomy":"product_cat","embeddable":true,"href":"https:\/\/bm-cat.com\/fr\/wp-json\/wp\/v2\/product_cat?post=8169"},{"taxonomy":"product_tag","embeddable":true,"href":"https:\/\/bm-cat.com\/fr\/wp-json\/wp\/v2\/product_tag?post=8169"}],"curies":[{"name":"wp","href":"https:\/\/api.w.org\/{rel}","templated":true}]}}