{"id":8187,"date":"2023-06-01T17:17:15","date_gmt":"2023-06-01T17:17:15","guid":{"rendered":"https:\/\/ppr.bm-cat.com\/fr\/product\/cv119\/"},"modified":"2025-03-19T11:52:11","modified_gmt":"2025-03-19T11:52:11","slug":"cv119","status":"publish","type":"product","link":"https:\/\/bm-cat.com\/fr\/product\/cv119\/","title":{"rendered":"CV119"},"content":{"rendered":"<p>Les compacteurs vibrants Cat\u00ae sont utilis\u00e9s pour le compactage du sol, du sable ou des graviers avant de couler du b\u00e9ton ou de poser un rev\u00eatement d&rsquo;enrob\u00e9. Ils conviennent \u00e9galement aux retouches d&rsquo;enrob\u00e9. Gr\u00e2ce \u00e0 leurs fonctionnalit\u00e9s et \u00e0 leurs faibles co\u00fbts d&rsquo;investissement et d&rsquo;entretien, ces compacteurs sont bien connus des terrassiers, des entreprises g\u00e9n\u00e9rales, des entreprises de travaux publics, pour des applications r\u00e9sidentielles, commerciales ou industrielles.<\/p>\n","protected":false},"excerpt":{"rendered":"<p>Leur action vibrante et leur force dynamique garantissent un excellent compactage dans un petit format.<\/p>\n","protected":false},"featured_media":0,"comment_status":"open","ping_status":"closed","template":"","meta":{"_acf_changed":false,"_sitemap_exclude":false,"_sitemap_priority":"","_sitemap_frequency":""},"product_feature":[],"product_cat":[288],"product_tag":[],"class_list":{"0":"post-8187","1":"product","2":"type-product","3":"status-publish","5":"product_brand-caterpillar","6":"product_cat-compacteurs-vibrants","8":"first","9":"instock","10":"shipping-taxable","11":"product-type-simple"},"acf":[],"_links":{"self":[{"href":"https:\/\/bm-cat.com\/fr\/wp-json\/wp\/v2\/product\/8187","targetHints":{"allow":["GET"]}}],"collection":[{"href":"https:\/\/bm-cat.com\/fr\/wp-json\/wp\/v2\/product"}],"about":[{"href":"https:\/\/bm-cat.com\/fr\/wp-json\/wp\/v2\/types\/product"}],"replies":[{"embeddable":true,"href":"https:\/\/bm-cat.com\/fr\/wp-json\/wp\/v2\/comments?post=8187"}],"wp:attachment":[{"href":"https:\/\/bm-cat.com\/fr\/wp-json\/wp\/v2\/media?parent=8187"}],"wp:term":[{"taxonomy":"product_feature","embeddable":true,"href":"https:\/\/bm-cat.com\/fr\/wp-json\/wp\/v2\/product_feature?post=8187"},{"taxonomy":"product_cat","embeddable":true,"href":"https:\/\/bm-cat.com\/fr\/wp-json\/wp\/v2\/product_cat?post=8187"},{"taxonomy":"product_tag","embeddable":true,"href":"https:\/\/bm-cat.com\/fr\/wp-json\/wp\/v2\/product_tag?post=8187"}],"curies":[{"name":"wp","href":"https:\/\/api.w.org\/{rel}","templated":true}]}}