{"id":8200,"date":"2023-06-01T17:25:48","date_gmt":"2023-06-01T17:25:48","guid":{"rendered":"https:\/\/ppr.bm-cat.com\/fr\/product\/cw-05\/"},"modified":"2025-03-19T11:52:43","modified_gmt":"2025-03-19T11:52:43","slug":"cw-05","status":"publish","type":"product","link":"https:\/\/bm-cat.com\/fr\/product\/cw-05\/","title":{"rendered":"CW-05"},"content":{"rendered":"","protected":false},"excerpt":{"rendered":"<p>Toute utilisation efficace d&rsquo;une pelle hydraulique n\u00e9cessite l&rsquo;utilisation d&rsquo;un outil adapt\u00e9 \u00e0 chaque t\u00e2che. Avec l&rsquo;attache rapide\u00a0CW05, il suffit de quelques secondes pour changer d&rsquo;outil de travail. L&rsquo;attache\u00a0CW05 est disponible pour les petites pelles hydrauliques Cat ou les \u00e9l\u00e9ments m\u00e9caniques porteurs de marques diff\u00e9rentes entre 1 et 3,5\u00a0US\u00a0t.<\/p>\n","protected":false},"featured_media":0,"comment_status":"open","ping_status":"closed","template":"","meta":{"_acf_changed":false,"_sitemap_exclude":false,"_sitemap_priority":"","_sitemap_frequency":""},"product_feature":[],"product_cat":[291],"product_tag":[],"class_list":{"0":"post-8200","1":"product","2":"type-product","3":"status-publish","5":"product_cat-attaches-de-la-serie-cw","7":"first","8":"instock","9":"shipping-taxable","10":"product-type-simple"},"acf":[],"_links":{"self":[{"href":"https:\/\/bm-cat.com\/fr\/wp-json\/wp\/v2\/product\/8200","targetHints":{"allow":["GET"]}}],"collection":[{"href":"https:\/\/bm-cat.com\/fr\/wp-json\/wp\/v2\/product"}],"about":[{"href":"https:\/\/bm-cat.com\/fr\/wp-json\/wp\/v2\/types\/product"}],"replies":[{"embeddable":true,"href":"https:\/\/bm-cat.com\/fr\/wp-json\/wp\/v2\/comments?post=8200"}],"wp:attachment":[{"href":"https:\/\/bm-cat.com\/fr\/wp-json\/wp\/v2\/media?parent=8200"}],"wp:term":[{"taxonomy":"product_feature","embeddable":true,"href":"https:\/\/bm-cat.com\/fr\/wp-json\/wp\/v2\/product_feature?post=8200"},{"taxonomy":"product_cat","embeddable":true,"href":"https:\/\/bm-cat.com\/fr\/wp-json\/wp\/v2\/product_cat?post=8200"},{"taxonomy":"product_tag","embeddable":true,"href":"https:\/\/bm-cat.com\/fr\/wp-json\/wp\/v2\/product_tag?post=8200"}],"curies":[{"name":"wp","href":"https:\/\/api.w.org\/{rel}","templated":true}]}}