{"id":8263,"date":"2023-06-01T18:50:30","date_gmt":"2023-06-01T18:50:30","guid":{"rendered":"https:\/\/ppr.bm-cat.com\/fr\/product\/988k-2\/"},"modified":"2025-03-19T11:55:24","modified_gmt":"2025-03-19T11:55:24","slug":"988k-2","status":"publish","type":"product","link":"https:\/\/bm-cat.com\/fr\/product\/988k-2\/","title":{"rendered":"988K"},"content":{"rendered":"<p>Con\u00e7us pour fonctionner avec le porte-blocs de votre\u00a0988K, cette attache et les outils d\u00e9di\u00e9s qu&rsquo;elle permet de monter cr\u00e9ent un syst\u00e8me robuste id\u00e9al pour r\u00e9pondre aux exigences des secteurs de la carri\u00e8re et de la manutention de blocs.<\/p>\n","protected":false},"excerpt":{"rendered":"<p>Con\u00e7us pour fonctionner avec le porte-blocs de votre\u00a0988K, cette attache et les outils d\u00e9di\u00e9s qu&rsquo;elle permet de monter cr\u00e9ent un syst\u00e8me robuste id\u00e9al pour r\u00e9pondre aux exigences des secteurs de la carri\u00e8re et de la manutention de blocs.<\/p>\n","protected":false},"featured_media":13565,"comment_status":"open","ping_status":"closed","template":"","meta":{"_acf_changed":false,"_sitemap_exclude":false,"_sitemap_priority":"","_sitemap_frequency":""},"product_feature":[],"product_cat":[298],"product_tag":[],"class_list":{"0":"post-8263","1":"product","2":"type-product","3":"status-publish","4":"has-post-thumbnail","6":"product_cat-manutention-de-blocs","8":"first","9":"instock","10":"shipping-taxable","11":"product-type-simple"},"acf":[],"_links":{"self":[{"href":"https:\/\/bm-cat.com\/fr\/wp-json\/wp\/v2\/product\/8263","targetHints":{"allow":["GET"]}}],"collection":[{"href":"https:\/\/bm-cat.com\/fr\/wp-json\/wp\/v2\/product"}],"about":[{"href":"https:\/\/bm-cat.com\/fr\/wp-json\/wp\/v2\/types\/product"}],"replies":[{"embeddable":true,"href":"https:\/\/bm-cat.com\/fr\/wp-json\/wp\/v2\/comments?post=8263"}],"wp:featuredmedia":[{"embeddable":true,"href":"https:\/\/bm-cat.com\/fr\/wp-json\/wp\/v2\/media\/13565"}],"wp:attachment":[{"href":"https:\/\/bm-cat.com\/fr\/wp-json\/wp\/v2\/media?parent=8263"}],"wp:term":[{"taxonomy":"product_feature","embeddable":true,"href":"https:\/\/bm-cat.com\/fr\/wp-json\/wp\/v2\/product_feature?post=8263"},{"taxonomy":"product_cat","embeddable":true,"href":"https:\/\/bm-cat.com\/fr\/wp-json\/wp\/v2\/product_cat?post=8263"},{"taxonomy":"product_tag","embeddable":true,"href":"https:\/\/bm-cat.com\/fr\/wp-json\/wp\/v2\/product_tag?post=8263"}],"curies":[{"name":"wp","href":"https:\/\/api.w.org\/{rel}","templated":true}]}}