{"id":8274,"date":"2023-06-01T18:51:14","date_gmt":"2023-06-01T18:51:14","guid":{"rendered":"https:\/\/ppr.bm-cat.com\/fr\/product\/1676-mm-66-in\/"},"modified":"2025-03-19T11:55:52","modified_gmt":"2025-03-19T11:55:52","slug":"1676-mm-66-in","status":"publish","type":"product","link":"https:\/\/bm-cat.com\/fr\/product\/1676-mm-66-in\/","title":{"rendered":"1676 mm (66 in)"},"content":{"rendered":"<p>Les fourches \u00e0 grappin industrielles Cat\u00ae pour chargeurs Skid Steer, chargeurs \u00e0 cha\u00eenes compacts et chargeurs sur pneus compacts Cat sont con\u00e7ues pour manipuler facilement un large \u00e9ventail d&rsquo;objets   volumineux, en vrac et per\u00e7ants rencontr\u00e9s dans les secteurs de la d\u00e9molition, de l&rsquo;industrie, de la construction, du recyclage et d&rsquo;autres applications agressives.<\/p>\n","protected":false},"excerpt":{"rendered":"<p>Les fourches \u00e0 grappin industriel Cat\u00ae sont con\u00e7ues pour la manutention d&rsquo;un large \u00e9ventail de mat\u00e9riaux dans de nombreuses conditions de fonctionnement.<\/p>\n","protected":false},"featured_media":0,"comment_status":"open","ping_status":"closed","template":"","meta":{"_acf_changed":false,"_sitemap_exclude":false,"_sitemap_priority":"","_sitemap_frequency":""},"product_feature":[],"product_cat":[303],"product_tag":[],"class_list":{"0":"post-8274","1":"product","2":"type-product","3":"status-publish","5":"product_brand-caterpillar","6":"product_cat-fourches-a-grappin-industrielles","8":"first","9":"instock","10":"shipping-taxable","11":"product-type-simple"},"acf":[],"_links":{"self":[{"href":"https:\/\/bm-cat.com\/fr\/wp-json\/wp\/v2\/product\/8274","targetHints":{"allow":["GET"]}}],"collection":[{"href":"https:\/\/bm-cat.com\/fr\/wp-json\/wp\/v2\/product"}],"about":[{"href":"https:\/\/bm-cat.com\/fr\/wp-json\/wp\/v2\/types\/product"}],"replies":[{"embeddable":true,"href":"https:\/\/bm-cat.com\/fr\/wp-json\/wp\/v2\/comments?post=8274"}],"wp:attachment":[{"href":"https:\/\/bm-cat.com\/fr\/wp-json\/wp\/v2\/media?parent=8274"}],"wp:term":[{"taxonomy":"product_feature","embeddable":true,"href":"https:\/\/bm-cat.com\/fr\/wp-json\/wp\/v2\/product_feature?post=8274"},{"taxonomy":"product_cat","embeddable":true,"href":"https:\/\/bm-cat.com\/fr\/wp-json\/wp\/v2\/product_cat?post=8274"},{"taxonomy":"product_tag","embeddable":true,"href":"https:\/\/bm-cat.com\/fr\/wp-json\/wp\/v2\/product_tag?post=8274"}],"curies":[{"name":"wp","href":"https:\/\/api.w.org\/{rel}","templated":true}]}}