{"id":8339,"date":"2023-06-02T05:03:24","date_gmt":"2023-06-02T05:03:24","guid":{"rendered":"https:\/\/ppr.bm-cat.com\/fr\/product\/h130gc-s\/"},"modified":"2025-03-19T12:01:15","modified_gmt":"2025-03-19T12:01:15","slug":"h130gc-s","status":"publish","type":"product","link":"https:\/\/bm-cat.com\/fr\/product\/h130gc-s\/","title":{"rendered":"GC S H130"},"content":{"rendered":"<p>Les marteaux H130 GC S Cat\u00ae sont con\u00e7us pour la durabilit\u00e9 dans la fragmentation de roche et la d\u00e9molition de b\u00e9ton. Avec leur puissant circuit hydraulique et un acc\u00e8s rapide aux zones d&rsquo;entretien, les marteaux H130 GC S Cat contribuent \u00e0 augmenter la productivit\u00e9 globale et \u00e0 r\u00e9duire les co\u00fbts d&rsquo;entretien. Les marteaux H130 GC S Cat sont une solution polyvalente pour de nombreuses applications, y compris la construction de chauss\u00e9es, le creusement de tranch\u00e9es et la d\u00e9molition.<\/p>\n","protected":false},"excerpt":{"rendered":"<p>Les marteaux H130 GC S Cat\u00ae sont con\u00e7us pour la durabilit\u00e9 dans la fragmentation de roche et la d\u00e9molition de b\u00e9ton. Avec leur puissant circuit hydraulique et un acc\u00e8s rapide aux zones d&rsquo;entretien, les marteaux H130 GC S Cat contribuent \u00e0 augmenter la productivit\u00e9 globale et \u00e0 r\u00e9duire les co\u00fbts d&rsquo;entretien. Les marteaux H130 GC S Cat sont une solution polyvalente pour de nombreuses applications, y compris la construction de chauss\u00e9es, le creusement de tranch\u00e9es et la d\u00e9molition.<\/p>\n","protected":false},"featured_media":0,"comment_status":"open","ping_status":"closed","template":"","meta":{"_acf_changed":false,"_sitemap_exclude":false,"_sitemap_priority":"","_sitemap_frequency":""},"product_feature":[],"product_cat":[316],"product_tag":[],"class_list":{"0":"post-8339","1":"product","2":"type-product","3":"status-publish","5":"product_cat-marteaux-gc","7":"first","8":"instock","9":"shipping-taxable","10":"product-type-simple"},"acf":[],"_links":{"self":[{"href":"https:\/\/bm-cat.com\/fr\/wp-json\/wp\/v2\/product\/8339","targetHints":{"allow":["GET"]}}],"collection":[{"href":"https:\/\/bm-cat.com\/fr\/wp-json\/wp\/v2\/product"}],"about":[{"href":"https:\/\/bm-cat.com\/fr\/wp-json\/wp\/v2\/types\/product"}],"replies":[{"embeddable":true,"href":"https:\/\/bm-cat.com\/fr\/wp-json\/wp\/v2\/comments?post=8339"}],"wp:attachment":[{"href":"https:\/\/bm-cat.com\/fr\/wp-json\/wp\/v2\/media?parent=8339"}],"wp:term":[{"taxonomy":"product_feature","embeddable":true,"href":"https:\/\/bm-cat.com\/fr\/wp-json\/wp\/v2\/product_feature?post=8339"},{"taxonomy":"product_cat","embeddable":true,"href":"https:\/\/bm-cat.com\/fr\/wp-json\/wp\/v2\/product_cat?post=8339"},{"taxonomy":"product_tag","embeddable":true,"href":"https:\/\/bm-cat.com\/fr\/wp-json\/wp\/v2\/product_tag?post=8339"}],"curies":[{"name":"wp","href":"https:\/\/api.w.org\/{rel}","templated":true}]}}