{"id":8351,"date":"2023-06-02T05:03:56","date_gmt":"2023-06-02T05:03:56","guid":{"rendered":"https:\/\/ppr.bm-cat.com\/fr\/product\/h215-s\/"},"modified":"2025-03-19T12:03:39","modified_gmt":"2025-03-19T12:03:39","slug":"h215-s","status":"publish","type":"product","link":"https:\/\/bm-cat.com\/fr\/product\/h215-s\/","title":{"rendered":"H215 S"},"content":{"rendered":"<p>Les marteaux performances H215 S Cat\u00ae sont con\u00e7us pour la productivit\u00e9 dans la fragmentation de roche et la d\u00e9molition de b\u00e9ton. Avec leur puissant circuit hydraulique et un acc\u00e8s rapide aux zones d&rsquo;entretien, les marteaux performances H215 S Cat contribuent \u00e0 augmenter la productivit\u00e9 globale et \u00e0 r\u00e9duire les co\u00fbts d&rsquo;entretien. Les marteaux performances H215 S Cat sont une solution polyvalente pour de nombreuses applications, y compris la construction de chauss\u00e9es, le creusement de tranch\u00e9es et la d\u00e9molition.<\/p>\n","protected":false},"excerpt":{"rendered":"<p>Les marteaux performances H215 S Cat\u00ae sont con\u00e7us pour la productivit\u00e9 dans la fragmentation de roche et la d\u00e9molition de b\u00e9ton. Avec leur puissant circuit hydraulique et un acc\u00e8s rapide aux zones d&rsquo;entretien, les marteaux performances H215 S Cat contribuent \u00e0 augmenter la productivit\u00e9 globale et \u00e0 r\u00e9duire les co\u00fbts d&rsquo;entretien. Les marteaux performances H215 S Cat sont une solution polyvalente pour de nombreuses applications, y compris la construction de chauss\u00e9es, le creusement de tranch\u00e9es et la d\u00e9molition.<\/p>\n","protected":false},"featured_media":0,"comment_status":"open","ping_status":"closed","template":"","meta":{"_acf_changed":false,"_sitemap_exclude":false,"_sitemap_priority":"","_sitemap_frequency":""},"product_feature":[],"product_cat":[317],"product_tag":[],"class_list":{"0":"post-8351","1":"product","2":"type-product","3":"status-publish","5":"product_cat-marteaux-performances","7":"first","8":"instock","9":"shipping-taxable","10":"product-type-simple"},"acf":[],"_links":{"self":[{"href":"https:\/\/bm-cat.com\/fr\/wp-json\/wp\/v2\/product\/8351","targetHints":{"allow":["GET"]}}],"collection":[{"href":"https:\/\/bm-cat.com\/fr\/wp-json\/wp\/v2\/product"}],"about":[{"href":"https:\/\/bm-cat.com\/fr\/wp-json\/wp\/v2\/types\/product"}],"replies":[{"embeddable":true,"href":"https:\/\/bm-cat.com\/fr\/wp-json\/wp\/v2\/comments?post=8351"}],"wp:attachment":[{"href":"https:\/\/bm-cat.com\/fr\/wp-json\/wp\/v2\/media?parent=8351"}],"wp:term":[{"taxonomy":"product_feature","embeddable":true,"href":"https:\/\/bm-cat.com\/fr\/wp-json\/wp\/v2\/product_feature?post=8351"},{"taxonomy":"product_cat","embeddable":true,"href":"https:\/\/bm-cat.com\/fr\/wp-json\/wp\/v2\/product_cat?post=8351"},{"taxonomy":"product_tag","embeddable":true,"href":"https:\/\/bm-cat.com\/fr\/wp-json\/wp\/v2\/product_tag?post=8351"}],"curies":[{"name":"wp","href":"https:\/\/api.w.org\/{rel}","templated":true}]}}