{"id":8399,"date":"2023-06-02T05:30:37","date_gmt":"2023-06-02T05:30:37","guid":{"rendered":"https:\/\/ppr.bm-cat.com\/fr\/product\/2137-mm-84-in\/"},"modified":"2024-03-05T17:06:17","modified_gmt":"2024-03-05T17:06:17","slug":"2137-mm-84-in","status":"publish","type":"product","link":"https:\/\/bm-cat.com\/fr\/product\/2137-mm-84-in\/","title":{"rendered":"2137 mm (84 in)"},"content":{"rendered":"<p>Les r\u00e2teaux-grappin industriels Cat\u00ae conviennent parfaitement au nettoyage des d\u00e9bris apr\u00e8s une temp\u00eate et au d\u00e9frichement, gr\u00e2ce \u00e0 leur conception pr\u00e9voyant un fond ouvert qui permet aux mat\u00e9riaux ind\u00e9sirables d&rsquo;\u00eatre filtr\u00e9s et de sortir par le fond de l&rsquo;outil de travail.<\/p>\n","protected":false},"excerpt":{"rendered":"<p>Con\u00e7us pour faciliter la manutention d&rsquo;une large vari\u00e9t\u00e9 d&rsquo;objets per\u00e7ants ou aux formes irr\u00e9guli\u00e8res que l&rsquo;on trouve dans des applications industrielles, de d\u00e9molition, de construction, de recyclage, de nettoyage de d\u00e9bris apr\u00e8s une temp\u00eate, d&rsquo;am\u00e9nagement paysager ou autres applications agressives.<\/p>\n","protected":false},"featured_media":0,"comment_status":"open","ping_status":"closed","template":"","meta":{"_acf_changed":false,"_sitemap_exclude":false,"_sitemap_priority":"","_sitemap_frequency":""},"product_feature":[],"product_cat":[333],"product_tag":[],"class_list":{"0":"post-8399","1":"product","2":"type-product","3":"status-publish","5":"product_cat-rateaux-grappin-industriels","7":"first","8":"instock","9":"shipping-taxable","10":"product-type-simple"},"acf":[],"_links":{"self":[{"href":"https:\/\/bm-cat.com\/fr\/wp-json\/wp\/v2\/product\/8399","targetHints":{"allow":["GET"]}}],"collection":[{"href":"https:\/\/bm-cat.com\/fr\/wp-json\/wp\/v2\/product"}],"about":[{"href":"https:\/\/bm-cat.com\/fr\/wp-json\/wp\/v2\/types\/product"}],"replies":[{"embeddable":true,"href":"https:\/\/bm-cat.com\/fr\/wp-json\/wp\/v2\/comments?post=8399"}],"wp:attachment":[{"href":"https:\/\/bm-cat.com\/fr\/wp-json\/wp\/v2\/media?parent=8399"}],"wp:term":[{"taxonomy":"product_feature","embeddable":true,"href":"https:\/\/bm-cat.com\/fr\/wp-json\/wp\/v2\/product_feature?post=8399"},{"taxonomy":"product_cat","embeddable":true,"href":"https:\/\/bm-cat.com\/fr\/wp-json\/wp\/v2\/product_cat?post=8399"},{"taxonomy":"product_tag","embeddable":true,"href":"https:\/\/bm-cat.com\/fr\/wp-json\/wp\/v2\/product_tag?post=8399"}],"curies":[{"name":"wp","href":"https:\/\/api.w.org\/{rel}","templated":true}]}}