{"id":8448,"date":"2023-06-02T05:56:11","date_gmt":"2023-06-02T05:56:11","guid":{"rendered":"https:\/\/ppr.bm-cat.com\/fr\/product\/366-m-12-ft-9\/"},"modified":"2025-02-10T15:17:16","modified_gmt":"2025-02-10T15:17:16","slug":"366-m-12-ft-9","status":"publish","type":"product","link":"https:\/\/bm-cat.com\/fr\/product\/366-m-12-ft-9\/","title":{"rendered":"3,66 m (12 ft)"},"content":{"rendered":"<p>Les chasse-neige en ligne droite Cat\u00ae sont con\u00e7us pour un d\u00e9neigement optimal ou toute autre application consistant \u00e0 pousser des mat\u00e9riaux. Les applications de d\u00e9neigement sont vari\u00e9es : par exemple, aires de stationnement, all\u00e9es, pistes d&rsquo;a\u00e9roport et aires de stockage. Con\u00e7us pour d\u00e9gager et rabattre la neige avec un bouclier profil\u00e9, le chasse-neige en ligne droite optimise la quantit\u00e9 de neige pouss\u00e9e. Une fois que le mat\u00e9riau est contenu et d\u00e9plac\u00e9, des supports en caisson profil\u00e9s emp\u00eachent la neige d&rsquo;accrocher \u00e0 l&rsquo;outil, ce qui accro\u00eet la productivit\u00e9. Le chasse-neige en ligne droite Cat est \u00e9quip\u00e9 de s\u00e9rie d&rsquo;un syst\u00e8me de lames mobiles qui prot\u00e8ge votre machine et vos outils des obstacles non visibles.<\/p>\n","protected":false},"excerpt":{"rendered":"<p>Sa conception unique permet un d\u00e9neigement efficace en moins de passages et une r\u00e9duction de l&rsquo;accumulation de sel.<\/p>\n","protected":false},"featured_media":0,"comment_status":"open","ping_status":"closed","template":"","meta":{"_acf_changed":false,"_sitemap_exclude":false,"_sitemap_priority":"","_sitemap_frequency":""},"product_feature":[],"product_cat":[339,603,594,338],"product_tag":[],"class_list":{"0":"post-8448","1":"product","2":"type-product","3":"status-publish","5":"product_brand-caterpillar","6":"product_cat-chasse-neiges-en-ligne-droite","7":"product_cat-chargeurs-frontaux-moins-17-tonnes","8":"product_cat-routes","9":"product_cat-produits-de-deneigement","11":"first","12":"instock","13":"shipping-taxable","14":"product-type-simple"},"acf":[],"_links":{"self":[{"href":"https:\/\/bm-cat.com\/fr\/wp-json\/wp\/v2\/product\/8448","targetHints":{"allow":["GET"]}}],"collection":[{"href":"https:\/\/bm-cat.com\/fr\/wp-json\/wp\/v2\/product"}],"about":[{"href":"https:\/\/bm-cat.com\/fr\/wp-json\/wp\/v2\/types\/product"}],"replies":[{"embeddable":true,"href":"https:\/\/bm-cat.com\/fr\/wp-json\/wp\/v2\/comments?post=8448"}],"wp:attachment":[{"href":"https:\/\/bm-cat.com\/fr\/wp-json\/wp\/v2\/media?parent=8448"}],"wp:term":[{"taxonomy":"product_feature","embeddable":true,"href":"https:\/\/bm-cat.com\/fr\/wp-json\/wp\/v2\/product_feature?post=8448"},{"taxonomy":"product_cat","embeddable":true,"href":"https:\/\/bm-cat.com\/fr\/wp-json\/wp\/v2\/product_cat?post=8448"},{"taxonomy":"product_tag","embeddable":true,"href":"https:\/\/bm-cat.com\/fr\/wp-json\/wp\/v2\/product_tag?post=8448"}],"curies":[{"name":"wp","href":"https:\/\/api.w.org\/{rel}","templated":true}]}}