{"id":8513,"date":"2023-06-02T07:42:48","date_gmt":"2023-06-02T07:42:48","guid":{"rendered":"https:\/\/ppr.bm-cat.com\/fr\/product\/systeme-cat-detect-avec-stability-assist\/"},"modified":"2024-03-05T15:57:17","modified_gmt":"2024-03-05T15:57:17","slug":"systeme-cat-detect-avec-stability-assist","status":"publish","type":"product","link":"https:\/\/bm-cat.com\/fr\/product\/systeme-cat-detect-avec-stability-assist\/","title":{"rendered":"Syst\u00e8me Cat Detect avec Stability Assist"},"content":{"rendered":"<p>Le syst\u00e8me Cat Detect avec Stability Assist am\u00e9liore la perception de la stabilit\u00e9 de la machine pendant son utilisation en avertissant le conducteur si la machine s&rsquo;approche d&rsquo;un angle dangereux, ce qui accro\u00eet au bout du compte la s\u00e9curit\u00e9 et la disponibilit\u00e9 de la machine.<\/p>\n","protected":false},"excerpt":{"rendered":"<p>Le syst\u00e8me Cat Detect avec Stability Assist am\u00e9liore la perception de la stabilit\u00e9 de la machine pendant son utilisation en avertissant le conducteur si la machine s&rsquo;approche d&rsquo;un angle dangereux, ce qui accro\u00eet au bout du compte la s\u00e9curit\u00e9 et la disponibilit\u00e9 de la machine.<\/p>\n","protected":false},"featured_media":0,"comment_status":"open","ping_status":"closed","template":"","meta":{"_acf_changed":false,"_sitemap_exclude":false,"_sitemap_priority":"","_sitemap_frequency":""},"product_feature":[],"product_cat":[526],"product_tag":[],"class_list":{"0":"post-8513","1":"product","2":"type-product","3":"status-publish","5":"product_cat-assist-assist","7":"first","8":"instock","9":"shipping-taxable","10":"product-type-simple"},"acf":[],"_links":{"self":[{"href":"https:\/\/bm-cat.com\/fr\/wp-json\/wp\/v2\/product\/8513","targetHints":{"allow":["GET"]}}],"collection":[{"href":"https:\/\/bm-cat.com\/fr\/wp-json\/wp\/v2\/product"}],"about":[{"href":"https:\/\/bm-cat.com\/fr\/wp-json\/wp\/v2\/types\/product"}],"replies":[{"embeddable":true,"href":"https:\/\/bm-cat.com\/fr\/wp-json\/wp\/v2\/comments?post=8513"}],"wp:attachment":[{"href":"https:\/\/bm-cat.com\/fr\/wp-json\/wp\/v2\/media?parent=8513"}],"wp:term":[{"taxonomy":"product_feature","embeddable":true,"href":"https:\/\/bm-cat.com\/fr\/wp-json\/wp\/v2\/product_feature?post=8513"},{"taxonomy":"product_cat","embeddable":true,"href":"https:\/\/bm-cat.com\/fr\/wp-json\/wp\/v2\/product_cat?post=8513"},{"taxonomy":"product_tag","embeddable":true,"href":"https:\/\/bm-cat.com\/fr\/wp-json\/wp\/v2\/product_tag?post=8513"}],"curies":[{"name":"wp","href":"https:\/\/api.w.org\/{rel}","templated":true}]}}