{"id":8529,"date":"2023-06-02T07:43:12","date_gmt":"2023-06-02T07:43:12","guid":{"rendered":"https:\/\/ppr.bm-cat.com\/fr\/product\/cat-grade-avec-pente-transversale-pour-niveleuses\/"},"modified":"2024-03-05T15:57:34","modified_gmt":"2024-03-05T15:57:34","slug":"cat-grade-avec-pente-transversale-pour-niveleuses","status":"publish","type":"product","link":"https:\/\/bm-cat.com\/fr\/product\/cat-grade-avec-pente-transversale-pour-niveleuses\/","title":{"rendered":"Cat GRADE avec pente transversale pour niveleuses"},"content":{"rendered":"<p>Cat\u00ae Grade avec pente transversale est un syst\u00e8me int\u00e9gr\u00e9 qui permet aux conducteurs de niveler plus rapidement et avec plus de pr\u00e9cision par l&rsquo;automatisation de la pente transversale de la lame. R\u00e9sultat\u00a0: ils sont plus productifs pour une dur\u00e9e de travail identique.<\/p>\n","protected":false},"excerpt":{"rendered":"<p>Cat\u00ae GRADE avec pente transversale est un syst\u00e8me int\u00e9gr\u00e9 qui recourt \u00e0 l&rsquo;automatisation de la pente transversale de la lame pour permettre aux conducteurs de niveleuse d&rsquo;obtenir un nivellement plus pr\u00e9cis, plus rapidement. R\u00e9sultat\u00a0: ils sont plus productifs pour une dur\u00e9e de travail identique. Le syst\u00e8me permet \u00e9galement d&rsquo;\u00e9conomiser sur la consommation de carburant et sur la quantit\u00e9 de mat\u00e9riaux utilis\u00e9s, qui peut \u00eatre r\u00e9duite de 40\u00a0%.<\/p>\n","protected":false},"featured_media":0,"comment_status":"open","ping_status":"closed","template":"","meta":{"_acf_changed":false,"_sitemap_exclude":false,"_sitemap_priority":"","_sitemap_frequency":""},"product_feature":[],"product_cat":[531],"product_tag":[],"class_list":{"0":"post-8529","1":"product","2":"type-product","3":"status-publish","5":"product_cat-grade-grade","7":"first","8":"instock","9":"shipping-taxable","10":"product-type-simple"},"acf":[],"_links":{"self":[{"href":"https:\/\/bm-cat.com\/fr\/wp-json\/wp\/v2\/product\/8529","targetHints":{"allow":["GET"]}}],"collection":[{"href":"https:\/\/bm-cat.com\/fr\/wp-json\/wp\/v2\/product"}],"about":[{"href":"https:\/\/bm-cat.com\/fr\/wp-json\/wp\/v2\/types\/product"}],"replies":[{"embeddable":true,"href":"https:\/\/bm-cat.com\/fr\/wp-json\/wp\/v2\/comments?post=8529"}],"wp:attachment":[{"href":"https:\/\/bm-cat.com\/fr\/wp-json\/wp\/v2\/media?parent=8529"}],"wp:term":[{"taxonomy":"product_feature","embeddable":true,"href":"https:\/\/bm-cat.com\/fr\/wp-json\/wp\/v2\/product_feature?post=8529"},{"taxonomy":"product_cat","embeddable":true,"href":"https:\/\/bm-cat.com\/fr\/wp-json\/wp\/v2\/product_cat?post=8529"},{"taxonomy":"product_tag","embeddable":true,"href":"https:\/\/bm-cat.com\/fr\/wp-json\/wp\/v2\/product_tag?post=8529"}],"curies":[{"name":"wp","href":"https:\/\/api.w.org\/{rel}","templated":true}]}}