{"id":23923,"date":"2024-05-13T08:24:09","date_gmt":"2024-05-13T08:24:09","guid":{"rendered":"https:\/\/bm-cat.com\/pl\/?page_id=23923"},"modified":"2024-05-13T12:29:48","modified_gmt":"2024-05-13T12:29:48","slug":"spycharki-cat","status":"publish","type":"page","link":"https:\/\/bm-cat.com\/pl\/kampania\/spycharki-cat\/","title":{"rendered":"Spycharki Cat"},"content":{"rendered":"<p>Spycharki Cat oferuj\u0105 uniwersalno\u015b\u0107 i wydajno\u015b\u0107, kt\u00f3re pozwalaj\u0105 na przenoszenie wi\u0119kszej ilo\u015bci materia\u0142u w kr\u00f3tszym czasie. Niskie zu\u017cycie paliwa i funkcje u\u0142atwiaj\u0105ce serwisowanie i konserwacj\u0119 pomagaj\u0105 zmniejszy\u0107 ca\u0142kowite koszty posiadania i eksploatacji. Ponadto fabrycznie zintegrowane funkcje technologii GRADE pozwalaj\u0105 na jeszcze szybsze wykonanie pracy \u2014 od pierwszego przejazdu po prace wyko\u0144czeniowe \u2014 przy mniejszej zale\u017cno\u015bci od dzia\u0142a\u0144 operatora.<\/p>\n","protected":false},"excerpt":{"rendered":"<p>Spycharki Cat oferuj\u0105 uniwersalno\u015b\u0107 i wydajno\u015b\u0107, kt\u00f3re pozwalaj\u0105 na przenoszenie wi\u0119kszej ilo\u015bci materia\u0142u w kr\u00f3tszym czasie. Niskie zu\u017cycie paliwa i funkcje u\u0142atwiaj\u0105ce serwisowanie i konserwacj\u0119 pomagaj\u0105 zmniejszy\u0107 ca\u0142kowite koszty posiadania i eksploatacji. Ponadto fabrycznie zintegrowane funkcje technologii GRADE pozwalaj\u0105 na jeszcze szybsze wykonanie pracy \u2014 od pierwszego przejazdu po prace wyko\u0144czeniowe \u2014 przy mniejszej zale\u017cno\u015bci [&hellip;]<\/p>\n","protected":false},"author":22,"featured_media":0,"parent":18063,"menu_order":0,"comment_status":"closed","ping_status":"closed","template":"templates\/main.php","meta":{"_acf_changed":false,"_sitemap_exclude":false,"_sitemap_priority":"","_sitemap_frequency":"","footnotes":""},"class_list":["post-23923","page","type-page","status-publish","hentry"],"acf":[],"_links":{"self":[{"href":"https:\/\/bm-cat.com\/pl\/wp-json\/wp\/v2\/pages\/23923","targetHints":{"allow":["GET"]}}],"collection":[{"href":"https:\/\/bm-cat.com\/pl\/wp-json\/wp\/v2\/pages"}],"about":[{"href":"https:\/\/bm-cat.com\/pl\/wp-json\/wp\/v2\/types\/page"}],"author":[{"embeddable":true,"href":"https:\/\/bm-cat.com\/pl\/wp-json\/wp\/v2\/users\/22"}],"replies":[{"embeddable":true,"href":"https:\/\/bm-cat.com\/pl\/wp-json\/wp\/v2\/comments?post=23923"}],"version-history":[{"count":35,"href":"https:\/\/bm-cat.com\/pl\/wp-json\/wp\/v2\/pages\/23923\/revisions"}],"predecessor-version":[{"id":23968,"href":"https:\/\/bm-cat.com\/pl\/wp-json\/wp\/v2\/pages\/23923\/revisions\/23968"}],"up":[{"embeddable":true,"href":"https:\/\/bm-cat.com\/pl\/wp-json\/wp\/v2\/pages\/18063"}],"wp:attachment":[{"href":"https:\/\/bm-cat.com\/pl\/wp-json\/wp\/v2\/media?parent=23923"}],"curies":[{"name":"wp","href":"https:\/\/api.w.org\/{rel}","templated":true}]}}