{"id":31575,"date":"2025-03-25T10:48:55","date_gmt":"2025-03-25T09:48:55","guid":{"rendered":"https:\/\/bm-cat.com\/pl\/?page_id=31575"},"modified":"2026-03-17T08:19:53","modified_gmt":"2026-03-17T07:19:53","slug":"lodz","status":"publish","type":"page","link":"https:\/\/bm-cat.com\/pl\/lodz\/","title":{"rendered":"\u0141\u00f3d\u017a"},"content":{"rendered":"","protected":false},"excerpt":{"rendered":"","protected":false},"author":22,"featured_media":0,"parent":0,"menu_order":0,"comment_status":"closed","ping_status":"closed","template":"templates\/main.php","meta":{"_acf_changed":false,"_sitemap_exclude":false,"_sitemap_priority":"","_sitemap_frequency":"","footnotes":""},"class_list":["post-31575","page","type-page","status-publish","hentry"],"acf":[],"_links":{"self":[{"href":"https:\/\/bm-cat.com\/pl\/wp-json\/wp\/v2\/pages\/31575","targetHints":{"allow":["GET"]}}],"collection":[{"href":"https:\/\/bm-cat.com\/pl\/wp-json\/wp\/v2\/pages"}],"about":[{"href":"https:\/\/bm-cat.com\/pl\/wp-json\/wp\/v2\/types\/page"}],"author":[{"embeddable":true,"href":"https:\/\/bm-cat.com\/pl\/wp-json\/wp\/v2\/users\/22"}],"replies":[{"embeddable":true,"href":"https:\/\/bm-cat.com\/pl\/wp-json\/wp\/v2\/comments?post=31575"}],"version-history":[{"count":8,"href":"https:\/\/bm-cat.com\/pl\/wp-json\/wp\/v2\/pages\/31575\/revisions"}],"predecessor-version":[{"id":39675,"href":"https:\/\/bm-cat.com\/pl\/wp-json\/wp\/v2\/pages\/31575\/revisions\/39675"}],"wp:attachment":[{"href":"https:\/\/bm-cat.com\/pl\/wp-json\/wp\/v2\/media?parent=31575"}],"curies":[{"name":"wp","href":"https:\/\/api.w.org\/{rel}","templated":true}]}}