{"id":14468,"date":"2023-11-28T19:33:48","date_gmt":"2023-11-28T19:33:48","guid":{"rendered":"https:\/\/ppr.bm-cat.com\/pl\/product\/md6200\/"},"modified":"2024-03-05T18:09:54","modified_gmt":"2024-03-05T18:09:54","slug":"md6200","status":"publish","type":"product","link":"https:\/\/bm-cat.com\/pl\/produkt\/md6200\/","title":{"rendered":"MD6200"},"content":{"rendered":"<p>Wiertnica Cat\u00ae MD6200 ma najmniejszy transportowy profil maszyny spo\u015br\u00f3d wszystkich wiertnic w swojej klasie. Mo\u017ce by\u0107 transportowana po drodze z za\u0142o\u017conym masztem, co oznacza, \u017ce wystarczy ni\u0105 po prostu wjecha\u0107 na ci\u0119\u017car\u00f3wk\u0119, gdy nadejdzie czas przeniesienia si\u0119 w inne miejsce. Ponadto niewielki profil transportowy umo\u017cliwia szybsze ustawienie wiertnicy, skracaj\u0105c czas pozycjonowania maszyny na terenie odwiertu i poruszania si\u0119 mi\u0119dzy otworami. Ponadgabarytowe podwozie w stylu koparki Cat 336 zapewnia najlepsz\u0105 w tej klasie si\u0142\u0119 poci\u0105gow\u0105 i uci\u0105g na belce zaczepowej oraz wytrzymuje najtrudniejsze warunki na budowie. MD6200, maszyna zaprojektowana do wiercenia otwor\u00f3w o \u015brednicy od 127 do 200 mm (5,0\u20137,87 cala), jest zoptymalizowana do wiercenia w jednym lub w kilku cyklach, w trybie obrotowym i wg\u0142\u0119bnym.<\/p>\n","protected":false},"excerpt":{"rendered":"<p>Wiertnica Cat<sup>\u00ae<\/sup> MD6200 ma najmniejszy transportowy profil maszyny spo\u015br\u00f3d wszystkich wiertnic w swojej klasie. Mo\u017ce by\u0107 transportowana po drodze z za\u0142o\u017conym masztem, co oznacza, \u017ce wystarczy ni\u0105 po prostu wjecha\u0107 na ci\u0119\u017car\u00f3wk\u0119, gdy nadejdzie czas przeniesienia si\u0119 w inne miejsce. Ponadto niewielki profil transportowy umo\u017cliwia szybsze ustawienie wiertnicy, skracaj\u0105c czas pozycjonowania maszyny na terenie odwiertu i poruszania si\u0119 mi\u0119dzy otworami. Ponadgabarytowe podwozie w stylu koparki Cat 336 zapewnia najlepsz\u0105 w tej klasie si\u0142\u0119 poci\u0105gow\u0105 i uci\u0105g na belce zaczepowej oraz wytrzymuje najtrudniejsze warunki na budowie. MD6200, maszyna zaprojektowana do wiercenia otwor\u00f3w o \u015brednicy od 127 do 200 mm (5,0\u20137,87 cala), jest zoptymalizowana do wiercenia w jednym lub w kilku cyklach, w trybie obrotowym i wg\u0142\u0119bnym.<\/p>\n","protected":false},"featured_media":0,"comment_status":"open","ping_status":"closed","template":"","meta":{"_acf_changed":false,"_sitemap_exclude":false,"_sitemap_priority":"","_sitemap_frequency":""},"product_feature":[],"product_cat":[507],"product_tag":[],"class_list":{"0":"post-14468","1":"product","2":"type-product","3":"status-publish","5":"product_cat-wiertnice-obrotowe","7":"first","8":"instock","9":"shipping-taxable","10":"product-type-simple"},"acf":[],"_links":{"self":[{"href":"https:\/\/bm-cat.com\/pl\/wp-json\/wp\/v2\/product\/14468","targetHints":{"allow":["GET"]}}],"collection":[{"href":"https:\/\/bm-cat.com\/pl\/wp-json\/wp\/v2\/product"}],"about":[{"href":"https:\/\/bm-cat.com\/pl\/wp-json\/wp\/v2\/types\/product"}],"replies":[{"embeddable":true,"href":"https:\/\/bm-cat.com\/pl\/wp-json\/wp\/v2\/comments?post=14468"}],"wp:attachment":[{"href":"https:\/\/bm-cat.com\/pl\/wp-json\/wp\/v2\/media?parent=14468"}],"wp:term":[{"taxonomy":"product_feature","embeddable":true,"href":"https:\/\/bm-cat.com\/pl\/wp-json\/wp\/v2\/product_feature?post=14468"},{"taxonomy":"product_cat","embeddable":true,"href":"https:\/\/bm-cat.com\/pl\/wp-json\/wp\/v2\/product_cat?post=14468"},{"taxonomy":"product_tag","embeddable":true,"href":"https:\/\/bm-cat.com\/pl\/wp-json\/wp\/v2\/product_tag?post=14468"}],"curies":[{"name":"wp","href":"https:\/\/api.w.org\/{rel}","templated":true}]}}