{"id":14598,"date":"2023-11-29T03:28:43","date_gmt":"2023-11-29T03:28:43","guid":{"rendered":"https:\/\/ppr.bm-cat.com\/pl\/product\/ad45\/"},"modified":"2024-03-05T18:11:53","modified_gmt":"2024-03-05T18:11:53","slug":"ad45","status":"publish","type":"product","link":"https:\/\/bm-cat.com\/pl\/produkt\/ad45\/","title":{"rendered":"AD45"},"content":{"rendered":"<p>Wozid\u0142o przegubowe do pracy pod ziemi\u0105 AD45 Cat\u00ae zapewnia moc, wydajno\u015b\u0107 i niezawodno\u015b\u0107, kt\u00f3rej oczekujesz od serii AD45, ale najnowszy model posiada r\u00f3wnie\u017c zaawansowany silnik zgodny z norm\u0105 EU Stage V oraz system oczyszczania spalin, kt\u00f3ry spe\u0142nia najsurowsze normy emisji, obni\u017ca emisj\u0119 dwutlenku w\u0119gla i poprawia jako\u015b\u0107 powietrza w kopalni. Ponadto dost\u0119pne jest rozwi\u0105zanie umo\u017cliwiaj\u0105ce modernizacj\u0119 poprzedniego modelu, AD45B, aby spe\u0142nia\u0142 te same surowe normy. Ta niezwykle przyjazna dla \u015brodowiska maszyna z silnikiem diesla zapewnia najwy\u017csz\u0105 wydajno\u015b\u0107 dzi\u0119ki idealnemu dopasowaniu do nowej generacji \u0142adowarki g\u00f3rniczej Cat R1700. Jest ona wyposa\u017cona w zaawansowane technologicznie funkcje, kt\u00f3re zwi\u0119kszaj\u0105 produktywno\u015b\u0107, wyd\u0142u\u017caj\u0105 czas pracy maszyny oraz zapewniaj\u0105 bezpiecze\u0144stwo operator\u00f3w i personelu.<\/p>\n","protected":false},"excerpt":{"rendered":"<p>Wozid\u0142o przegubowe do pracy pod ziemi\u0105 AD45 Cat<sup>\u00ae<\/sup> zapewnia moc, wydajno\u015b\u0107 i niezawodno\u015b\u0107, kt\u00f3rej oczekujesz od serii AD45, ale najnowszy model posiada r\u00f3wnie\u017c zaawansowany silnik zgodny z norm\u0105 EU Stage V oraz system oczyszczania spalin, kt\u00f3ry spe\u0142nia najsurowsze normy emisji, obni\u017ca emisj\u0119 dwutlenku w\u0119gla i poprawia jako\u015b\u0107 powietrza w kopalni. Ponadto dost\u0119pne jest rozwi\u0105zanie umo\u017cliwiaj\u0105ce modernizacj\u0119 poprzedniego modelu, AD45B, aby spe\u0142nia\u0142 te same surowe normy. Ta niezwykle przyjazna dla \u015brodowiska maszyna z silnikiem diesla zapewnia najwy\u017csz\u0105 wydajno\u015b\u0107 dzi\u0119ki idealnemu dopasowaniu do nowej generacji \u0142adowarki g\u00f3rniczej Cat R1700. Jest ona wyposa\u017cona w zaawansowane technologicznie funkcje, kt\u00f3re zwi\u0119kszaj\u0105 produktywno\u015b\u0107, wyd\u0142u\u017caj\u0105 czas pracy maszyny oraz zapewniaj\u0105 bezpiecze\u0144stwo operator\u00f3w i personelu.<\/p>\n","protected":false},"featured_media":0,"comment_status":"open","ping_status":"closed","template":"","meta":{"_acf_changed":false,"_sitemap_exclude":false,"_sitemap_priority":"","_sitemap_frequency":""},"product_feature":[],"product_cat":[524],"product_tag":[],"class_list":{"0":"post-14598","1":"product","2":"type-product","3":"status-publish","5":"product_cat-wozy-gornicze-do-pracy-pod-ziemia","7":"first","8":"instock","9":"shipping-taxable","10":"product-type-simple"},"acf":[],"_links":{"self":[{"href":"https:\/\/bm-cat.com\/pl\/wp-json\/wp\/v2\/product\/14598","targetHints":{"allow":["GET"]}}],"collection":[{"href":"https:\/\/bm-cat.com\/pl\/wp-json\/wp\/v2\/product"}],"about":[{"href":"https:\/\/bm-cat.com\/pl\/wp-json\/wp\/v2\/types\/product"}],"replies":[{"embeddable":true,"href":"https:\/\/bm-cat.com\/pl\/wp-json\/wp\/v2\/comments?post=14598"}],"wp:attachment":[{"href":"https:\/\/bm-cat.com\/pl\/wp-json\/wp\/v2\/media?parent=14598"}],"wp:term":[{"taxonomy":"product_feature","embeddable":true,"href":"https:\/\/bm-cat.com\/pl\/wp-json\/wp\/v2\/product_feature?post=14598"},{"taxonomy":"product_cat","embeddable":true,"href":"https:\/\/bm-cat.com\/pl\/wp-json\/wp\/v2\/product_cat?post=14598"},{"taxonomy":"product_tag","embeddable":true,"href":"https:\/\/bm-cat.com\/pl\/wp-json\/wp\/v2\/product_tag?post=14598"}],"curies":[{"name":"wp","href":"https:\/\/api.w.org\/{rel}","templated":true}]}}