{"id":15196,"date":"2023-11-29T17:24:33","date_gmt":"2023-11-29T17:24:33","guid":{"rendered":"https:\/\/ppr.bm-cat.com\/pl\/product\/c15-obudowa-wyciszajaca-50-i-60-hz\/"},"modified":"2024-03-26T03:03:54","modified_gmt":"2024-03-26T03:03:54","slug":"c15-obudowa-wyciszajaca-50-i-60-hz","status":"publish","type":"product","link":"https:\/\/bm-cat.com\/pl\/produkt\/c15-obudowa-wyciszajaca-50-i-60-hz\/","title":{"rendered":"C15 \u2014 obudowa wyciszaj\u0105ca 50 i 60 Hz"},"content":{"rendered":"<p>Wyciszaj\u0105ce obudowy montowane fabrycznie zawieraj\u0105 wewn\u0119trzne t\u0142umiki lub t\u0142umiki poziomu nadkrytycznego. Maj\u0105 one zapewnia\u0107 odpowiedni\u0105 ochron\u0119 i estetyk\u0119 zbiornik\u00f3w paliwa zintegrowanych w podstawie lub opcjonalnych dwu\u015bciankowych zbiornik\u00f3w paliwa zintegrowanych w podstawie, zapobiegaj\u0105cych wyciekom wszelkich p\u0142yn\u00f3w. Te obudowy maj\u0105 wyj\u0105tkowo wytrzyma\u0142\u0105 konstrukcj\u0119 odporn\u0105 na warunki atmosferyczne i zapewniaj\u0105c\u0105 ochron\u0119 przed nimi<\/p>\n","protected":false},"excerpt":{"rendered":"<p>Wyciszaj\u0105ce obudowy montowane fabrycznie zawieraj\u0105 wewn\u0119trzne t\u0142umiki lub t\u0142umiki poziomu nadkrytycznego. Maj\u0105 one zapewnia\u0107 odpowiedni\u0105 ochron\u0119 i estetyk\u0119 zbiornik\u00f3w paliwa zintegrowanych w podstawie lub opcjonalnych dwu\u015bciankowych zbiornik\u00f3w paliwa zintegrowanych w podstawie, zapobiegaj\u0105cych wyciekom wszelkich p\u0142yn\u00f3w.<\/p>\n","protected":false},"featured_media":0,"comment_status":"open","ping_status":"closed","template":"","meta":{"_acf_changed":false,"_sitemap_exclude":false,"_sitemap_priority":"","_sitemap_frequency":""},"product_feature":[],"product_cat":[590],"product_tag":[],"class_list":{"0":"post-15196","1":"product","2":"type-product","3":"status-publish","5":"product_cat-obudowy","7":"first","8":"instock","9":"shipping-taxable","10":"product-type-simple"},"acf":[],"_links":{"self":[{"href":"https:\/\/bm-cat.com\/pl\/wp-json\/wp\/v2\/product\/15196","targetHints":{"allow":["GET"]}}],"collection":[{"href":"https:\/\/bm-cat.com\/pl\/wp-json\/wp\/v2\/product"}],"about":[{"href":"https:\/\/bm-cat.com\/pl\/wp-json\/wp\/v2\/types\/product"}],"replies":[{"embeddable":true,"href":"https:\/\/bm-cat.com\/pl\/wp-json\/wp\/v2\/comments?post=15196"}],"wp:attachment":[{"href":"https:\/\/bm-cat.com\/pl\/wp-json\/wp\/v2\/media?parent=15196"}],"wp:term":[{"taxonomy":"product_feature","embeddable":true,"href":"https:\/\/bm-cat.com\/pl\/wp-json\/wp\/v2\/product_feature?post=15196"},{"taxonomy":"product_cat","embeddable":true,"href":"https:\/\/bm-cat.com\/pl\/wp-json\/wp\/v2\/product_cat?post=15196"},{"taxonomy":"product_tag","embeddable":true,"href":"https:\/\/bm-cat.com\/pl\/wp-json\/wp\/v2\/product_tag?post=15196"}],"curies":[{"name":"wp","href":"https:\/\/api.w.org\/{rel}","templated":true}]}}