{"id":22744,"date":"2024-04-09T03:35:15","date_gmt":"2024-04-09T03:35:15","guid":{"rendered":"https:\/\/bm-cat.com\/pl\/produkt\/minikoparki-hydrauliczne-8-ton\/"},"modified":"2024-04-09T03:35:24","modified_gmt":"2024-04-09T03:35:24","slug":"minikoparki-hydrauliczne-8-ton","status":"publish","type":"product","link":"https:\/\/bm-cat.com\/pl\/produkt\/minikoparki-hydrauliczne-8-ton\/","title":{"rendered":"Minikoparki hydrauliczne 8 ton"},"content":{"rendered":"<p>Z\u0142\u0105cza osprz\u0119tu z uchwytem sworzniowym Dual Lock\u2122 Cat\u00ae umo\u017cliwiaj\u0105 szybk\u0105 wymian\u0119 osprz\u0119tu roboczego \u2014 z korzy\u015bci\u0105 dla og\u00f3lnej wydajno\u015bci pracy i wszechstronno\u015bci maszyny.<\/p>\n","protected":false},"excerpt":{"rendered":"<p>Zwi\u0119kszenie wszechstronno\u015bci maszyny i og\u00f3lnej wydajno\u015bci pracy<\/p>\n","protected":false},"featured_media":0,"comment_status":"open","ping_status":"closed","template":"","meta":{"_acf_changed":false,"_sitemap_exclude":false,"_sitemap_priority":"","_sitemap_frequency":""},"product_feature":[],"product_cat":[795],"product_tag":[],"class_list":{"0":"post-22744","1":"product","2":"type-product","3":"status-publish","5":"product_cat-zlacza-osprzetu-z-uchwytem-sworzniowym-dual-lock-minikoparka","7":"first","8":"instock","9":"shipping-taxable","10":"product-type-simple"},"acf":[],"_links":{"self":[{"href":"https:\/\/bm-cat.com\/pl\/wp-json\/wp\/v2\/product\/22744","targetHints":{"allow":["GET"]}}],"collection":[{"href":"https:\/\/bm-cat.com\/pl\/wp-json\/wp\/v2\/product"}],"about":[{"href":"https:\/\/bm-cat.com\/pl\/wp-json\/wp\/v2\/types\/product"}],"replies":[{"embeddable":true,"href":"https:\/\/bm-cat.com\/pl\/wp-json\/wp\/v2\/comments?post=22744"}],"wp:attachment":[{"href":"https:\/\/bm-cat.com\/pl\/wp-json\/wp\/v2\/media?parent=22744"}],"wp:term":[{"taxonomy":"product_feature","embeddable":true,"href":"https:\/\/bm-cat.com\/pl\/wp-json\/wp\/v2\/product_feature?post=22744"},{"taxonomy":"product_cat","embeddable":true,"href":"https:\/\/bm-cat.com\/pl\/wp-json\/wp\/v2\/product_cat?post=22744"},{"taxonomy":"product_tag","embeddable":true,"href":"https:\/\/bm-cat.com\/pl\/wp-json\/wp\/v2\/product_tag?post=22744"}],"curies":[{"name":"wp","href":"https:\/\/api.w.org\/{rel}","templated":true}]}}