{"id":22836,"date":"2024-04-09T04:06:59","date_gmt":"2024-04-09T04:06:59","guid":{"rendered":"https:\/\/bm-cat.com\/pl\/produkt\/1220-mm-48-cala\/"},"modified":"2024-04-09T04:07:28","modified_gmt":"2024-04-09T04:07:28","slug":"1220-mm-48-cala","status":"publish","type":"product","link":"https:\/\/bm-cat.com\/pl\/produkt\/1220-mm-48-cala\/","title":{"rendered":"1220 mm (48 cala)"},"content":{"rendered":"<p>Wid\u0142y paletowe Cat\u00ae spe\u0142niaj\u0105 wiele r\u00f3\u017cnych potrzeb zwi\u0105zanych z transportem i prze\u0142adunkiem materia\u0142\u00f3w. Wid\u0142y paletowe mo\u017cna stosowa\u0107 do r\u00f3\u017cnych zada\u0144 zwi\u0105zanych z przewo\u017ceniem materia\u0142\u00f3w o du\u017cych gabarytach lub umieszczonych na paletach na placach budowy i terenach przemys\u0142owych, do transportowania nawoz\u00f3w i nasion w workach w szk\u00f3\u0142kach oraz podczas kszta\u0142towania terenu.<\/p>\n","protected":false},"excerpt":{"rendered":"<p>Wid\u0142y paletowe s\u0142u\u017c\u0105 do przewo\u017cenia \u0142adunk\u00f3w umieszczonych na paletach na placach budowy i terenach przemys\u0142owych, do transportowania nawoz\u00f3w i nasion w workach w szk\u00f3\u0142kach oraz podczas kszta\u0142towania terenu.<\/p>\n","protected":false},"featured_media":0,"comment_status":"open","ping_status":"closed","template":"","meta":{"_acf_changed":false,"_sitemap_exclude":false,"_sitemap_priority":"","_sitemap_frequency":""},"product_feature":[],"product_cat":[806],"product_tag":[],"class_list":{"0":"post-22836","1":"product","2":"type-product","3":"status-publish","5":"product_cat-widly-paletowe","7":"first","8":"instock","9":"shipping-taxable","10":"product-type-simple"},"acf":[],"_links":{"self":[{"href":"https:\/\/bm-cat.com\/pl\/wp-json\/wp\/v2\/product\/22836","targetHints":{"allow":["GET"]}}],"collection":[{"href":"https:\/\/bm-cat.com\/pl\/wp-json\/wp\/v2\/product"}],"about":[{"href":"https:\/\/bm-cat.com\/pl\/wp-json\/wp\/v2\/types\/product"}],"replies":[{"embeddable":true,"href":"https:\/\/bm-cat.com\/pl\/wp-json\/wp\/v2\/comments?post=22836"}],"wp:attachment":[{"href":"https:\/\/bm-cat.com\/pl\/wp-json\/wp\/v2\/media?parent=22836"}],"wp:term":[{"taxonomy":"product_feature","embeddable":true,"href":"https:\/\/bm-cat.com\/pl\/wp-json\/wp\/v2\/product_feature?post=22836"},{"taxonomy":"product_cat","embeddable":true,"href":"https:\/\/bm-cat.com\/pl\/wp-json\/wp\/v2\/product_cat?post=22836"},{"taxonomy":"product_tag","embeddable":true,"href":"https:\/\/bm-cat.com\/pl\/wp-json\/wp\/v2\/product_tag?post=22836"}],"curies":[{"name":"wp","href":"https:\/\/api.w.org\/{rel}","templated":true}]}}