{"id":40066,"date":"2026-04-08T02:12:41","date_gmt":"2026-04-08T01:12:41","guid":{"rendered":"https:\/\/bm-cat.com\/pl\/produkt\/trs4-z-mocowaniem-sworzniowym-chwytak-sworzniowy-s40-minikoparki-2-tonowe\/"},"modified":"2026-04-08T02:12:46","modified_gmt":"2026-04-08T01:12:46","slug":"trs4-z-mocowaniem-sworzniowym-chwytak-sworzniowy-s40-minikoparki-2-tonowe","status":"publish","type":"product","link":"https:\/\/bm-cat.com\/pl\/produkt\/trs4-z-mocowaniem-sworzniowym-chwytak-sworzniowy-s40-minikoparki-2-tonowe\/","title":{"rendered":"TRS4, z mocowaniem sworzniowym (chwytak sworzniowy) \/ S40, minikoparki 2-tonowe"},"content":{"rendered":"<p>G\u0142owice obrotowo-wychylne Cat\u00ae dla koparek obracaj\u0105 si\u0119 o 360 stopni i przechylaj\u0105 na boki w zakresie 40 stopni, umo\u017cliwiaj\u0105c maszynie dotarcie do r\u00f3\u017cnych zakamark\u00f3w z jednego miejsca. G\u0142owica obrotowa-uchylna pozwala operatorowi manewrowa\u0107 wok\u00f3\u0142 s\u0142up\u00f3w, ska\u0142 i innych przeszk\u00f3d, a tak\u017ce \u0142atwiej si\u0119ga\u0107 kraw\u0119dzi wykop\u00f3w.<\/p>\n","protected":false},"excerpt":{"rendered":"<p>G\u0142owice obrotowo-wychylne Cat\u00ae pomagaj\u0105 manewrowa\u0107 wok\u00f3\u0142 przeszk\u00f3d w strefie prac bez konieczno\u015bci przestawiania maszyny.<\/p>\n","protected":false},"featured_media":0,"comment_status":"open","ping_status":"closed","template":"","meta":{"_acf_changed":false,"_sitemap_exclude":false,"_sitemap_priority":"","_sitemap_frequency":""},"product_feature":[],"product_cat":[682],"product_tag":[],"class_list":{"0":"post-40066","1":"product","2":"type-product","3":"status-publish","5":"product_cat-glowica-uchylno-obrotowa","7":"first","8":"instock","9":"shipping-taxable","10":"product-type-simple"},"acf":[],"_links":{"self":[{"href":"https:\/\/bm-cat.com\/pl\/wp-json\/wp\/v2\/product\/40066","targetHints":{"allow":["GET"]}}],"collection":[{"href":"https:\/\/bm-cat.com\/pl\/wp-json\/wp\/v2\/product"}],"about":[{"href":"https:\/\/bm-cat.com\/pl\/wp-json\/wp\/v2\/types\/product"}],"replies":[{"embeddable":true,"href":"https:\/\/bm-cat.com\/pl\/wp-json\/wp\/v2\/comments?post=40066"}],"wp:attachment":[{"href":"https:\/\/bm-cat.com\/pl\/wp-json\/wp\/v2\/media?parent=40066"}],"wp:term":[{"taxonomy":"product_feature","embeddable":true,"href":"https:\/\/bm-cat.com\/pl\/wp-json\/wp\/v2\/product_feature?post=40066"},{"taxonomy":"product_cat","embeddable":true,"href":"https:\/\/bm-cat.com\/pl\/wp-json\/wp\/v2\/product_cat?post=40066"},{"taxonomy":"product_tag","embeddable":true,"href":"https:\/\/bm-cat.com\/pl\/wp-json\/wp\/v2\/product_tag?post=40066"}],"curies":[{"name":"wp","href":"https:\/\/api.w.org\/{rel}","templated":true}]}}