{"id":40073,"date":"2026-04-08T02:15:29","date_gmt":"2026-04-08T01:15:29","guid":{"rendered":"https:\/\/bm-cat.com\/pl\/produkt\/730-ej-2\/"},"modified":"2026-04-08T02:15:44","modified_gmt":"2026-04-08T01:15:44","slug":"730-ej-2","status":"publish","type":"product","link":"https:\/\/bm-cat.com\/pl\/produkt\/730-ej-2\/","title":{"rendered":"730 EJ"},"content":{"rendered":"<p>Wozid\u0142a przegubowe Cat\u00ae 730 EJ maj\u0105 unikaln\u0105 funkcj\u0119 umo\u017cliwiaj\u0105c\u0105 roz\u0142adowywanie materia\u0142u w obszarach o ma\u0142ym prze\u015bwicie, co czyni z nich idealne maszyny do prac w tunelach, nad g\u0142ow\u0105 i pod ziemi\u0105. Zrzucanie materia\u0142u w ruchu eliminuje potrzeb\u0119 stosowania dodatkowego sprz\u0119tu, przyspieszaj\u0105c cykle i zwi\u0119kszaj\u0105c wydajno\u015b\u0107 na niewielkich placach budowy.<\/p>\n","protected":false},"excerpt":{"rendered":"<p>Wozid\u0142a przegubowe Cat\u00ae 730 EJ maj\u0105 unikaln\u0105 funkcj\u0119 umo\u017cliwiaj\u0105c\u0105 roz\u0142adowywanie materia\u0142u w obszarach o ma\u0142ym prze\u015bwicie, co czyni z nich idealne maszyny do prac w tunelach, nad g\u0142ow\u0105 i pod ziemi\u0105. Zrzucanie materia\u0142u w ruchu eliminuje potrzeb\u0119 stosowania dodatkowego sprz\u0119tu, przyspieszaj\u0105c cykle i zwi\u0119kszaj\u0105c wydajno\u015b\u0107 na niewielkich placach budowy.<\/p>\n","protected":false},"featured_media":0,"comment_status":"open","ping_status":"closed","template":"","meta":{"_acf_changed":false,"_sitemap_exclude":false,"_sitemap_priority":"","_sitemap_frequency":""},"product_feature":[],"product_cat":[349],"product_tag":[],"class_list":{"0":"post-40073","1":"product","2":"type-product","3":"status-publish","5":"product_cat-trzyosiowe-wozidla-przegubowe","7":"first","8":"instock","9":"shipping-taxable","10":"product-type-simple"},"acf":[],"_links":{"self":[{"href":"https:\/\/bm-cat.com\/pl\/wp-json\/wp\/v2\/product\/40073","targetHints":{"allow":["GET"]}}],"collection":[{"href":"https:\/\/bm-cat.com\/pl\/wp-json\/wp\/v2\/product"}],"about":[{"href":"https:\/\/bm-cat.com\/pl\/wp-json\/wp\/v2\/types\/product"}],"replies":[{"embeddable":true,"href":"https:\/\/bm-cat.com\/pl\/wp-json\/wp\/v2\/comments?post=40073"}],"wp:attachment":[{"href":"https:\/\/bm-cat.com\/pl\/wp-json\/wp\/v2\/media?parent=40073"}],"wp:term":[{"taxonomy":"product_feature","embeddable":true,"href":"https:\/\/bm-cat.com\/pl\/wp-json\/wp\/v2\/product_feature?post=40073"},{"taxonomy":"product_cat","embeddable":true,"href":"https:\/\/bm-cat.com\/pl\/wp-json\/wp\/v2\/product_cat?post=40073"},{"taxonomy":"product_tag","embeddable":true,"href":"https:\/\/bm-cat.com\/pl\/wp-json\/wp\/v2\/product_tag?post=40073"}],"curies":[{"name":"wp","href":"https:\/\/api.w.org\/{rel}","templated":true}]}}