{"id":40084,"date":"2026-04-08T02:22:28","date_gmt":"2026-04-08T01:22:28","guid":{"rendered":"https:\/\/bm-cat.com\/pl\/produkt\/mh3295\/"},"modified":"2026-04-08T02:23:04","modified_gmt":"2026-04-08T01:23:04","slug":"mh3295","status":"publish","type":"product","link":"https:\/\/bm-cat.com\/pl\/produkt\/mh3295\/","title":{"rendered":"MH3295"},"content":{"rendered":"<p>Kopark\u0119 do prac prze\u0142adunkowych Cat\u00ae MH3295 opracowano z my\u015bl\u0105 o zapewnieniu wydajno\u015bci, bezpiecze\u0144stwa i d\u0142ugoterminowej warto\u015bci. Specjalna konstrukcja, zaawansowane sterowanie elektrohydrauliczne oraz oddzielna pompa mechanizmu obrotu zapewniaj\u0105ca p\u0142ynno\u015b\u0107 ruchu pozwalaj\u0105 operatorom na przemieszczanie wi\u0119kszej ilo\u015bci materia\u0142u z wi\u0119ksz\u0105 precyzj\u0105 i przy mniejszym nak\u0142adzie pracy. Szerokie podwozie zapewnia stabilno\u015b\u0107 maszyny, a wsp\u00f3lne cz\u0119\u015bci zamienne i rozwi\u0105zania u\u0142atwiaj\u0105ce dost\u0119p podczas konserwacji przyczyniaj\u0105 si\u0119 do skr\u00f3cenia przestoj\u00f3w i obni\u017cenia koszt\u00f3w eksploatacji. Komfortowa kabina, du\u017ca widoczno\u015b\u0107 oraz technologie, takie jak Cat Payload i funkcja E-fence 2D, umo\u017cliwiaj\u0105 operatorom wydajn\u0105 i bezpieczn\u0105 prac\u0119 przez ca\u0142y dzie\u0144. Maszyn\u0119 MH3295 zaprojektowano z my\u015bl\u0105 o zwi\u0119kszeniu wydajno\u015bci w miejscu pracy i zapewnieniu du\u017cej trwa\u0142o\u015bci.<\/p>\n","protected":false},"excerpt":{"rendered":"<p>Kopark\u0119 do prac prze\u0142adunkowych Cat\u00ae MH3295 opracowano z my\u015bl\u0105 o zapewnieniu wydajno\u015bci, bezpiecze\u0144stwa i d\u0142ugoterminowej warto\u015bci. Specjalna konstrukcja, zaawansowane sterowanie elektrohydrauliczne oraz oddzielna pompa mechanizmu obrotu zapewniaj\u0105ca p\u0142ynno\u015b\u0107 ruchu pozwalaj\u0105 operatorom na przemieszczanie wi\u0119kszej ilo\u015bci materia\u0142u z wi\u0119ksz\u0105 precyzj\u0105 i przy mniejszym nak\u0142adzie pracy. Szerokie podwozie zapewnia stabilno\u015b\u0107 maszyny, a wsp\u00f3lne cz\u0119\u015bci zamienne i rozwi\u0105zania u\u0142atwiaj\u0105ce dost\u0119p podczas konserwacji przyczyniaj\u0105 si\u0119 do skr\u00f3cenia przestoj\u00f3w i obni\u017cenia koszt\u00f3w eksploatacji. Komfortowa kabina, du\u017ca widoczno\u015b\u0107 oraz technologie, takie jak Cat Payload i funkcja E-fence 2D, umo\u017cliwiaj\u0105 operatorom wydajn\u0105 i bezpieczn\u0105 prac\u0119 przez ca\u0142y dzie\u0144. Maszyn\u0119 MH3295 zaprojektowano z my\u015bl\u0105 o zwi\u0119kszeniu wydajno\u015bci w miejscu pracy i zapewnieniu du\u017cej trwa\u0142o\u015bci.<\/p>\n","protected":false},"featured_media":0,"comment_status":"open","ping_status":"closed","template":"","meta":{"_acf_changed":false,"_sitemap_exclude":false,"_sitemap_priority":"","_sitemap_frequency":""},"product_feature":[],"product_cat":[378],"product_tag":[],"class_list":{"0":"post-40084","1":"product","2":"type-product","3":"status-publish","5":"product_cat-koparki-gasienicowe-do-prac-przeladunkowych","7":"first","8":"instock","9":"shipping-taxable","10":"product-type-simple"},"acf":[],"_links":{"self":[{"href":"https:\/\/bm-cat.com\/pl\/wp-json\/wp\/v2\/product\/40084","targetHints":{"allow":["GET"]}}],"collection":[{"href":"https:\/\/bm-cat.com\/pl\/wp-json\/wp\/v2\/product"}],"about":[{"href":"https:\/\/bm-cat.com\/pl\/wp-json\/wp\/v2\/types\/product"}],"replies":[{"embeddable":true,"href":"https:\/\/bm-cat.com\/pl\/wp-json\/wp\/v2\/comments?post=40084"}],"wp:attachment":[{"href":"https:\/\/bm-cat.com\/pl\/wp-json\/wp\/v2\/media?parent=40084"}],"wp:term":[{"taxonomy":"product_feature","embeddable":true,"href":"https:\/\/bm-cat.com\/pl\/wp-json\/wp\/v2\/product_feature?post=40084"},{"taxonomy":"product_cat","embeddable":true,"href":"https:\/\/bm-cat.com\/pl\/wp-json\/wp\/v2\/product_cat?post=40084"},{"taxonomy":"product_tag","embeddable":true,"href":"https:\/\/bm-cat.com\/pl\/wp-json\/wp\/v2\/product_tag?post=40084"}],"curies":[{"name":"wp","href":"https:\/\/api.w.org\/{rel}","templated":true}]}}