{"id":40086,"date":"2026-04-08T02:23:50","date_gmt":"2026-04-08T01:23:50","guid":{"rendered":"https:\/\/bm-cat.com\/pl\/produkt\/mh3026-2\/"},"modified":"2026-04-08T02:24:34","modified_gmt":"2026-04-08T01:24:34","slug":"mh3026-2","status":"publish","type":"product","link":"https:\/\/bm-cat.com\/pl\/produkt\/mh3026-2\/","title":{"rendered":"MH3026"},"content":{"rendered":"<p>Wiemy, \u017ce maszyny do transportu i prze\u0142adunku materia\u0142\u00f3w musz\u0105 charakteryzowa\u0107 si\u0119 niskimi kosztami eksploatacji, poniewa\u017c od tego zale\u017cy Tw\u00f3j sukces. Model Cat\u00ae MH3026 ma proste w obs\u0142udze rozwi\u0105zania techniczne, wygodn\u0105 kabin\u0119 oraz kilka opcji konfiguracji maszyny do r\u00f3\u017cnych zada\u0144. Dzi\u0119ki tym cechom jest to bezpieczna, niezawodna maszyna pozwalaj\u0105ca sprosta\u0107 wielu r\u00f3\u017cnym wyzwaniom, z kt\u00f3rymi musisz si\u0119 mierzy\u0107 ka\u017cdego dnia podczas wykonywania najci\u0119\u017cszych zada\u0144 zwi\u0105zanych z transportem i prze\u0142adunkiem materia\u0142\u00f3w.<\/p>\n","protected":false},"excerpt":{"rendered":"<p>Wiemy, \u017ce maszyny do transportu i prze\u0142adunku materia\u0142\u00f3w musz\u0105 charakteryzowa\u0107 si\u0119 niskimi kosztami eksploatacji, poniewa\u017c od tego zale\u017cy Tw\u00f3j sukces. Model Cat\u00ae MH3026 ma proste w obs\u0142udze rozwi\u0105zania techniczne, wygodn\u0105 kabin\u0119 oraz kilka opcji konfiguracji maszyny do r\u00f3\u017cnych zada\u0144. Dzi\u0119ki tym cechom jest to bezpieczna, niezawodna maszyna pozwalaj\u0105ca sprosta\u0107 wielu r\u00f3\u017cnym wyzwaniom, z kt\u00f3rymi musisz si\u0119 mierzy\u0107 ka\u017cdego dnia podczas wykonywania najci\u0119\u017cszych zada\u0144 zwi\u0105zanych z transportem i prze\u0142adunkiem materia\u0142\u00f3w.<\/p>\n","protected":false},"featured_media":0,"comment_status":"open","ping_status":"closed","template":"","meta":{"_acf_changed":false,"_sitemap_exclude":false,"_sitemap_priority":"","_sitemap_frequency":""},"product_feature":[],"product_cat":[379],"product_tag":[],"class_list":{"0":"post-40086","1":"product","2":"type-product","3":"status-publish","5":"product_cat-koparki-kolowe-do-prac-przeladunkowych","7":"first","8":"instock","9":"shipping-taxable","10":"product-type-simple"},"acf":[],"_links":{"self":[{"href":"https:\/\/bm-cat.com\/pl\/wp-json\/wp\/v2\/product\/40086","targetHints":{"allow":["GET"]}}],"collection":[{"href":"https:\/\/bm-cat.com\/pl\/wp-json\/wp\/v2\/product"}],"about":[{"href":"https:\/\/bm-cat.com\/pl\/wp-json\/wp\/v2\/types\/product"}],"replies":[{"embeddable":true,"href":"https:\/\/bm-cat.com\/pl\/wp-json\/wp\/v2\/comments?post=40086"}],"wp:attachment":[{"href":"https:\/\/bm-cat.com\/pl\/wp-json\/wp\/v2\/media?parent=40086"}],"wp:term":[{"taxonomy":"product_feature","embeddable":true,"href":"https:\/\/bm-cat.com\/pl\/wp-json\/wp\/v2\/product_feature?post=40086"},{"taxonomy":"product_cat","embeddable":true,"href":"https:\/\/bm-cat.com\/pl\/wp-json\/wp\/v2\/product_cat?post=40086"},{"taxonomy":"product_tag","embeddable":true,"href":"https:\/\/bm-cat.com\/pl\/wp-json\/wp\/v2\/product_tag?post=40086"}],"curies":[{"name":"wp","href":"https:\/\/api.w.org\/{rel}","templated":true}]}}