{"id":40087,"date":"2026-04-08T02:25:16","date_gmt":"2026-04-08T01:25:16","guid":{"rendered":"https:\/\/bm-cat.com\/pl\/produkt\/950\/"},"modified":"2026-04-29T10:33:51","modified_gmt":"2026-04-29T08:33:51","slug":"950","status":"publish","type":"product","link":"https:\/\/bm-cat.com\/pl\/produkt\/950\/","title":{"rendered":"950"},"content":{"rendered":"<p>\u0141adowark\u0119 ko\u0142ow\u0105 Cat\u00ae 950 opracowano z my\u015bl\u0105 o przemieszczaniu wi\u0119kszych ilo\u015bci materia\u0142u przy mniejszym wysi\u0142ku. Maszyna ta zapewnia najwy\u017csz\u0105 wydajno\u015b\u0107 i jest wyposa\u017cona w inteligentne funkcje, kt\u00f3re pomagaj\u0105 operatorom pracowa\u0107 szybciej i efektywniej. Wyd\u0142u\u017cone okresy mi\u0119dzyserwisowe i udoskonalone rozwi\u0105zania z zakresu bezpiecze\u0144stwa pomagaj\u0105 ograniczy\u0107 przestoje i chroni\u0105 personel. Maszyn\u0119 opracowano z my\u015bl\u0105 o p\u0142ynnym dzia\u0142aniu bez zwalniania, dlatego jest przystosowana do trudnych warunk\u00f3w i odpowiednia do prac budowlanych, przy kruszywie, w le\u015bnictwie i przemy\u015ble.<\/p>\n","protected":false},"excerpt":{"rendered":"<p>\u0141adowark\u0119 ko\u0142ow\u0105 Cat\u00ae 950 opracowano z my\u015bl\u0105 o przemieszczaniu wi\u0119kszych ilo\u015bci materia\u0142u przy mniejszym wysi\u0142ku. Maszyna ta zapewnia najwy\u017csz\u0105 wydajno\u015b\u0107 i jest wyposa\u017cona w inteligentne funkcje, kt\u00f3re pomagaj\u0105 operatorom pracowa\u0107 szybciej i efektywniej. Wyd\u0142u\u017cone okresy mi\u0119dzyserwisowe i udoskonalone rozwi\u0105zania z zakresu bezpiecze\u0144stwa pomagaj\u0105 ograniczy\u0107 przestoje i chroni\u0105 personel. Maszyn\u0119 opracowano z my\u015bl\u0105 o p\u0142ynnym dzia\u0142aniu bez zwalniania, dlatego jest przystosowana do trudnych warunk\u00f3w i odpowiednia do prac budowlanych, przy kruszywie, w le\u015bnictwie i przemy\u015ble.<\/p>\n","protected":false},"featured_media":0,"comment_status":"open","ping_status":"closed","template":"","meta":{"_acf_changed":false,"_sitemap_exclude":false,"_sitemap_priority":"","_sitemap_frequency":""},"product_feature":[],"product_cat":[397],"product_tag":[],"class_list":{"0":"post-40087","1":"product","2":"type-product","3":"status-publish","5":"product_cat-sredniej-wielkosci-ladowarki-kolowe","7":"first","8":"instock","9":"shipping-taxable","10":"product-type-simple"},"acf":[],"_links":{"self":[{"href":"https:\/\/bm-cat.com\/pl\/wp-json\/wp\/v2\/product\/40087","targetHints":{"allow":["GET"]}}],"collection":[{"href":"https:\/\/bm-cat.com\/pl\/wp-json\/wp\/v2\/product"}],"about":[{"href":"https:\/\/bm-cat.com\/pl\/wp-json\/wp\/v2\/types\/product"}],"replies":[{"embeddable":true,"href":"https:\/\/bm-cat.com\/pl\/wp-json\/wp\/v2\/comments?post=40087"}],"wp:attachment":[{"href":"https:\/\/bm-cat.com\/pl\/wp-json\/wp\/v2\/media?parent=40087"}],"wp:term":[{"taxonomy":"product_feature","embeddable":true,"href":"https:\/\/bm-cat.com\/pl\/wp-json\/wp\/v2\/product_feature?post=40087"},{"taxonomy":"product_cat","embeddable":true,"href":"https:\/\/bm-cat.com\/pl\/wp-json\/wp\/v2\/product_cat?post=40087"},{"taxonomy":"product_tag","embeddable":true,"href":"https:\/\/bm-cat.com\/pl\/wp-json\/wp\/v2\/product_tag?post=40087"}],"curies":[{"name":"wp","href":"https:\/\/api.w.org\/{rel}","templated":true}]}}