{"id":40089,"date":"2026-04-08T02:27:30","date_gmt":"2026-04-08T01:27:30","guid":{"rendered":"https:\/\/bm-cat.com\/pl\/produkt\/966\/"},"modified":"2026-04-08T02:28:46","modified_gmt":"2026-04-08T01:28:46","slug":"966","status":"publish","type":"product","link":"https:\/\/bm-cat.com\/pl\/produkt\/966\/","title":{"rendered":"966"},"content":{"rendered":"<p>\u0141adowark\u0119 ko\u0142ow\u0105 Cat\u00ae 966 zaprojektowano z my\u015bl\u0105 o zapewnieniu ci\u0105g\u0142ej wydajno\u015bci w najtrudniejszych warunkach \u2013 od kamienio\u0142om\u00f3w po wymagaj\u0105ce budowy i kopalnie. Jej inteligentne systemy i trwa\u0142a konstrukcja przek\u0142adaj\u0105 si\u0119 na mniejsz\u0105 ilo\u015b\u0107 przerw podczas wykonywania prac, natomiast funkcje opracowane z my\u015bl\u0105 o operatorze zapewniaj\u0105 wi\u0119ksze bezpiecze\u0144stwo i lepsz\u0105 kontrol\u0119. Gdy praca staje si\u0119 trudna, \u0142adowarka 966 z nadmiarem spe\u0142nia wymagania \u2013 radzi sobie z ka\u017cdym \u0142adunkiem, na ka\u017cdej zmianie.<\/p>\n","protected":false},"excerpt":{"rendered":"<p>\u0141adowark\u0119 ko\u0142ow\u0105 Cat\u00ae 966 zaprojektowano z my\u015bl\u0105 o zapewnieniu ci\u0105g\u0142ej wydajno\u015bci w najtrudniejszych warunkach \u2013 od kamienio\u0142om\u00f3w po wymagaj\u0105ce budowy i kopalnie. Jej inteligentne systemy i trwa\u0142a konstrukcja przek\u0142adaj\u0105 si\u0119 na mniejsz\u0105 ilo\u015b\u0107 przerw podczas wykonywania prac, natomiast funkcje opracowane z my\u015bl\u0105 o operatorze zapewniaj\u0105 wi\u0119ksze bezpiecze\u0144stwo i lepsz\u0105 kontrol\u0119. Gdy praca staje si\u0119 trudna, \u0142adowarka 966 z nadmiarem spe\u0142nia wymagania \u2013 radzi sobie z ka\u017cdym \u0142adunkiem, na ka\u017cdej zmianie.<\/p>\n","protected":false},"featured_media":0,"comment_status":"open","ping_status":"closed","template":"","meta":{"_acf_changed":false,"_sitemap_exclude":false,"_sitemap_priority":"","_sitemap_frequency":""},"product_feature":[],"product_cat":[397],"product_tag":[],"class_list":{"0":"post-40089","1":"product","2":"type-product","3":"status-publish","5":"product_cat-sredniej-wielkosci-ladowarki-kolowe","7":"first","8":"instock","9":"shipping-taxable","10":"product-type-simple"},"acf":[],"_links":{"self":[{"href":"https:\/\/bm-cat.com\/pl\/wp-json\/wp\/v2\/product\/40089","targetHints":{"allow":["GET"]}}],"collection":[{"href":"https:\/\/bm-cat.com\/pl\/wp-json\/wp\/v2\/product"}],"about":[{"href":"https:\/\/bm-cat.com\/pl\/wp-json\/wp\/v2\/types\/product"}],"replies":[{"embeddable":true,"href":"https:\/\/bm-cat.com\/pl\/wp-json\/wp\/v2\/comments?post=40089"}],"wp:attachment":[{"href":"https:\/\/bm-cat.com\/pl\/wp-json\/wp\/v2\/media?parent=40089"}],"wp:term":[{"taxonomy":"product_feature","embeddable":true,"href":"https:\/\/bm-cat.com\/pl\/wp-json\/wp\/v2\/product_feature?post=40089"},{"taxonomy":"product_cat","embeddable":true,"href":"https:\/\/bm-cat.com\/pl\/wp-json\/wp\/v2\/product_cat?post=40089"},{"taxonomy":"product_tag","embeddable":true,"href":"https:\/\/bm-cat.com\/pl\/wp-json\/wp\/v2\/product_tag?post=40089"}],"curies":[{"name":"wp","href":"https:\/\/api.w.org\/{rel}","templated":true}]}}