{"id":40090,"date":"2026-04-08T02:28:46","date_gmt":"2026-04-08T01:28:46","guid":{"rendered":"https:\/\/bm-cat.com\/pl\/produkt\/972\/"},"modified":"2026-04-08T02:30:08","modified_gmt":"2026-04-08T01:30:08","slug":"972","status":"publish","type":"product","link":"https:\/\/bm-cat.com\/pl\/produkt\/972\/","title":{"rendered":"972"},"content":{"rendered":"<p>\u0141adowark\u0119 ko\u0142ow\u0105 Cat\u00ae 972 skonstruowano z my\u015bl\u0105 o ci\u0105g\u0142ej eksploatacji i p\u0142ynnym sterowaniu w ka\u017cdym terenie. Jej zaawansowane uk\u0142ady pomagaj\u0105 operatorom pracowa\u0107 bezpiecznie i wydajnie, a wyd\u0142u\u017cone okresy mi\u0119dzyserwisowe pozwalaj\u0105 wykonywa\u0107 zadania bez przestoj\u00f3w. Maszyna ta cechuje si\u0119 moc\u0105, inteligentnymi funkcjami i wytrzyma\u0142o\u015bci\u0105, kt\u00f3re pozwalaj\u0105 zapewni\u0107 ci\u0105g\u0142o\u015b\u0107 prac \u2013 od intensywnego oczyszczania terenu po transport i prze\u0142adunek materia\u0142\u00f3w.<\/p>\n","protected":false},"excerpt":{"rendered":"<p>\u0141adowark\u0119 ko\u0142ow\u0105 Cat\u00ae 972 skonstruowano z my\u015bl\u0105 o ci\u0105g\u0142ej eksploatacji i p\u0142ynnym sterowaniu w ka\u017cdym terenie. Jej zaawansowane uk\u0142ady pomagaj\u0105 operatorom pracowa\u0107 bezpiecznie i wydajnie, a wyd\u0142u\u017cone okresy mi\u0119dzyserwisowe pozwalaj\u0105 wykonywa\u0107 zadania bez przestoj\u00f3w. Maszyna ta cechuje si\u0119 moc\u0105, inteligentnymi funkcjami i wytrzyma\u0142o\u015bci\u0105, kt\u00f3re pozwalaj\u0105 zapewni\u0107 ci\u0105g\u0142o\u015b\u0107 prac \u2013 od intensywnego oczyszczania terenu po transport i prze\u0142adunek materia\u0142\u00f3w.<\/p>\n","protected":false},"featured_media":0,"comment_status":"open","ping_status":"closed","template":"","meta":{"_acf_changed":false,"_sitemap_exclude":false,"_sitemap_priority":"","_sitemap_frequency":""},"product_feature":[],"product_cat":[397],"product_tag":[],"class_list":{"0":"post-40090","1":"product","2":"type-product","3":"status-publish","5":"product_cat-sredniej-wielkosci-ladowarki-kolowe","7":"first","8":"instock","9":"shipping-taxable","10":"product-type-simple"},"acf":[],"_links":{"self":[{"href":"https:\/\/bm-cat.com\/pl\/wp-json\/wp\/v2\/product\/40090","targetHints":{"allow":["GET"]}}],"collection":[{"href":"https:\/\/bm-cat.com\/pl\/wp-json\/wp\/v2\/product"}],"about":[{"href":"https:\/\/bm-cat.com\/pl\/wp-json\/wp\/v2\/types\/product"}],"replies":[{"embeddable":true,"href":"https:\/\/bm-cat.com\/pl\/wp-json\/wp\/v2\/comments?post=40090"}],"wp:attachment":[{"href":"https:\/\/bm-cat.com\/pl\/wp-json\/wp\/v2\/media?parent=40090"}],"wp:term":[{"taxonomy":"product_feature","embeddable":true,"href":"https:\/\/bm-cat.com\/pl\/wp-json\/wp\/v2\/product_feature?post=40090"},{"taxonomy":"product_cat","embeddable":true,"href":"https:\/\/bm-cat.com\/pl\/wp-json\/wp\/v2\/product_cat?post=40090"},{"taxonomy":"product_tag","embeddable":true,"href":"https:\/\/bm-cat.com\/pl\/wp-json\/wp\/v2\/product_tag?post=40090"}],"curies":[{"name":"wp","href":"https:\/\/api.w.org\/{rel}","templated":true}]}}