{"id":40091,"date":"2026-04-08T02:30:08","date_gmt":"2026-04-08T01:30:08","guid":{"rendered":"https:\/\/bm-cat.com\/pl\/produkt\/980\/"},"modified":"2026-04-08T02:31:35","modified_gmt":"2026-04-08T01:31:35","slug":"980","status":"publish","type":"product","link":"https:\/\/bm-cat.com\/pl\/produkt\/980\/","title":{"rendered":"980"},"content":{"rendered":"<p>\u0141adowarka ko\u0142owa Cat\u00ae 980 jest wytrzyma\u0142a, wyposa\u017cona w inteligentne funkcje i zapewnia sta\u0142\u0105 wydajno\u015b\u0107, poniewa\u017c zosta\u0142a zaprojektowana z my\u015bl\u0105 o zapewnieniu przewagi podczas wymagaj\u0105cych prac. Jej zaawansowane systemy pomagaj\u0105 operatorom pracowa\u0107 szybciej i precyzyjnie, natomiast jej trwa\u0142a konstrukcja i wyd\u0142u\u017cone okresy mi\u0119dzyserwisowe umo\u017cliwiaj\u0105 ci\u0105g\u0142\u0105 prac\u0119 zmiana po zmianie. Niezale\u017cnie od tego, czy przemieszczasz ci\u0119\u017ckie ska\u0142y, pracujesz w wykopie, czy poruszasz si\u0119 w trudnym terenie, \u0142adowarka 980 wykona zdanie \u2013 za ka\u017cdym razem.<\/p>\n","protected":false},"excerpt":{"rendered":"<p>\u0141adowarka ko\u0142owa Cat\u00ae 980 jest wytrzyma\u0142a, wyposa\u017cona w inteligentne funkcje i zapewnia sta\u0142\u0105 wydajno\u015b\u0107, poniewa\u017c zosta\u0142a zaprojektowana z my\u015bl\u0105 o zapewnieniu przewagi podczas wymagaj\u0105cych prac. Jej zaawansowane systemy pomagaj\u0105 operatorom pracowa\u0107 szybciej i precyzyjnie, natomiast jej trwa\u0142a konstrukcja i wyd\u0142u\u017cone okresy mi\u0119dzyserwisowe umo\u017cliwiaj\u0105 ci\u0105g\u0142\u0105 prac\u0119 zmiana po zmianie. Niezale\u017cnie od tego, czy przemieszczasz ci\u0119\u017ckie ska\u0142y, pracujesz w wykopie, czy poruszasz si\u0119 w trudnym terenie, \u0142adowarka 980 wykona zdanie \u2013 za ka\u017cdym razem.<\/p>\n","protected":false},"featured_media":0,"comment_status":"open","ping_status":"closed","template":"","meta":{"_acf_changed":false,"_sitemap_exclude":false,"_sitemap_priority":"","_sitemap_frequency":""},"product_feature":[],"product_cat":[397],"product_tag":[],"class_list":{"0":"post-40091","1":"product","2":"type-product","3":"status-publish","5":"product_cat-sredniej-wielkosci-ladowarki-kolowe","7":"first","8":"instock","9":"shipping-taxable","10":"product-type-simple"},"acf":[],"_links":{"self":[{"href":"https:\/\/bm-cat.com\/pl\/wp-json\/wp\/v2\/product\/40091","targetHints":{"allow":["GET"]}}],"collection":[{"href":"https:\/\/bm-cat.com\/pl\/wp-json\/wp\/v2\/product"}],"about":[{"href":"https:\/\/bm-cat.com\/pl\/wp-json\/wp\/v2\/types\/product"}],"replies":[{"embeddable":true,"href":"https:\/\/bm-cat.com\/pl\/wp-json\/wp\/v2\/comments?post=40091"}],"wp:attachment":[{"href":"https:\/\/bm-cat.com\/pl\/wp-json\/wp\/v2\/media?parent=40091"}],"wp:term":[{"taxonomy":"product_feature","embeddable":true,"href":"https:\/\/bm-cat.com\/pl\/wp-json\/wp\/v2\/product_feature?post=40091"},{"taxonomy":"product_cat","embeddable":true,"href":"https:\/\/bm-cat.com\/pl\/wp-json\/wp\/v2\/product_cat?post=40091"},{"taxonomy":"product_tag","embeddable":true,"href":"https:\/\/bm-cat.com\/pl\/wp-json\/wp\/v2\/product_tag?post=40091"}],"curies":[{"name":"wp","href":"https:\/\/api.w.org\/{rel}","templated":true}]}}