{"id":40093,"date":"2026-04-08T02:31:36","date_gmt":"2026-04-08T01:31:36","guid":{"rendered":"https:\/\/bm-cat.com\/pl\/produkt\/982\/"},"modified":"2026-04-08T02:33:04","modified_gmt":"2026-04-08T01:33:04","slug":"982","status":"publish","type":"product","link":"https:\/\/bm-cat.com\/pl\/produkt\/982\/","title":{"rendered":"982"},"content":{"rendered":"<p>\u0141adowark\u0119 ko\u0142ow\u0105 Cat\u00ae 982 zaprojektowano tak, aby umo\u017cliwi\u0107 intensywniejsz\u0105 prac\u0119, szybsze \u0142adowanie i utrzyma\u0107 wydajno\u015b\u0107 personelu w najtrudniejszych miejscach pracy. Jej inteligentne systemy sprawiaj\u0105, \u017ce obs\u0142uga jest p\u0142ynna i intuicyjna, natomiast trwa\u0142a konstrukcja pozwala na wykonywanie wszystkich zada\u0144 od budownictwa ci\u0119\u017ckiego po g\u00f3rnictwo i przemys\u0142. Dzi\u0119ki rzadszym przerwom na serwisowanie i silnemu wsparciu technicznemu dealer\u00f3w maszyna 982 pozwala Ci wydajnie prowadzi\u0107 dzia\u0142alno\u015b\u0107 i osi\u0105ga\u0107 zamierzone zyski.<\/p>\n","protected":false},"excerpt":{"rendered":"<p>\u0141adowark\u0119 ko\u0142ow\u0105 Cat\u00ae 982 zaprojektowano tak, aby umo\u017cliwi\u0107 intensywniejsz\u0105 prac\u0119, szybsze \u0142adowanie i utrzyma\u0107 wydajno\u015b\u0107 personelu w najtrudniejszych miejscach pracy. Jej inteligentne systemy sprawiaj\u0105, \u017ce obs\u0142uga jest p\u0142ynna i intuicyjna, natomiast trwa\u0142a konstrukcja pozwala na wykonywanie wszystkich zada\u0144 od budownictwa ci\u0119\u017ckiego po g\u00f3rnictwo i przemys\u0142. Dzi\u0119ki rzadszym przerwom na serwisowanie i silnemu wsparciu technicznemu dealer\u00f3w maszyna 982 pozwala Ci wydajnie prowadzi\u0107 dzia\u0142alno\u015b\u0107 i osi\u0105ga\u0107 zamierzone zyski.<\/p>\n","protected":false},"featured_media":0,"comment_status":"open","ping_status":"closed","template":"","meta":{"_acf_changed":false,"_sitemap_exclude":false,"_sitemap_priority":"","_sitemap_frequency":""},"product_feature":[],"product_cat":[397],"product_tag":[],"class_list":{"0":"post-40093","1":"product","2":"type-product","3":"status-publish","5":"product_cat-sredniej-wielkosci-ladowarki-kolowe","7":"first","8":"instock","9":"shipping-taxable","10":"product-type-simple"},"acf":[],"_links":{"self":[{"href":"https:\/\/bm-cat.com\/pl\/wp-json\/wp\/v2\/product\/40093","targetHints":{"allow":["GET"]}}],"collection":[{"href":"https:\/\/bm-cat.com\/pl\/wp-json\/wp\/v2\/product"}],"about":[{"href":"https:\/\/bm-cat.com\/pl\/wp-json\/wp\/v2\/types\/product"}],"replies":[{"embeddable":true,"href":"https:\/\/bm-cat.com\/pl\/wp-json\/wp\/v2\/comments?post=40093"}],"wp:attachment":[{"href":"https:\/\/bm-cat.com\/pl\/wp-json\/wp\/v2\/media?parent=40093"}],"wp:term":[{"taxonomy":"product_feature","embeddable":true,"href":"https:\/\/bm-cat.com\/pl\/wp-json\/wp\/v2\/product_feature?post=40093"},{"taxonomy":"product_cat","embeddable":true,"href":"https:\/\/bm-cat.com\/pl\/wp-json\/wp\/v2\/product_cat?post=40093"},{"taxonomy":"product_tag","embeddable":true,"href":"https:\/\/bm-cat.com\/pl\/wp-json\/wp\/v2\/product_tag?post=40093"}],"curies":[{"name":"wp","href":"https:\/\/api.w.org\/{rel}","templated":true}]}}