{"id":17988,"date":"2024-01-11T10:41:22","date_gmt":"2024-01-11T10:41:22","guid":{"rendered":"https:\/\/ppr.bm-cat.com\/ro\/?page_id=17988"},"modified":"2026-01-21T12:24:15","modified_gmt":"2026-01-21T10:24:15","slug":"scoala-operatorilor","status":"publish","type":"page","link":"https:\/\/bm-cat.com\/ro\/scoala-operatorilor\/","title":{"rendered":"SCOALA OPERATORILOR"},"content":{"rendered":"\n<div style=\"height:29px\" aria-hidden=\"true\" class=\"wp-block-spacer\"><\/div>\n\n\n\n<div class=\"wp-block-cover alignwide is-light\"><img loading=\"lazy\" decoding=\"async\" width=\"1080\" height=\"1080\" class=\"wp-block-cover__image-background wp-image-23302\" alt=\"\" src=\"https:\/\/bm-cat.com\/ro\/wp-content\/uploads\/sites\/5\/2025\/04\/Design-fara-titlu-92-1.png\" data-object-fit=\"cover\" srcset=\"https:\/\/bm-cat.com\/ro\/wp-content\/uploads\/sites\/5\/2025\/04\/Design-fara-titlu-92-1.png 1080w, https:\/\/bm-cat.com\/ro\/wp-content\/uploads\/sites\/5\/2025\/04\/Design-fara-titlu-92-1-300x300.png 300w, https:\/\/bm-cat.com\/ro\/wp-content\/uploads\/sites\/5\/2025\/04\/Design-fara-titlu-92-1-1024x1024.png 1024w, https:\/\/bm-cat.com\/ro\/wp-content\/uploads\/sites\/5\/2025\/04\/Design-fara-titlu-92-1-150x150.png 150w, https:\/\/bm-cat.com\/ro\/wp-content\/uploads\/sites\/5\/2025\/04\/Design-fara-titlu-92-1-768x768.png 768w, https:\/\/bm-cat.com\/ro\/wp-content\/uploads\/sites\/5\/2025\/04\/Design-fara-titlu-92-1-600x600.png 600w, https:\/\/bm-cat.com\/ro\/wp-content\/uploads\/sites\/5\/2025\/04\/Design-fara-titlu-92-1-100x100.png 100w\" sizes=\"auto, (max-width: 1080px) 100vw, 1080px\" \/><span aria-hidden=\"true\" class=\"wp-block-cover__background has-background-dim\" style=\"background-color:#828f8e\"><\/span><div class=\"wp-block-cover__inner-container is-layout-flow wp-block-cover-is-layout-flow\">\n<h1 class=\"wp-block-heading has-text-align-center\"><\/h1>\n<\/div><\/div>\n\n\n\n<div style=\"height:50px\" aria-hidden=\"true\" class=\"wp-block-spacer\"><\/div>\n\n\n\n<p class=\"has-text-align-left\">Din anul 2014, \u0218coala Operatorilor este acreditat\u0103 de Ministerul Educa\u021biei Na\u021bionale s\u0103 sus\u021bin\u0103&nbsp;<strong>cursuri de specializare pentru ocupa\u021bia de Ma\u0219inist la Ma\u0219ini pentru Terasamente.<\/strong><\/p>\n\n\n\n<p>Misiunea \u0219colii este de a oferi cursan\u021bilor cuno\u0219tin\u021bele \u0219i abilit\u0103\u021bile necesare pentru a opera \u00een siguran\u021b\u0103 \u0219i  cu eficien\u021b\u0103 utilajele \u00een sectorul \u00een care activeaz\u0103.<\/p>\n\n\n\n<p class=\"has-text-align-left\">Un curs con\u021bine 180 de ore de formare teoretic\u0103 si practic\u0103 \u0219i se desf\u0103\u0219oar\u0103 \u00een loca\u021biile Bergerat Monnoyeur din Mogo\u0219oaia &#8211; Bucure\u0219ti \u0219i Ghiroda &#8211; Timi\u0219oara.<\/p>\n\n\n\n<div style=\"height:29px\" aria-hidden=\"true\" class=\"wp-block-spacer\"><\/div>\n\n\n\n<div class=\"wp-block-buttons is-content-justification-center is-layout-flex wp-container-core-buttons-is-layout-16018d1d wp-block-buttons-is-layout-flex\">\n<div class=\"wp-block-button\"><a class=\"wp-block-button__link has-text-align-center wp-element-button\" href=\"https:\/\/bm-cat.com\/ro\/scoala-operatorilor\/scoala-operatilor-form\/\" target=\"_blank\" rel=\"noreferrer noopener\"><mark class=\"has-inline-color has-light-green-cyan-color\"><strong>INSCRIERI AICI<\/strong><\/mark><\/a><\/div>\n<\/div>\n\n\n\n<div style=\"height:21px\" aria-hidden=\"true\" class=\"wp-block-spacer\"><\/div>\n\n\n\n<div class=\"wp-block-columns is-layout-flex wp-container-core-columns-is-layout-9d6595d7 wp-block-columns-is-layout-flex\">\n<div class=\"wp-block-column is-layout-flow wp-block-column-is-layout-flow\" style=\"flex-basis:25%\"><\/div>\n\n\n\n<div class=\"wp-block-column is-layout-flow wp-block-column-is-layout-flow\" style=\"flex-basis:50%\">\n<figure class=\"wp-block-embed is-type-video is-provider-youtube wp-block-embed-youtube wp-embed-aspect-16-9 wp-has-aspect-ratio\"><div class=\"wp-block-embed__wrapper\">\n<iframe loading=\"lazy\" title=\"Scoala Operatorilor de Utilaje Terasiere_CU PRACTICA\" width=\"640\" height=\"360\" src=\"https:\/\/www.youtube.com\/embed\/ZVUO4TRlf2Q?feature=oembed\" frameborder=\"0\" allow=\"accelerometer; autoplay; clipboard-write; encrypted-media; gyroscope; picture-in-picture; web-share\" referrerpolicy=\"strict-origin-when-cross-origin\" allowfullscreen><\/iframe>\n<\/div><\/figure>\n<\/div>\n\n\n\n<div class=\"wp-block-column is-layout-flow wp-block-column-is-layout-flow\" style=\"flex-basis:25%\"><\/div>\n<\/div>\n\n\n\n<div style=\"height:18px\" aria-hidden=\"true\" class=\"wp-block-spacer\"><\/div>\n\n\n\n<h2 class=\"wp-block-heading has-text-align-center\" style=\"font-size:32px\">Curs de Ma\u0219inist la Ma\u0219ini pentru Terasamente<\/h2>\n\n\n\n<div style=\"height:18px\" aria-hidden=\"true\" class=\"wp-block-spacer\"><\/div>\n\n\n\n<h2 class=\"wp-block-heading has-text-align-center\"><code><mark class=\"has-inline-color has-cyan-bluish-gray-color\">NOILE CURSURI VOR \u00ceNCEPE \u00ceN:<\/mark><\/code><\/h2>\n\n\n\n<div style=\"height:14px\" aria-hidden=\"true\" class=\"wp-block-spacer\"><\/div>\n\n\n\n<h2 class=\"wp-block-heading has-text-align-center\" style=\"font-size:30px\"><strong><kbd><mark class=\"has-inline-color has-light-green-cyan-color\">MOGO\u0218OAIA - BUCURE\u0218TI<\/mark><\/kbd><\/strong><\/h2>\n\n\n\n<h3 class=\"wp-block-heading has-text-align-center\"><strong><kbd><mark class=\"has-inline-color has-cyan-bluish-gray-color\">30 MARTIE 2026<\/mark><\/kbd><\/strong><\/h3>\n\n\n\n<div style=\"height:13px\" aria-hidden=\"true\" class=\"wp-block-spacer\"><\/div>\n\n\n\n<h2 class=\"wp-block-heading has-text-align-center\" style=\"font-size:30px\"><strong><kbd><mark class=\"has-inline-color has-light-green-cyan-color\">GHIRODA-TIMI\u0218OARA<\/mark><\/kbd><\/strong><\/h2>\n\n\n\n<h3 class=\"wp-block-heading has-text-align-center\"><strong><kbd><mark class=\"has-inline-color has-cyan-bluish-gray-color\"><strong><kbd><strong><kbd><mark class=\"has-inline-color has-cyan-bluish-gray-color\">30 MARTIE 2026<\/mark><\/kbd><\/strong><\/kbd><\/strong><\/mark><\/kbd><\/strong><\/h3>\n\n\n\n<div style=\"height:14px\" aria-hidden=\"true\" class=\"wp-block-spacer\"><\/div>\n\n\n\n<h2 class=\"wp-block-heading has-text-align-center\">PRE\u021aUL CURSULUI ESTE 8000 LEI<\/h2>\n\n\n\n<div style=\"height:25px\" aria-hidden=\"true\" class=\"wp-block-spacer\"><\/div>\n\n\n\n<div class=\"wp-block-buttons is-content-justification-center is-layout-flex wp-container-core-buttons-is-layout-5e6b19ed wp-block-buttons-is-layout-flex\">\n<div class=\"wp-block-button is-style-fill\"><a class=\"wp-block-button__link has-white-color has-light-green-cyan-background-color has-text-color has-background has-link-color wp-element-button\" href=\"https:\/\/bm-cat.com\/ro\/wp-content\/uploads\/sites\/5\/2024\/02\/Programa-Formare-Scoala-Operatorilor_180-ore.pdf\" target=\"_blank\" rel=\"noreferrer noopener\"><strong><mark class=\"has-inline-color has-cyan-bluish-gray-color\">DESC\u0102RCA\u021aI PROGRAMA<\/mark><\/strong><\/a><\/div>\n\n\n\n<div class=\"wp-block-button\"><a class=\"wp-block-button__link has-white-color has-light-green-cyan-background-color has-text-color has-background has-link-color wp-element-button\" href=\"https:\/\/bm-cat.com\/ro\/wp-content\/uploads\/sites\/5\/2024\/02\/DEMO-curs-Scoala-Operatorilor.pdf\" target=\"_blank\" rel=\"noreferrer noopener\"><mark class=\"has-inline-color has-cyan-bluish-gray-color\">DESC<strong>\u0102RCA\u021aI DEMO CURS<\/strong><\/mark><\/a><\/div>\n<\/div>\n\n\n\n<div style=\"height:25px\" aria-hidden=\"true\" class=\"wp-block-spacer\"><\/div>\n\n\n\n<div class=\"wp-block-buttons is-content-justification-center is-layout-flex wp-container-core-buttons-is-layout-16018d1d wp-block-buttons-is-layout-flex\">\n<div class=\"wp-block-button\"><a class=\"wp-block-button__link has-text-align-center wp-element-button\" href=\"https:\/\/bm-cat.com\/ro\/scoala-operatorilor\/scoala-operatilor-form\/\" target=\"_blank\" rel=\"noreferrer noopener\"><mark class=\"has-inline-color has-light-green-cyan-color\"><strong>INSCRIERI AICI<\/strong><\/mark><\/a><\/div>\n<\/div>\n\n\n\n<div style=\"height:55px\" aria-hidden=\"true\" class=\"wp-block-spacer\"><\/div>\n\n\n\n<h2 class=\"wp-block-heading\">CARE ESTE CURICULA CURSULUI?<\/h2>\n\n\n\n<div class=\"wp-block-cover\"><img loading=\"lazy\" decoding=\"async\" width=\"1024\" height=\"599\" class=\"wp-block-cover__image-background wp-image-18015\" alt=\"\" src=\"https:\/\/bm-cat.com\/ro\/wp-content\/uploads\/sites\/5\/2024\/01\/20180207_s_0-1-1024x599.jpg\" data-object-fit=\"cover\" srcset=\"https:\/\/bm-cat.com\/ro\/wp-content\/uploads\/sites\/5\/2024\/01\/20180207_s_0-1-1024x599.jpg 1024w, https:\/\/bm-cat.com\/ro\/wp-content\/uploads\/sites\/5\/2024\/01\/20180207_s_0-1-300x175.jpg 300w, https:\/\/bm-cat.com\/ro\/wp-content\/uploads\/sites\/5\/2024\/01\/20180207_s_0-1-768x449.jpg 768w, https:\/\/bm-cat.com\/ro\/wp-content\/uploads\/sites\/5\/2024\/01\/20180207_s_0-1-1536x898.jpg 1536w, https:\/\/bm-cat.com\/ro\/wp-content\/uploads\/sites\/5\/2024\/01\/20180207_s_0-1-2048x1198.jpg 2048w, https:\/\/bm-cat.com\/ro\/wp-content\/uploads\/sites\/5\/2024\/01\/20180207_s_0-1-600x351.jpg 600w\" sizes=\"auto, (max-width: 1024px) 100vw, 1024px\" \/><span aria-hidden=\"true\" class=\"wp-block-cover__background has-background-dim\"><\/span><div class=\"wp-block-cover__inner-container is-layout-flow wp-block-cover-is-layout-flow\">\n<p class=\"has-text-align-center has-large-font-size\"><strong>Teorie intensiv\u0103<\/strong><\/p>\n<\/div><\/div>\n\n\n\n<div style=\"height:35px\" aria-hidden=\"true\" class=\"wp-block-spacer\"><\/div>\n\n\n\n<p>Avem 3 traineri acredita\u021bi care predau <strong>60 ore de teorie<\/strong>, pe baza manualelor, \u0219i <strong>120 ore de practic<\/strong>\u0103 pe utilaje \u0219i simulatoare.<\/p>\n\n\n\n<div style=\"height:30px\" aria-hidden=\"true\" class=\"wp-block-spacer\"><\/div>\n\n\n\n<p>Cursan\u021bii vor fi implica\u021bi \u00een activit\u0103\u021bi de <strong>preg\u0103tire teren<\/strong>, <strong>s\u0103pare de \u0219anturi<\/strong>, \u00ee<strong>nc\u0103rcare de material<\/strong>, <strong>nivelare<\/strong> \u0219i <strong>toate celelalte sarcini de lucru obisnuite pe un santier<\/strong>. In Romania, suntem singura companie de formare care ofera si partea practica in conditii de santier, cursantii avand la dispozitie max. 8 utilaje diferite (intre 5 si 25 de tone greutate).<\/p>\n\n\n\n<div style=\"height:30px\" aria-hidden=\"true\" class=\"wp-block-spacer\"><\/div>\n\n\n\n<p>Mai mult, instruirea presupune si acumularea de cunostinte in domeniul procedurilor de siguranta a operatorului si utilajului, precum si a celor de intretinere zilnica a utilajului.<\/p>\n\n\n\n<div style=\"height:35px\" aria-hidden=\"true\" class=\"wp-block-spacer\"><\/div>\n\n\n\n<p><\/p>\n\n\n\n<div class=\"wp-block-cover aligncenter\"><img loading=\"lazy\" decoding=\"async\" width=\"1024\" height=\"678\" class=\"wp-block-cover__image-background wp-image-18019\" alt=\"\" src=\"https:\/\/bm-cat.com\/ro\/wp-content\/uploads\/sites\/5\/2024\/01\/f_dsc_0204-1-1024x678.jpg\" data-object-fit=\"cover\" srcset=\"https:\/\/bm-cat.com\/ro\/wp-content\/uploads\/sites\/5\/2024\/01\/f_dsc_0204-1-1024x678.jpg 1024w, https:\/\/bm-cat.com\/ro\/wp-content\/uploads\/sites\/5\/2024\/01\/f_dsc_0204-1-300x199.jpg 300w, https:\/\/bm-cat.com\/ro\/wp-content\/uploads\/sites\/5\/2024\/01\/f_dsc_0204-1-768x509.jpg 768w, https:\/\/bm-cat.com\/ro\/wp-content\/uploads\/sites\/5\/2024\/01\/f_dsc_0204-1-1536x1017.jpg 1536w, https:\/\/bm-cat.com\/ro\/wp-content\/uploads\/sites\/5\/2024\/01\/f_dsc_0204-1-2048x1356.jpg 2048w, https:\/\/bm-cat.com\/ro\/wp-content\/uploads\/sites\/5\/2024\/01\/f_dsc_0204-1-600x397.jpg 600w\" sizes=\"auto, (max-width: 1024px) 100vw, 1024px\" \/><span aria-hidden=\"true\" class=\"wp-block-cover__background has-background-dim\"><\/span><div class=\"wp-block-cover__inner-container is-layout-flow wp-block-cover-is-layout-flow\">\n<p class=\"has-text-align-center has-large-font-size\"><strong>Practic\u0103 \u00een condi\u021bii de \u0219antier<\/strong><\/p>\n<\/div><\/div>\n\n\n\n<p><\/p>\n\n\n\n<p><\/p>\n\n\n\n<p><\/p>\n\n\n\n<div style=\"height:53px\" aria-hidden=\"true\" class=\"wp-block-spacer\"><\/div>\n\n\n\n<div class=\"wp-block-buttons is-content-justification-center is-layout-flex wp-container-core-buttons-is-layout-16018d1d wp-block-buttons-is-layout-flex\">\n<div class=\"wp-block-button\"><a class=\"wp-block-button__link wp-element-button\" href=\"https:\/\/bm-cat.com\/ro\/scoala-operatorilor\/scoala-operatilor-form\/\" target=\"_blank\" rel=\"noreferrer noopener\"><strong><mark class=\"has-inline-color has-light-green-cyan-color\">INSCRIERI AICI!<\/mark><\/strong><\/a><\/div>\n<\/div>\n\n\n\n<div style=\"height:50px\" aria-hidden=\"true\" class=\"wp-block-spacer\"><\/div>\n\n\n\n<h2 class=\"wp-block-heading\"><mark class=\"has-inline-color has-light-green-cyan-color\">CE PRESUPUNE EXAMENUL?<\/mark><\/h2>\n\n\n\n<div style=\"height:25px\" aria-hidden=\"true\" class=\"wp-block-spacer\"><\/div>\n\n\n\n<div class=\"wp-block-media-text alignwide has-media-on-the-right is-stacked-on-mobile is-vertically-aligned-center is-image-fill-element\" style=\"grid-template-columns:auto 46%\"><div class=\"wp-block-media-text__content\">\n<p>Examenul final contine<strong> proba scrisa<\/strong> \u2013 test grila &#8211; si <strong>proba practica<\/strong> &#8211; pe langa utilaj &#8211; si se sustine in fata unor specialisti externi desemnati de comisia de autorizare de la Autoritatea Nationala pentru Calificari.<\/p>\n\n\n\n<p><\/p>\n\n\n\n<p><\/p>\n\n\n\n<p><\/p>\n\n\n\n<p>Dupa examenul final, absolventii vor primi o <strong>DIPLOMA DE SPECIALIZARE PENTRU OCUPATIA DE MASINIST LA MASINI PENTRU TERASAMENTE<\/strong>, acreditata de Ministerul Educatiei Nationale si Ministerul Muncii.<\/p>\n<\/div><figure class=\"wp-block-media-text__media\"><img loading=\"lazy\" decoding=\"async\" width=\"755\" height=\"774\" src=\"https:\/\/bm-cat.com\/ro\/wp-content\/uploads\/sites\/5\/2024\/01\/diploma_operator_0-1.png\" alt=\"\" class=\"wp-image-18031 size-full\" style=\"object-position:50% 50%\" srcset=\"https:\/\/bm-cat.com\/ro\/wp-content\/uploads\/sites\/5\/2024\/01\/diploma_operator_0-1.png 755w, https:\/\/bm-cat.com\/ro\/wp-content\/uploads\/sites\/5\/2024\/01\/diploma_operator_0-1-293x300.png 293w, https:\/\/bm-cat.com\/ro\/wp-content\/uploads\/sites\/5\/2024\/01\/diploma_operator_0-1-600x615.png 600w\" sizes=\"auto, (max-width: 755px) 100vw, 755px\" \/><\/figure><\/div>\n\n\n\n<div style=\"height:69px\" aria-hidden=\"true\" class=\"wp-block-spacer\"><\/div>\n\n\n\n<div style=\"height:11px\" aria-hidden=\"true\" class=\"wp-block-spacer\"><\/div>\n\n\n\n<h2 class=\"wp-block-heading\">SOLICITATI DETALII INSCRIERE<\/h2>\n\n\n\n<div style=\"height:45px\" aria-hidden=\"true\" class=\"wp-block-spacer\"><\/div>\n\n\n\n<p>Scoala Operatorilor se adreseaza acelora dintre dumneavoastra care doriti sa va specializati ca operatori de utilaje de constructii. Pentru mai multe detalii referitoare la modalitatea de desfasurare a cursurilor sau inregistrare, va rugam sa completati formularul de mai jos<\/p>\n\n\n","protected":false},"excerpt":{"rendered":"<p>Din anul 2014, \u0218coala Operatorilor este acreditat\u0103 de Ministerul Educa\u021biei Na\u021bionale s\u0103 sus\u021bin\u0103&nbsp;cursuri de specializare pentru ocupa\u021bia de Ma\u0219inist la Ma\u0219ini pentru Terasamente. Misiunea \u0219colii este de a oferi cursan\u021bilor cuno\u0219tin\u021bele \u0219i abilit\u0103\u021bile necesare pentru a opera \u00een siguran\u021b\u0103 \u0219i cu eficien\u021b\u0103 utilajele \u00een sectorul \u00een care activeaz\u0103. Un curs con\u021bine 180 de ore de [&hellip;]<\/p>\n","protected":false},"author":26,"featured_media":23268,"parent":0,"menu_order":0,"comment_status":"closed","ping_status":"closed","template":"","meta":{"_acf_changed":false,"_sitemap_exclude":false,"_sitemap_priority":"","_sitemap_frequency":"","footnotes":"[]"},"class_list":["post-17988","page","type-page","status-publish","has-post-thumbnail","hentry"],"acf":[],"_links":{"self":[{"href":"https:\/\/bm-cat.com\/ro\/wp-json\/wp\/v2\/pages\/17988","targetHints":{"allow":["GET"]}}],"collection":[{"href":"https:\/\/bm-cat.com\/ro\/wp-json\/wp\/v2\/pages"}],"about":[{"href":"https:\/\/bm-cat.com\/ro\/wp-json\/wp\/v2\/types\/page"}],"author":[{"embeddable":true,"href":"https:\/\/bm-cat.com\/ro\/wp-json\/wp\/v2\/users\/26"}],"replies":[{"embeddable":true,"href":"https:\/\/bm-cat.com\/ro\/wp-json\/wp\/v2\/comments?post=17988"}],"version-history":[{"count":43,"href":"https:\/\/bm-cat.com\/ro\/wp-json\/wp\/v2\/pages\/17988\/revisions"}],"predecessor-version":[{"id":25602,"href":"https:\/\/bm-cat.com\/ro\/wp-json\/wp\/v2\/pages\/17988\/revisions\/25602"}],"wp:featuredmedia":[{"embeddable":true,"href":"https:\/\/bm-cat.com\/ro\/wp-json\/wp\/v2\/media\/23268"}],"wp:attachment":[{"href":"https:\/\/bm-cat.com\/ro\/wp-json\/wp\/v2\/media?parent=17988"}],"curies":[{"name":"wp","href":"https:\/\/api.w.org\/{rel}","templated":true}]}}