{"id":21345,"date":"2024-02-28T12:04:36","date_gmt":"2024-02-28T10:04:36","guid":{"rendered":"https:\/\/ppr.bm-cat.com\/ro\/?page_id=21345"},"modified":"2025-04-08T13:16:12","modified_gmt":"2025-04-08T11:16:12","slug":"politica-privind-cookie-urile","status":"publish","type":"page","link":"https:\/\/bm-cat.com\/ro\/politica-privind-cookie-urile\/","title":{"rendered":"Politica privind cookie-urile"},"content":{"rendered":"\n<div class=\"wp-block-cover\"><span aria-hidden=\"true\" class=\"wp-block-cover__background has-background-dim\"><\/span><img loading=\"lazy\" decoding=\"async\" width=\"1518\" height=\"435\" class=\"wp-block-cover__image-background wp-image-21325\" alt=\"\" src=\"https:\/\/bm-cat.com\/ro\/wp-content\/uploads\/sites\/5\/2024\/02\/bm_genlis1.jpg\" data-object-fit=\"cover\" srcset=\"https:\/\/bm-cat.com\/ro\/wp-content\/uploads\/sites\/5\/2024\/02\/bm_genlis1.jpg 1518w, https:\/\/bm-cat.com\/ro\/wp-content\/uploads\/sites\/5\/2024\/02\/bm_genlis1-300x86.jpg 300w, https:\/\/bm-cat.com\/ro\/wp-content\/uploads\/sites\/5\/2024\/02\/bm_genlis1-1024x293.jpg 1024w, https:\/\/bm-cat.com\/ro\/wp-content\/uploads\/sites\/5\/2024\/02\/bm_genlis1-768x220.jpg 768w, https:\/\/bm-cat.com\/ro\/wp-content\/uploads\/sites\/5\/2024\/02\/bm_genlis1-600x172.jpg 600w\" sizes=\"auto, (max-width: 1518px) 100vw, 1518px\" \/><div class=\"wp-block-cover__inner-container is-layout-flow wp-block-cover-is-layout-flow\">\n<h1 class=\"wp-block-heading has-text-align-center\">Politica privind cookie-urile<\/h1>\n<\/div><\/div>\n\n\n\n<style>.page p{margin-top: 1em}<\/style>\n\n\n\n<p>Atunci c\u00e2nd consultati site-ul\u00a0<a href=\"http:\/\/www.bm-cat.com\/ro-ro\">www.bm-cat.com\/ro<\/a>\u00a0(denumit \u00een continuare \u201eWebsite-ul&#8221;), anumite informatii referitoare la navigarea dumneavoastr\u0103 pot fi \u00eenregistrate \u00een fisierele \u201ecookie&#8221; instalate pe terminalul dumneavoastr\u0103 (computer, tablet\u0103, telefon mobil sau orice alt dispozitiv optimizat pentru Internet).<\/p>\n\n\n\n<p>Aceste cookie-uri sunt emise de BERGERAT MONNOYEUR SRL pentru a facilita navigarea pe acest site, \u00een scopuri de m\u0103surare a audientei si astfel \u00eenc\u00e2t s\u0103 puteti interactiona cu modulele sociale de pe Website (Facebook, Twitter, etc.).<\/p>\n\n\n\n<p>Aceast\u0103 Politic\u0103 v\u0103 permite s\u0103 \u00eentelegeti ce este un cookie, care este rolul s\u0103u si s\u0103 configurati functionarea acestuia.<\/p>\n\n\n\n<p>Pentru mai multe informatii referitoare la prelucrarea datelor efectuate de BERGERAT MONNOYEUR SRL\u00a0 v\u0103 rug\u0103m s\u0103 accesati Politica noastr\u0103 de confidentialitate <a href=\"https:\/\/bm-cat.com\/ro\/politica-de-confidentialitate\/\">https:\/\/bm-cat.com\/ro\/politica-de-confidentialitate\/<\/a><\/p>\n\n\n\n<p><strong>Ce este un cookie?<\/strong><br>&nbsp;<\/p>\n\n\n\n<p>Un cookie este un fisier text care, datorit\u0103 software-ului browser-ului dumneavoastr\u0103, este depus \u00eentr-un spatiu dedicat pe hard diskul dispozitivului atunci c\u00e2nd vizitati un site sau vizualizati o reclam\u0103. Acesta contine mai multe date, cum ar fi numele serverului care l-a depus (serverul site-ului pe care \u00eel vizitati), un identificator sub forma unui num\u0103r unic si, eventual, o dat\u0103 de expirare a cookie-ului.<\/p>\n\n\n\n<p>Cookie-urile permit emitentului s\u0103 recunoasc\u0103 terminalul utilizatorului cu care este \u00eenregistrat si s\u0103 colecteze informatii referitoare la navigarea sa pe site-urile web.<\/p>\n\n\n\n<p><strong>Ce tip de cookie-uri utilizate pe acest Website?<\/strong><\/p>\n\n\n\n<ul class=\"wp-block-list\">\n<li>Cookie-urile&#8221; esentiale pentru functionarea Website-ului: ele permit stocarea informatiilor introduse \u00een formulare, gestioneaz\u0103 si asigur\u0103 accesul \u00een zonele rezervate (\u00eenregistrarea sau accesul la contul dumneavoastr\u0103, serviciul solicitat, continutul unui cos de comenzi etc.).<\/li>\n\n\n\n<li>Cookie-uri functionale: acestea permit adaptarea prezent\u0103rii Website-ului la preferintele de afisare ale terminalului dumneavoastr\u0103 (limba utilizat\u0103, rezolutia afisajului etc.) si, astfel, v\u0103 personalizeaz\u0103 accesul la Website.<\/li>\n\n\n\n<li>Cookie-uri analitice (sau \u201ecookie-uri de m\u0103surare a audientei&#8221;): colecteaz\u0103 \u00een mod anonim date de trafic pentru a stabili statistici si volume de trafic (num\u0103rul de vizite, pagini vizualizate etc.) si pentru a cunoaste utilizarea elementelor care alc\u0103tuiesc acest Website (sectiuni si pagini consultate etc.) permit\u00e2nd IPSO SRL s\u0103 monitorizeze si s\u0103 \u00eembun\u0103t\u0103teasc\u0103 calitatea serviciilor sale. Astfel, acest Website utilizeaz\u0103 Google Analytics, un serviciu de analiz\u0103 a site-urilor web furnizat de Google Inc. (\u201eGoogle&#8221;) care ne permite s\u0103 analiz\u0103m utilizarea Website-ului de c\u0103tre utilizatorii s\u0103i.<\/li>\n\n\n\n<li>Cookie-uri sociale: acestea v\u0103 permit s\u0103 interactionati cu modulele sociale de pe Website (Facebook, Twitter etc.).<\/li>\n<\/ul>\n\n\n\n<p><strong>Cum s\u0103 v\u0103 gestionati modulele cookie ?<\/strong><br>&nbsp;<\/p>\n\n\n\n<p>\u00cen orice moment, puteti modifica parametrii de utilizare a diferitelor categorii de cookie-uri de pe Website.<\/p>\n\n\n\n<p>V\u0103 oferim un instrument simplu care v\u0103 permite s\u0103 configurati depunerea de cookie-uri \u00een functie de categoria lor: cookie-uri de \u201eretele sociale&#8221;, cookie-uri de m\u0103surare a audientei, cookie-uri publicitare, etc.<\/p>\n\n\n\n<p>Alegerile pe care le faceti utiliz\u00e2nd acest instrument vor fi valabile numai atunci c\u00e2nd navigati pe Website.<\/p>\n\n\n\n<p>Pentru a utiliza acest instrument, faceti clic aici.<br>&nbsp;<\/p>\n\n\n\n<p>Pentru a gestiona cookie-urile c\u00e2t mai aproape de astept\u0103rile dumneavoastr\u0103, puteti&nbsp; configura browser-ul tin\u00e2nd cont de scopul cookie-urilor. Veti g\u0103si mai jos informatii detaliate despre cum s\u0103 faceti acest lucru, pentru cele mai utilizate browsere:<br>&nbsp;<\/p>\n\n\n\n<p>\u2022 Internet Explorer &#8211;\u00a0http:\/\/support.microsoft.com\/kb\/278835 <\/p>\n\n\n\n<p>\u2022 Chrome &#8211;&nbsp;<a href=\"https:\/\/support.google.com\/chrome\/answer\/95647?hl=en%C2%A0\" target=\"_blank\" rel=\"noopener\">https:\/\/support.google.com\/chrome\/answer\/95647?hl=en&nbsp;<\/a><\/p>\n\n\n\n<p>\u2022 Firefox &#8211;&nbsp;<a href=\"https:\/\/support.mozilla.org\/ro\/kb\/storage?as=u&amp;utm_source=inproduct&amp;redirectslug=permission-store-data&amp;redirectlocale=en-U%C2%A0\" target=\"_blank\" rel=\"noopener\">https:\/\/support.mozilla.org\/ro\/kb\/storage?as=u&amp;utm_source=inproduct&amp;redi&#8230;<\/a><\/p>\n\n\n\n<p>\u2022 Safari &#8211;&nbsp;<a href=\"http:\/\/support.apple.com\/kb\/PH5042\" target=\"_blank\" rel=\"noopener\">http:\/\/support.apple.com\/kb\/PH5042<\/a><\/p>\n\n\n\n<p>\u2022 Opera &#8211;&nbsp;<a href=\"http:\/\/www.opera.com\/browser\/tutorials\/security\/privacy\/\" target=\"_blank\" rel=\"noopener\">http:\/\/www.opera.com\/browser\/tutorials\/security\/privacy\/<\/a><br>&nbsp;<\/p>\n\n\n\n<p><strong>C\u00e2t timp sunt stocate modulele cookie pe dispozitivul dumneavoastr\u0103?<\/strong><br>&nbsp;<\/p>\n\n\n\n<p>Cookie-urile sunt stocate pe dispozitivul dumneavoastr\u0103, at\u00e2t timp c\u00e2t este necesar pentru \u00eendeplinirea scopurilor descrise mai sus. \u00cen special, alegerea dumneavoastr\u0103, at\u00e2t consimt\u0103m\u00e2ntul, c\u00e2t si\/sau refuzul, referitoare la cookie-uri sunt p\u0103strate pentru o perioad\u0103 de 6 luni (dup\u0103 aceast\u0103 perioad\u0103 v\u0103 vom solicita din nou s\u0103 alegeti modul \u00een care doriti s\u0103 gestionati cookie-urile pe Website-ul nostru).<br>&nbsp;<\/p>\n\n\n\n<p><strong>Cum s\u0103-ti exerciti drepturile?<\/strong><br>&nbsp;<\/p>\n\n\n\n<p>\u00cen conformitate cu Reglement\u0103rile aplicabile privind protectia datelor, \u00een functie de situatie, aveti dreptul de a solicita accesul, rectificarea, stergerea si portabilitatea datelor dumneavoastr\u0103 cu caracter personal si de a solicita limitarea sau de a v\u0103 opune prelucr\u0103rii datelor dumneavoastr\u0103 cu caracter personal, precum si s\u0103 v\u0103 retrageti consimt\u0103m\u00e2ntul \u00een orice moment. Puteti exercita aceste drepturi scriind la urm\u0103toarea adres\u0103 de e-mail:&nbsp;<a href=\"mailto:dpo@monnoyeur.com\">dpo@monnoyeur.com<\/a>.<\/p>\n\n\n\n<p>De asemenea, aveti dreptul de a depune o pl\u00e2ngere \u00eempotriva unei autorit\u0103ti de supraveghere, cum ar fi Autoritatea National\u0103 de Supraveghere a Prelucr\u0103rii Datelor cu Caracter Personal din Rom\u00e2nia, \u00een cazul \u00eenc\u0103lc\u0103rii Reglement\u0103rilor aplicabile privind protectia datelor cu caracter personal si, \u00een special, a Regulamentului general european nr. 2016\/679 privind protectia datelor (RGPD), \u00een vigoare din 25 mai 2018.<br>&nbsp;<\/p>\n\n\n\n<p><strong>Cum modific\u0103m si actualiz\u0103m aceast\u0103 politic\u0103?<\/strong><br>&nbsp;<\/p>\n\n\n\n<p>BERGERAT MONNOYEUR SRL&nbsp;<\/p>\n\n\n\n<p>\u00eesi rezerv\u0103 dreptul de a modifica sau completa aceast\u0103 Politic\u0103 privind modulele cookie ca urmare a oric\u0103ror modific\u0103ri sau complet\u0103ri ale Reglement\u0103rilor aplicabile privind protectia datelor.<\/p>\n\n\n\n<p>Orice modificare a acestei Politici privind cookie-urile va fi, \u00een orice caz, disponibil\u0103 odat\u0103 publicat\u0103 pe Website-ul nostru.&nbsp;<\/p>\n","protected":false},"excerpt":{"rendered":"<p>Atunci c\u00e2nd consultati site-ul\u00a0www.bm-cat.com\/ro\u00a0(denumit \u00een continuare \u201eWebsite-ul&#8221;), anumite informatii referitoare la navigarea dumneavoastr\u0103 pot fi \u00eenregistrate \u00een fisierele \u201ecookie&#8221; instalate pe terminalul dumneavoastr\u0103 (computer, tablet\u0103, telefon mobil sau orice alt dispozitiv optimizat pentru Internet). Aceste cookie-uri sunt emise de BERGERAT MONNOYEUR SRL pentru a facilita navigarea pe acest site, \u00een scopuri de m\u0103surare a audientei [&hellip;]<\/p>\n","protected":false},"author":4,"featured_media":0,"parent":0,"menu_order":0,"comment_status":"closed","ping_status":"closed","template":"","meta":{"_acf_changed":false,"_sitemap_exclude":false,"_sitemap_priority":"","_sitemap_frequency":"","footnotes":""},"class_list":["post-21345","page","type-page","status-publish","hentry"],"acf":[],"_links":{"self":[{"href":"https:\/\/bm-cat.com\/ro\/wp-json\/wp\/v2\/pages\/21345","targetHints":{"allow":["GET"]}}],"collection":[{"href":"https:\/\/bm-cat.com\/ro\/wp-json\/wp\/v2\/pages"}],"about":[{"href":"https:\/\/bm-cat.com\/ro\/wp-json\/wp\/v2\/types\/page"}],"author":[{"embeddable":true,"href":"https:\/\/bm-cat.com\/ro\/wp-json\/wp\/v2\/users\/4"}],"replies":[{"embeddable":true,"href":"https:\/\/bm-cat.com\/ro\/wp-json\/wp\/v2\/comments?post=21345"}],"version-history":[{"count":4,"href":"https:\/\/bm-cat.com\/ro\/wp-json\/wp\/v2\/pages\/21345\/revisions"}],"predecessor-version":[{"id":23431,"href":"https:\/\/bm-cat.com\/ro\/wp-json\/wp\/v2\/pages\/21345\/revisions\/23431"}],"wp:attachment":[{"href":"https:\/\/bm-cat.com\/ro\/wp-json\/wp\/v2\/media?parent=21345"}],"curies":[{"name":"wp","href":"https:\/\/api.w.org\/{rel}","templated":true}]}}