{"id":21417,"date":"2024-02-28T16:42:56","date_gmt":"2024-02-28T14:42:56","guid":{"rendered":"https:\/\/ppr.bm-cat.com\/ro\/?page_id=21417"},"modified":"2024-02-28T16:44:19","modified_gmt":"2024-02-28T14:44:19","slug":"lucrator-depozit-magazioner","status":"publish","type":"page","link":"https:\/\/bm-cat.com\/ro\/resurse-umane\/lucrator-depozit-magazioner\/","title":{"rendered":"Lucrator Depozit (Magazioner)"},"content":{"rendered":"\n<h1 class=\"wp-block-heading has-text-align-left\">Lucrator Depozit (Magazioner)<\/h1>\n\n\n\n<p><strong>Locatie<\/strong>:\u00a0Mogosoaia<\/p>\n\n\n\n<p><strong>Departament<\/strong>:\u00a0Logistique \/ Achats \/ Qualit\u00e9<\/p>\n\n\n\n<p><strong>Conditii de ocupare ale postului:\u00a0<\/strong><\/p>\n\n\n\n<p><strong>Angajam Lucrator Depozit\/ Magazioner pentru sediul de pe Soseaua Odaii, Business Park Recon Mogosoaia.<\/strong><\/p>\n\n\n\n<p>Asiguram transport tur-retur pe ruta Crevedia &#8211; Mogosoaia si&nbsp;Bucurestii Noi &#8211; Mogosoaia.<\/p>\n\n\n\n<p>&#8211; Studii medii.<br>&#8211; Autoriza\u021bie ISCIR de stivuitorist constituie un avantaj (oferim \u0219colarizare \u0219i certificare).<br>&#8211; Experien\u021b\u0103 anterioar\u0103, de preferat \u00een depozit.<br>&#8211; Cuno\u0219tin\u021be tehnice generale \u00een domeniul auto sau al utilajelor de construc\u021bii &#8211; constituie un avantaj.<br>&#8211; Cuno\u0219tin\u021be medii \u00een domeniul sistemelor de operare PC (World, Excel)<br>&#8211; Cuno\u0219tin\u021be minime de limba englez\u0103.<\/p>\n\n\n\n<p>Descrierea jobului<\/p>\n\n\n\n<p>&#8211; Descarc\u0103 \u0219i recep\u021bioneaz\u0103 marfa.<br>&#8211; Urm\u0103re\u0219te ie\u0219irile din stoc \u0219i gestioneaz\u0103 retururile.<br>&#8211; Identific\u0103 piesele de schimb \u0219i uleiurile \u00een sistemul informatic \u0219i \u00een magazie.<br>&#8211; Pregateste coletele cu&nbsp;piese de schimb \u0219i uleiuri c\u0103tre clien\u021bi, tehnicieni \u0219i puncte de lucru.<br>&#8211; Participa la realizarea inventarului.<br>&#8211; Men\u021bine stocul \u00een ordine \u0219i asigur\u0103 cur\u0103\u021benia \u00een magazia de piese.<br>&nbsp;<\/p>\n\n\n\n<p>Program de lucru: Luni &#8211; Vineri: 08.00 &#8211; 17.00, Pauz\u0103 de mas\u0103 1h.<\/p>\n\n\n\n<p>Ce iti oferim:&nbsp;<\/p>\n\n\n\n<p>Pachet salarial motivant, bonusuri de performan\u021b\u0103.<\/p>\n\n\n\n<p>Asigurare de via\u021b\u0103 cu clauz\u0103 de decontare a unor cheltuieli medicale in valoare de 1000 lei pe an;<\/p>\n\n\n\n<p>Asigurare de s\u0103n\u0103tate care include gratuit consultatii, analize si investigatii amanuntite;<\/p>\n\n\n\n<p>Tichete cadou pentru copii cu ocazia zilei de 1 Iunie si a s\u0103rb\u0103torilor de iarn\u0103;<\/p>\n\n\n\n<p>Tichete de mas\u0103 \u00een valoare de 30 RON\/ zi lucratoare;<\/p>\n\n\n\n<p>Acces la biblioteca on- line Bookster.<\/p>\n\n\n\n<p>Transport asigurat Crevedia &#8211; Mogosoaia si Bucurestii Noi &#8211; Mogosoaia.<\/p>\n\n\n\n<p><strong>Pentru mai multe informatii despre acest post, va rugam sa ne trimiteti CV-ul dumneavoastra la adresa:\u00a0<a href=\"mailto:recrutare@b-m.ro\">recrutare@b-m.ro<\/a>\u00a0<\/strong><\/p>\n\n\n\n<style>#primary p {margin: 1em 0}<\/style>\n","protected":false},"excerpt":{"rendered":"<p>Lucrator Depozit (Magazioner) Locatie:\u00a0Mogosoaia Departament:\u00a0Logistique \/ Achats \/ Qualit\u00e9 Conditii de ocupare ale postului:\u00a0 Angajam Lucrator Depozit\/ Magazioner pentru sediul de pe Soseaua Odaii, Business Park Recon Mogosoaia. Asiguram transport tur-retur pe ruta Crevedia &#8211; Mogosoaia si&nbsp;Bucurestii Noi &#8211; Mogosoaia. &#8211; Studii medii.&#8211; Autoriza\u021bie ISCIR de stivuitorist constituie un avantaj (oferim \u0219colarizare \u0219i certificare).&#8211; Experien\u021b\u0103 [&hellip;]<\/p>\n","protected":false},"author":4,"featured_media":0,"parent":21393,"menu_order":0,"comment_status":"closed","ping_status":"closed","template":"","meta":{"_acf_changed":false,"_sitemap_exclude":false,"_sitemap_priority":"","_sitemap_frequency":"","footnotes":""},"class_list":["post-21417","page","type-page","status-publish","hentry"],"acf":[],"_links":{"self":[{"href":"https:\/\/bm-cat.com\/ro\/wp-json\/wp\/v2\/pages\/21417","targetHints":{"allow":["GET"]}}],"collection":[{"href":"https:\/\/bm-cat.com\/ro\/wp-json\/wp\/v2\/pages"}],"about":[{"href":"https:\/\/bm-cat.com\/ro\/wp-json\/wp\/v2\/types\/page"}],"author":[{"embeddable":true,"href":"https:\/\/bm-cat.com\/ro\/wp-json\/wp\/v2\/users\/4"}],"replies":[{"embeddable":true,"href":"https:\/\/bm-cat.com\/ro\/wp-json\/wp\/v2\/comments?post=21417"}],"version-history":[{"count":1,"href":"https:\/\/bm-cat.com\/ro\/wp-json\/wp\/v2\/pages\/21417\/revisions"}],"predecessor-version":[{"id":21419,"href":"https:\/\/bm-cat.com\/ro\/wp-json\/wp\/v2\/pages\/21417\/revisions\/21419"}],"up":[{"embeddable":true,"href":"https:\/\/bm-cat.com\/ro\/wp-json\/wp\/v2\/pages\/21393"}],"wp:attachment":[{"href":"https:\/\/bm-cat.com\/ro\/wp-json\/wp\/v2\/media?parent=21417"}],"curies":[{"name":"wp","href":"https:\/\/api.w.org\/{rel}","templated":true}]}}