{"id":24287,"date":"2025-07-30T15:32:13","date_gmt":"2025-07-30T13:32:13","guid":{"rendered":"https:\/\/bm-cat.com\/ro\/?page_id=24287"},"modified":"2025-12-18T11:42:21","modified_gmt":"2025-12-18T09:42:21","slug":"certificari-internationale-iso","status":"publish","type":"page","link":"https:\/\/bm-cat.com\/ro\/noutati-bm\/certificari-internationale-iso\/","title":{"rendered":"Certific\u0103ri interna\u021bionale ISO \u2013 Angajamentul nostru continuu pentru calitate, mediu \u0219i siguran\u021b\u0103"},"content":{"rendered":"\n<div class=\"wp-block-group alignfull\"><div class=\"wp-block-group__inner-container is-layout-constrained wp-block-group-is-layout-constrained\">\n<div class=\"wp-block-columns is-layout-flex wp-container-core-columns-is-layout-9d6595d7 wp-block-columns-is-layout-flex\">\n<div class=\"wp-block-column is-layout-flow wp-block-column-is-layout-flow\" style=\"font-size:31px;flex-basis:100%\"><\/div>\n<\/div>\n<\/div><\/div>\n\n\n\n<h2 class=\"wp-block-heading\"><strong>Certificari internationale ISO \u2013 Angajamentul nostru continuu pentru calitate, mediu si siguranta<\/strong><\/h2>\n\n\n\n<p class=\"has-large-font-size\"><\/p>\n\n\n\n<div style=\"height:28px\" aria-hidden=\"true\" class=\"wp-block-spacer\"><\/div>\n\n\n\n<h2 class=\"wp-block-heading\">ISO 9001:2015 \u2013 Managementul calit\u0103\u021bii<\/h2>\n\n\n\n<p>Aceast\u0103 certificare confirm\u0103 faptul c\u0103 procesele noastre sunt orientate c\u0103tre satisfacerea clien\u021bilor \u0219i \u00eembun\u0103t\u0103\u021birea continu\u0103. Ne asigur\u0103m c\u0103 fiecare produs \u0219i serviciu livrat respect\u0103 cele mai riguroase standarde de calitate.<\/p>\n\n\n\n<div data-wp-interactive=\"core\/file\" class=\"wp-block-file\"><object data-wp-bind--hidden=\"!state.hasPdfPreview\" hidden class=\"wp-block-file__embed\" data=\"https:\/\/bm-cat.com\/ro\/wp-content\/uploads\/sites\/5\/2025\/07\/117442_BERGERAT-MONNOYEUR-2023-QM-ro-RECA-annex.pdf\" type=\"application\/pdf\" style=\"width:100%;height:600px\" aria-label=\"Embed of _117442_BERGERAT MONNOYEUR 2023 QM ro RECA + annex.\"><\/object><a id=\"wp-block-file--media-f2f67302-9055-48d6-ba99-4aa0797d9eeb\" href=\"https:\/\/bm-cat.com\/ro\/wp-content\/uploads\/sites\/5\/2025\/07\/117442_BERGERAT-MONNOYEUR-2023-QM-ro-RECA-annex.pdf\">_117442_BERGERAT MONNOYEUR 2023 QM ro RECA + annex<\/a><a href=\"https:\/\/bm-cat.com\/ro\/wp-content\/uploads\/sites\/5\/2025\/07\/117442_BERGERAT-MONNOYEUR-2023-QM-ro-RECA-annex.pdf\" class=\"wp-block-file__button wp-element-button\" download aria-describedby=\"wp-block-file--media-f2f67302-9055-48d6-ba99-4aa0797d9eeb\">Download<\/a><\/div>\n\n\n\n<div data-wp-interactive=\"core\/file\" class=\"wp-block-file\"><object data-wp-bind--hidden=\"!state.hasPdfPreview\" hidden class=\"wp-block-file__embed\" data=\"https:\/\/bm-cat.com\/ro\/wp-content\/uploads\/sites\/5\/2025\/07\/117442_BERGERAT-MONNOYEUR-2023-QM-en-RECA-annex.pdf\" type=\"application\/pdf\" style=\"width:100%;height:600px\" aria-label=\"Embed of _117442_BERGERAT MONNOYEUR 2023 QM en RECA + annex.\"><\/object><a id=\"wp-block-file--media-8eca085d-0bfb-4cb3-91a2-60c81ad8d33d\" href=\"https:\/\/bm-cat.com\/ro\/wp-content\/uploads\/sites\/5\/2025\/07\/117442_BERGERAT-MONNOYEUR-2023-QM-en-RECA-annex.pdf\">_117442_BERGERAT MONNOYEUR 2023 QM en RECA + annex<\/a><a href=\"https:\/\/bm-cat.com\/ro\/wp-content\/uploads\/sites\/5\/2025\/07\/117442_BERGERAT-MONNOYEUR-2023-QM-en-RECA-annex.pdf\" class=\"wp-block-file__button wp-element-button\" download aria-describedby=\"wp-block-file--media-8eca085d-0bfb-4cb3-91a2-60c81ad8d33d\">Download<\/a><\/div>\n\n\n\n<div style=\"height:100px\" aria-hidden=\"true\" class=\"wp-block-spacer\"><\/div>\n\n\n\n<h2 class=\"wp-block-heading\">ISO 14001:2015 \u2013 Managementul de mediu<\/h2>\n\n\n\n<p>Certificarea ISO 14001 demonstreaz\u0103 grija noastr\u0103 fa\u021b\u0103 de mediul \u00eenconjur\u0103tor. Prin implementarea unor practici sustenabile \u0219i controlul impactului asupra mediului, contribuim activ la protejarea resurselor naturale \u0219i reducerea amprentei ecologice.<\/p>\n\n\n\n<div data-wp-interactive=\"core\/file\" class=\"wp-block-file\"><object data-wp-bind--hidden=\"!state.hasPdfPreview\" hidden class=\"wp-block-file__embed\" data=\"https:\/\/bm-cat.com\/ro\/wp-content\/uploads\/sites\/5\/2025\/07\/117442_BERGERAT-MONNOYEUR-2023-UM-ro-RECA-annex.pdf\" type=\"application\/pdf\" style=\"width:100%;height:600px\" aria-label=\"Embed of _117442_BERGERAT MONNOYEUR 2023 UM ro RECA + annex.\"><\/object><a id=\"wp-block-file--media-e10a561e-1a20-4441-9dad-4c979f9356e2\" href=\"https:\/\/bm-cat.com\/ro\/wp-content\/uploads\/sites\/5\/2025\/07\/117442_BERGERAT-MONNOYEUR-2023-UM-ro-RECA-annex.pdf\">_117442_BERGERAT MONNOYEUR 2023 UM ro RECA + annex<\/a><a href=\"https:\/\/bm-cat.com\/ro\/wp-content\/uploads\/sites\/5\/2025\/07\/117442_BERGERAT-MONNOYEUR-2023-UM-ro-RECA-annex.pdf\" class=\"wp-block-file__button wp-element-button\" download aria-describedby=\"wp-block-file--media-e10a561e-1a20-4441-9dad-4c979f9356e2\">Download<\/a><\/div>\n\n\n\n<div data-wp-interactive=\"core\/file\" class=\"wp-block-file\"><object data-wp-bind--hidden=\"!state.hasPdfPreview\" hidden class=\"wp-block-file__embed\" data=\"https:\/\/bm-cat.com\/ro\/wp-content\/uploads\/sites\/5\/2025\/07\/117442_BERGERAT-MONNOYEUR-2023-UM-en-RECA-annex-1.pdf\" type=\"application\/pdf\" style=\"width:100%;height:600px\" aria-label=\"Embed of _117442_BERGERAT MONNOYEUR 2023 UM en RECA + annex.\"><\/object><a id=\"wp-block-file--media-714577c8-80cb-4dae-88cd-c9d12226f594\" href=\"https:\/\/bm-cat.com\/ro\/wp-content\/uploads\/sites\/5\/2025\/07\/117442_BERGERAT-MONNOYEUR-2023-UM-en-RECA-annex-1.pdf\">_117442_BERGERAT MONNOYEUR 2023 UM en RECA + annex<\/a><a href=\"https:\/\/bm-cat.com\/ro\/wp-content\/uploads\/sites\/5\/2025\/07\/117442_BERGERAT-MONNOYEUR-2023-UM-en-RECA-annex-1.pdf\" class=\"wp-block-file__button wp-element-button\" download aria-describedby=\"wp-block-file--media-714577c8-80cb-4dae-88cd-c9d12226f594\">Download<\/a><\/div>\n\n\n\n<div style=\"height:100px\" aria-hidden=\"true\" class=\"wp-block-spacer\"><\/div>\n\n\n\n<h2 class=\"wp-block-heading\">ISO 45001:2018 \u2013 S\u0103n\u0103tate \u0219i securitate ocupa\u021bional\u0103<\/h2>\n\n\n\n<p>Siguran\u021ba angaja\u021bilor no\u0219tri este o prioritate absolut\u0103. Prin certificarea ISO 45001:2018, ne angaj\u0103m s\u0103 asigur\u0103m un mediu de lucru sigur, s\u0103 prevenim accidentele \u0219i s\u0103 promov\u0103m s\u0103n\u0103tatea \u0219i bun\u0103starea tuturor celor implica\u021bi \u00een activitatea noastr\u0103.<\/p>\n\n\n\n<div data-wp-interactive=\"core\/file\" class=\"wp-block-file\"><object data-wp-bind--hidden=\"!state.hasPdfPreview\" hidden class=\"wp-block-file__embed\" data=\"https:\/\/bm-cat.com\/ro\/wp-content\/uploads\/sites\/5\/2025\/07\/117442_BERGERAT-MONNOYEUR-2023-45001-ro-RECA-annex-1.pdf\" type=\"application\/pdf\" style=\"width:100%;height:600px\" aria-label=\"Embed of _117442_BERGERAT MONNOYEUR 2023 45001 ro RECA + annex.\"><\/object><a id=\"wp-block-file--media-70d2b89c-fb8a-4e15-8c96-f91332a4f8c1\" href=\"https:\/\/bm-cat.com\/ro\/wp-content\/uploads\/sites\/5\/2025\/07\/117442_BERGERAT-MONNOYEUR-2023-45001-ro-RECA-annex-1.pdf\">_117442_BERGERAT MONNOYEUR 2023 45001 ro RECA + annex<\/a><a href=\"https:\/\/bm-cat.com\/ro\/wp-content\/uploads\/sites\/5\/2025\/07\/117442_BERGERAT-MONNOYEUR-2023-45001-ro-RECA-annex-1.pdf\" class=\"wp-block-file__button wp-element-button\" download aria-describedby=\"wp-block-file--media-70d2b89c-fb8a-4e15-8c96-f91332a4f8c1\">Download<\/a><\/div>\n\n\n\n<div data-wp-interactive=\"core\/file\" class=\"wp-block-file\"><object data-wp-bind--hidden=\"!state.hasPdfPreview\" hidden class=\"wp-block-file__embed\" data=\"https:\/\/bm-cat.com\/ro\/wp-content\/uploads\/sites\/5\/2025\/07\/117442_BERGERAT-MONNOYEUR-2023-45001-en-RECA-annex-1.pdf\" type=\"application\/pdf\" style=\"width:100%;height:600px\" aria-label=\"Embed of _117442_BERGERAT MONNOYEUR 2023 45001 en RECA + annex.\"><\/object><a id=\"wp-block-file--media-6d8bd11e-0a24-4d45-85a8-0998a072f6fb\" href=\"https:\/\/bm-cat.com\/ro\/wp-content\/uploads\/sites\/5\/2025\/07\/117442_BERGERAT-MONNOYEUR-2023-45001-en-RECA-annex-1.pdf\">_117442_BERGERAT MONNOYEUR 2023 45001 en RECA + annex<\/a><a href=\"https:\/\/bm-cat.com\/ro\/wp-content\/uploads\/sites\/5\/2025\/07\/117442_BERGERAT-MONNOYEUR-2023-45001-en-RECA-annex-1.pdf\" class=\"wp-block-file__button wp-element-button\" download aria-describedby=\"wp-block-file--media-6d8bd11e-0a24-4d45-85a8-0998a072f6fb\">Download<\/a><\/div>\n\n\n\n<div style=\"height:100px\" aria-hidden=\"true\" class=\"wp-block-spacer\"><\/div>\n\n\n\n<p>Aceste certific\u0103ri reflect\u0103 angajamentul nostru continuu de a oferi produse \u0219i servicii la cele mai \u00eenalte standarde, de a proteja mediul \u00eenconjur\u0103tor \u0219i de a asigura un mediu de lucru sigur pentru angaja\u021bi \u0219i colaboratori.<\/p>\n\n\n\n<div style=\"height:100px\" aria-hidden=\"true\" class=\"wp-block-spacer\"><\/div>\n\n\n\n<h2 class=\"wp-block-heading\">Alte documente  <\/h2>\n\n\n\n<p><\/p>\n\n\n\n<div data-wp-interactive=\"core\/file\" class=\"wp-block-file\"><object data-wp-bind--hidden=\"!state.hasPdfPreview\" hidden class=\"wp-block-file__embed\" data=\"https:\/\/bm-cat.com\/ro\/wp-content\/uploads\/sites\/5\/2025\/12\/Monnoyeur_charte_achats_responsables_002_RO.pdf\" type=\"application\/pdf\" style=\"width:100%;height:600px\" aria-label=\"Embed of Monnoyeur_charte_achats_responsables_(002)_RO.\"><\/object><a id=\"wp-block-file--media-b1ea0ebc-cd54-43b0-8e37-e330d085507f\" href=\"https:\/\/bm-cat.com\/ro\/wp-content\/uploads\/sites\/5\/2025\/12\/Monnoyeur_charte_achats_responsables_002_RO.pdf\">Monnoyeur_charte_achats_responsables_(002)_RO<\/a><a href=\"https:\/\/bm-cat.com\/ro\/wp-content\/uploads\/sites\/5\/2025\/12\/Monnoyeur_charte_achats_responsables_002_RO.pdf\" class=\"wp-block-file__button wp-element-button\" download aria-describedby=\"wp-block-file--media-b1ea0ebc-cd54-43b0-8e37-e330d085507f\">Download<\/a><\/div>\n\n\n\n<hr class=\"wp-block-separator has-alpha-channel-opacity\" \/>\n\n\n\n<div data-wp-interactive=\"core\/file\" class=\"wp-block-file\"><object data-wp-bind--hidden=\"!state.hasPdfPreview\" hidden class=\"wp-block-file__embed\" data=\"https:\/\/bm-cat.com\/ro\/wp-content\/uploads\/sites\/5\/2025\/12\/Monnoyeur_Charte_Achats_Responsables_002_EN.pdf\" type=\"application\/pdf\" style=\"width:100%;height:600px\" aria-label=\"Embed of Monnoyeur_Charte_Achats_Responsables_(002)_EN.\"><\/object><a id=\"wp-block-file--media-98cb1369-0960-4bd6-a8ad-b93377bd37c9\" href=\"https:\/\/bm-cat.com\/ro\/wp-content\/uploads\/sites\/5\/2025\/12\/Monnoyeur_Charte_Achats_Responsables_002_EN.pdf\">Monnoyeur_Charte_Achats_Responsables_(002)_EN<\/a><a href=\"https:\/\/bm-cat.com\/ro\/wp-content\/uploads\/sites\/5\/2025\/12\/Monnoyeur_Charte_Achats_Responsables_002_EN.pdf\" class=\"wp-block-file__button wp-element-button\" download aria-describedby=\"wp-block-file--media-98cb1369-0960-4bd6-a8ad-b93377bd37c9\">Download<\/a><\/div>\n\n\n\n<hr class=\"wp-block-separator has-alpha-channel-opacity\" \/>\n\n\n\n<div class=\"wp-block-file\"><a id=\"wp-block-file--media-4e81922c-7bb0-4c0c-be22-4334a0054376\" href=\"https:\/\/bm-cat.com\/ro\/wp-content\/uploads\/sites\/5\/2025\/07\/20250528-General-Purchasing-Conditions-GPC-RO.doc\"><br>20250528 General Purchasing Conditions GPC &#8211; RO<\/a><a href=\"https:\/\/bm-cat.com\/ro\/wp-content\/uploads\/sites\/5\/2025\/07\/20250528-General-Purchasing-Conditions-GPC-RO.doc\" class=\"wp-block-file__button wp-element-button\" download aria-describedby=\"wp-block-file--media-4e81922c-7bb0-4c0c-be22-4334a0054376\">Download<\/a><\/div>\n\n\n\n<hr class=\"wp-block-separator has-alpha-channel-opacity\" \/>\n\n\n\n<div class=\"wp-block-file\"><a id=\"wp-block-file--media-1b11de9e-e607-4cad-a721-84293c4a6725\" href=\"https:\/\/bm-cat.com\/ro\/wp-content\/uploads\/sites\/5\/2025\/07\/20250528-General-Purchasing-Conditions-GPC-EN.doc\"><br>20250528 General Purchasing Conditions GPC &#8211; EN<\/a><a href=\"https:\/\/bm-cat.com\/ro\/wp-content\/uploads\/sites\/5\/2025\/07\/20250528-General-Purchasing-Conditions-GPC-EN.doc\" class=\"wp-block-file__button wp-element-button\" download aria-describedby=\"wp-block-file--media-1b11de9e-e607-4cad-a721-84293c4a6725\">Download<\/a><\/div>\n\n\n\n<p><\/p>\n","protected":false},"excerpt":{"rendered":"<p>Certificari internationale ISO \u2013 Angajamentul nostru continuu pentru calitate, mediu si siguranta ISO 9001:2015 \u2013 Managementul calit\u0103\u021bii Aceast\u0103 certificare confirm\u0103 faptul c\u0103 procesele noastre sunt orientate c\u0103tre satisfacerea clien\u021bilor \u0219i \u00eembun\u0103t\u0103\u021birea continu\u0103. Ne asigur\u0103m c\u0103 fiecare produs \u0219i serviciu livrat respect\u0103 cele mai riguroase standarde de calitate. ISO 14001:2015 \u2013 Managementul de mediu Certificarea ISO [&hellip;]<\/p>\n","protected":false},"author":46,"featured_media":24356,"parent":11554,"menu_order":0,"comment_status":"closed","ping_status":"closed","template":"","meta":{"_acf_changed":false,"_sitemap_exclude":false,"_sitemap_priority":"","_sitemap_frequency":"","footnotes":""},"class_list":["post-24287","page","type-page","status-publish","has-post-thumbnail","hentry"],"acf":[],"_links":{"self":[{"href":"https:\/\/bm-cat.com\/ro\/wp-json\/wp\/v2\/pages\/24287","targetHints":{"allow":["GET"]}}],"collection":[{"href":"https:\/\/bm-cat.com\/ro\/wp-json\/wp\/v2\/pages"}],"about":[{"href":"https:\/\/bm-cat.com\/ro\/wp-json\/wp\/v2\/types\/page"}],"author":[{"embeddable":true,"href":"https:\/\/bm-cat.com\/ro\/wp-json\/wp\/v2\/users\/46"}],"replies":[{"embeddable":true,"href":"https:\/\/bm-cat.com\/ro\/wp-json\/wp\/v2\/comments?post=24287"}],"version-history":[{"count":28,"href":"https:\/\/bm-cat.com\/ro\/wp-json\/wp\/v2\/pages\/24287\/revisions"}],"predecessor-version":[{"id":25472,"href":"https:\/\/bm-cat.com\/ro\/wp-json\/wp\/v2\/pages\/24287\/revisions\/25472"}],"up":[{"embeddable":true,"href":"https:\/\/bm-cat.com\/ro\/wp-json\/wp\/v2\/pages\/11554"}],"wp:featuredmedia":[{"embeddable":true,"href":"https:\/\/bm-cat.com\/ro\/wp-json\/wp\/v2\/media\/24356"}],"wp:attachment":[{"href":"https:\/\/bm-cat.com\/ro\/wp-json\/wp\/v2\/media?parent=24287"}],"curies":[{"name":"wp","href":"https:\/\/api.w.org\/{rel}","templated":true}]}}