{"id":21174,"date":"2024-02-12T15:17:19","date_gmt":"2024-02-12T13:17:19","guid":{"rendered":"https:\/\/ppr.bm-cat.com\/ro\/?post_type=product&#038;p=21174"},"modified":"2024-02-12T16:53:11","modified_gmt":"2024-02-12T14:53:11","slug":"qj341-2","status":"publish","type":"product","link":"https:\/\/bm-cat.com\/ro\/product\/qj341-2\/","title":{"rendered":"QJ341+"},"content":{"rendered":"<h2>CONCASOR MOBIL CU FALCI<\/h2>\n<div id=\"description-22837712\" class=\"advantage_hidden advantage_full\">\n<p class=\"sous-description\">\n<ul>\n<li>Un sistem de sortare initiala cu doua niveluri (pre-sortare) pentru extractia materialelor fine.<\/li>\n<li>Motor CAT conform cu normele europene.<\/li>\n<li>Ac\u021bionarea hidraulic\u0103 permite concasorului s\u0103 \u00eenceap\u0103 sub sarcin\u0103 maximiz\u00e2nd timpul de func\u021bionare.<\/li>\n<li>Reglarea inaltimii benzii transportoare principale, din punct de vedre hidraulic, care permite o accesibilitate sporita si o mentenanta facila.<\/li>\n<li>Un sistem integrat de gestionare a masinii prin intermediul unui ecran (PLC).<\/li>\n<\/ul>\n<p>&nbsp;<\/p>\n<p>QJ341+ va fi performant in special in aplicatii de cariera cu continut mare de materiale fine (steril) care sunt eliminate inainte ca materialele sa intre in camera de concasare.<\/p><\/div>\n","protected":false},"excerpt":{"rendered":"<p>Concasorul QJ341+ Sandvik este cel mai mare concasor cu falci din gama premium. Acest model include o sortare initiala cu doua niveluri de serie care permite eliminarea sterilului cu scopul cresterii productiei dumneavoastra si, astfel, imbunatatirea eficacitatii, a gestionarii uzurii concasorului si a cresterii productivitatii.<\/p>\n","protected":false},"featured_media":0,"comment_status":"open","ping_status":"closed","template":"","meta":{"_acf_changed":false,"_sitemap_exclude":false,"_sitemap_priority":"","_sitemap_frequency":""},"product_feature":[],"product_cat":[943],"product_tag":[],"class_list":{"0":"post-21174","1":"product","2":"type-product","3":"status-publish","5":"product_cat-concasoare-cu-falci-sandvik","7":"first","8":"instock","9":"shipping-taxable","10":"product-type-simple"},"acf":[],"_links":{"self":[{"href":"https:\/\/bm-cat.com\/ro\/wp-json\/wp\/v2\/product\/21174","targetHints":{"allow":["GET"]}}],"collection":[{"href":"https:\/\/bm-cat.com\/ro\/wp-json\/wp\/v2\/product"}],"about":[{"href":"https:\/\/bm-cat.com\/ro\/wp-json\/wp\/v2\/types\/product"}],"replies":[{"embeddable":true,"href":"https:\/\/bm-cat.com\/ro\/wp-json\/wp\/v2\/comments?post=21174"}],"wp:attachment":[{"href":"https:\/\/bm-cat.com\/ro\/wp-json\/wp\/v2\/media?parent=21174"}],"wp:term":[{"taxonomy":"product_feature","embeddable":true,"href":"https:\/\/bm-cat.com\/ro\/wp-json\/wp\/v2\/product_feature?post=21174"},{"taxonomy":"product_cat","embeddable":true,"href":"https:\/\/bm-cat.com\/ro\/wp-json\/wp\/v2\/product_cat?post=21174"},{"taxonomy":"product_tag","embeddable":true,"href":"https:\/\/bm-cat.com\/ro\/wp-json\/wp\/v2\/product_tag?post=21174"}],"curies":[{"name":"wp","href":"https:\/\/api.w.org\/{rel}","templated":true}]}}