{"id":25953,"date":"2026-03-04T13:43:43","date_gmt":"2026-03-04T11:43:43","guid":{"rendered":"https:\/\/bm-cat.com\/ro\/?post_type=product&#038;p=25953"},"modified":"2026-04-17T09:07:02","modified_gmt":"2026-04-17T07:07:02","slug":"stivuitoare-gpl-cat-1-5-3-5-tone","status":"publish","type":"product","link":"https:\/\/bm-cat.com\/ro\/product\/stivuitoare-gpl-cat-1-5-3-5-tone\/","title":{"rendered":"15P\u2013GP35P | Capacitate 1.5 \u2013 3.5 Tone"},"content":{"rendered":"<p data-start=\"423\" data-end=\"773\">Gama de <strong data-start=\"431\" data-end=\"466\">stivuitoare Cat GP15P\u2013GP35P<\/strong>\u00a0este proiectat\u0103 pentru performan\u021b\u0103 industrial\u0103 continu\u0103, fiabilitate ridicat\u0103 \u0219i costuri reduse de exploatare. Cu o capacitate de ridicare \u00eentre <strong data-start=\"612\" data-end=\"636\">1.500 kg \u0219i 3.500 kg<\/strong>, aceste motostivuitoare GPL reprezint\u0103 solu\u021bia ideal\u0103 pentru depozite, centre logistice, produc\u021bie, construc\u021bii \u0219i aplica\u021bii exterioare.<\/p>\n<p data-start=\"775\" data-end=\"973\">Seria GP-P combin\u0103 tehnologia avansat\u0103 a motorului GPL cu o construc\u021bie robust\u0103 a \u0219asiului \u0219i a catargului, oferind stabilitate excelent\u0103, manevrabilitate precis\u0103 \u0219i consum optimizat de combustibil.<\/p>\n<p data-start=\"975\" data-end=\"1155\">Dac\u0103 ai nevoie de un <strong data-start=\"996\" data-end=\"1020\">stivuitor GPL 2 tone<\/strong>, <strong data-start=\"1022\" data-end=\"1046\">stivuitor GPL 3 tone<\/strong> sau chiar <strong data-start=\"1057\" data-end=\"1079\">stivuitor 3.5 tone<\/strong>, gama Cat acoper\u0103 toate aceste necesit\u0103\u021bi \u00eentr-un singur portofoliu fiabil.<\/p>\n<p data-start=\"975\" data-end=\"1155\">Gama de <strong data-start=\"1037\" data-end=\"1056\">stivuitoare GPL<\/strong> Cat ofer\u0103 performan\u021b\u0103 constant\u0103 \u0219i fiabilitate industrial\u0103.<\/p>\n<h2 data-start=\"2552\" data-end=\"2603\">Productivitate ridicat\u0103 \u0219i stabilitate excelent\u0103<\/h2>\n<p data-start=\"2605\" data-end=\"2714\">Designul complet flotant al transmisiei contribuie la cobor\u00e2rea centrului de greutate, ceea ce \u00eembun\u0103t\u0103\u021be\u0219te:<\/p>\n<ul data-start=\"2716\" data-end=\"2826\">\n<li data-start=\"2716\" data-end=\"2742\">\n<p data-start=\"2718\" data-end=\"2742\">Stabilitatea \u00een viraje;<\/p>\n<\/li>\n<li data-start=\"2743\" data-end=\"2788\">\n<p data-start=\"2745\" data-end=\"2788\">Siguran\u021ba \u00een manipularea sarcinilor grele;<\/p>\n<\/li>\n<li data-start=\"2789\" data-end=\"2826\">\n<p data-start=\"2791\" data-end=\"2826\">Capacitatea rezidual\u0103 de ridicare.<\/p>\n<\/li>\n<\/ul>\n<p data-start=\"2828\" data-end=\"2948\">Sistemul hidraulic puternic asigur\u0103 viteze ridicate de ridicare \u0219i cobor\u00e2re, cresc\u00e2nd eficien\u021ba opera\u021bional\u0103 \u00een depozit.<\/p>\n<hr data-start=\"2950\" data-end=\"2953\" \/>\n<h2 data-start=\"2955\" data-end=\"2996\">Siguran\u021b\u0103 \u0219i ergonomie pentru operator<\/h2>\n<p data-start=\"2998\" data-end=\"3078\">Stivuitoarele GPL Cat GP-P sunt proiectate pentru confort maxim al operatorului:<\/p>\n<p data-start=\"3080\" data-end=\"3301\">\u2714 Sistem PDS (detectare prezen\u021b\u0103 operator);<br data-start=\"3122\" data-end=\"3125\" \/>\u2714 Comenzi hidraulice u\u0219or de ac\u021bionat;<br data-start=\"3162\" data-end=\"3165\" \/>\u2714 Volan reglabil;<br data-start=\"3181\" data-end=\"3184\" \/>\u2714 Scaun ergonomic Grammer;<br data-start=\"3209\" data-end=\"3212\" \/>\u2714 Vizibilitate excelent\u0103;<br data-start=\"3236\" data-end=\"3239\" \/>\u2714 Pedalier tip autoturism;<br data-start=\"3264\" data-end=\"3267\" \/>\u2714 Nivel de zgomot redus (~79 dB).<\/p>\n<p data-start=\"3303\" data-end=\"3415\">Toate aceste elemente contribuie la reducerea oboselii \u0219i cre\u0219terea productivit\u0103\u021bii \u00een schimburi lungi de lucru.<\/p>\n<hr data-start=\"3417\" data-end=\"3420\" \/>\n<h2 data-start=\"3422\" data-end=\"3456\">Cost total de proprietate redus<\/h2>\n<p data-start=\"3458\" data-end=\"3528\">Un avantaj major al gamei GP15P\u2013GP35P este costul redus de exploatare:<\/p>\n<ul data-start=\"3530\" data-end=\"3682\">\n<li data-start=\"3530\" data-end=\"3563\">\n<p data-start=\"3532\" data-end=\"3563\">\u2714 Interval extins \u00eentre revizii;<\/p>\n<\/li>\n<li data-start=\"3564\" data-end=\"3597\">\n<p data-start=\"3566\" data-end=\"3597\">\u2714 Acces facil pentru mentenan\u021b\u0103;<\/p>\n<\/li>\n<li data-start=\"3598\" data-end=\"3621\">\n<p data-start=\"3600\" data-end=\"3621\">\u2714 Componente durabile;<\/p>\n<\/li>\n<li data-start=\"3622\" data-end=\"3645\">\n<p data-start=\"3624\" data-end=\"3645\">\u2714 Consum eficient GPL;<\/p>\n<\/li>\n<li data-start=\"3646\" data-end=\"3682\">\n<p data-start=\"3648\" data-end=\"3682\">\u2714 LED-uri cu durat\u0103 lung\u0103 de via\u021b\u0103.<\/p>\n<\/li>\n<\/ul>\n<p data-start=\"3684\" data-end=\"3843\">Pentru companiile care caut\u0103 un <strong data-start=\"3716\" data-end=\"3752\">stivuitor GPL fiabil \u0219i economic<\/strong>, aceast\u0103 serie ofer\u0103 un echilibru excelent \u00eentre investi\u021bie \u0219i performan\u021b\u0103 pe termen lung.<\/p>\n<h2 data-start=\"4626\" data-end=\"4665\">De ce s\u0103 alegi stivuitoare GPL pentru aplica\u021bii industriale?<\/h2>\n<p data-start=\"4667\" data-end=\"4808\">\u2714 Marc\u0103 recunoscut\u0103 global;<br data-start=\"4693\" data-end=\"4696\" \/>\u2714 Fiabilitate industrial\u0103;<br data-start=\"4721\" data-end=\"4724\" \/>\u2714 Performan\u021b\u0103 constant\u0103;<br data-start=\"4747\" data-end=\"4750\" \/>\u2714 Valoare bun\u0103 la rev\u00e2nzare;<br data-start=\"4777\" data-end=\"4780\" \/>\u2714 Re\u021bea extins\u0103 de service.<\/p>\n<p data-start=\"4810\" data-end=\"5006\">Dac\u0103 e\u0219ti \u00een c\u0103utarea unui <strong data-start=\"4837\" data-end=\"4863\">stivuitor GPL 2.5 tone<\/strong>, <strong data-start=\"4865\" data-end=\"4889\">stivuitor GPL 3 tone<\/strong> sau <strong data-start=\"4894\" data-end=\"4931\">stivuitor 3.5 tone pentru depozit<\/strong>, seria Cat GP-P este una dintre cele mai sigure investi\u021bii pe termen lung.<\/p>\n<p data-start=\"4810\" data-end=\"5006\">Pentru informa\u021bii supliementare accesa\u021bi:<strong> <a href=\"https:\/\/www.catlifttruck.com\" target=\"_blank\" rel=\"noopener\">https:\/\/www.catlifttruck.com<\/a><\/strong><\/p>\n<p data-start=\"4810\" data-end=\"5006\">Desc\u0103rca\u021bi bro\u0219ura: <strong><a href=\"https:\/\/catliftdealer.com\/system\/files\/documents\/crosc2289_0_0.pdf\" target=\"_blank\" rel=\"noopener\">https:\/\/catliftdealer.com\/system\/files\/documents\/crosc2289_0_0.pdf<\/a><\/strong><\/p>\n","protected":false},"excerpt":{"rendered":"<p>Gama de stivuitoare Cat GP15P\u2013GP35P\u00a0este proiectat\u0103 pentru performan\u021b\u0103 industrial\u0103 continu\u0103, fiabilitate ridicat\u0103 \u0219i costuri reduse de exploatare. Cu o capacitate de ridicare \u00eentre 1.500 kg \u0219i 3.500 kg, aceste motostivuitoare GPL reprezint\u0103 solu\u021bia ideal\u0103 pentru depozite, centre logistice, produc\u021bie, construc\u021bii \u0219i aplica\u021bii exterioare. Seria GP-P combin\u0103 tehnologia avansat\u0103 a motorului GPL cu o construc\u021bie robust\u0103 [&hellip;]<\/p>\n","protected":false},"featured_media":25960,"comment_status":"open","ping_status":"closed","template":"","meta":{"_acf_changed":false,"_sitemap_exclude":false,"_sitemap_priority":"","_sitemap_frequency":""},"product_feature":[],"product_cat":[1449],"product_tag":[],"class_list":{"0":"post-25953","1":"product","2":"type-product","3":"status-publish","4":"has-post-thumbnail","6":"product_cat-stivuitoare_gpl","8":"first","9":"instock","10":"shipping-taxable","11":"product-type-simple"},"acf":[],"_links":{"self":[{"href":"https:\/\/bm-cat.com\/ro\/wp-json\/wp\/v2\/product\/25953","targetHints":{"allow":["GET"]}}],"collection":[{"href":"https:\/\/bm-cat.com\/ro\/wp-json\/wp\/v2\/product"}],"about":[{"href":"https:\/\/bm-cat.com\/ro\/wp-json\/wp\/v2\/types\/product"}],"replies":[{"embeddable":true,"href":"https:\/\/bm-cat.com\/ro\/wp-json\/wp\/v2\/comments?post=25953"}],"wp:featuredmedia":[{"embeddable":true,"href":"https:\/\/bm-cat.com\/ro\/wp-json\/wp\/v2\/media\/25960"}],"wp:attachment":[{"href":"https:\/\/bm-cat.com\/ro\/wp-json\/wp\/v2\/media?parent=25953"}],"wp:term":[{"taxonomy":"product_feature","embeddable":true,"href":"https:\/\/bm-cat.com\/ro\/wp-json\/wp\/v2\/product_feature?post=25953"},{"taxonomy":"product_cat","embeddable":true,"href":"https:\/\/bm-cat.com\/ro\/wp-json\/wp\/v2\/product_cat?post=25953"},{"taxonomy":"product_tag","embeddable":true,"href":"https:\/\/bm-cat.com\/ro\/wp-json\/wp\/v2\/product_tag?post=25953"}],"curies":[{"name":"wp","href":"https:\/\/api.w.org\/{rel}","templated":true}]}}