{"id":26393,"date":"2026-04-21T12:00:53","date_gmt":"2026-04-21T10:00:53","guid":{"rendered":"https:\/\/bm-cat.com\/ro\/?post_type=product&#038;p=26393"},"modified":"2026-04-22T11:50:36","modified_gmt":"2026-04-22T09:50:36","slug":"concasor-mobil-uj310-sandvik","status":"publish","type":"product","link":"https:\/\/bm-cat.com\/ro\/product\/concasor-mobil-uj310-sandvik\/","title":{"rendered":"UJ310 \u2013 Concasor mobil electric cu f\u0103lci Sandvik CJ411"},"content":{"rendered":"<p>UJ310 este o unitate de concasare primar\u0103 complet asamblat\u0103 pe un singur cadru de remorc\u0103 \u0219i montat\u0103 pe un boghiu cu trei axe. Dispune de concasorul cu f\u0103lci CJ411, extrem de fiabil \u0219i productiv, mai este prev\u0103zut\u0103 cu un alimentator vibrant SW 1253H \u0219i o band\u0103 transportoare de desc\u0103rcare. A fost proiectat\u0103 pentru a oferi productivitate ridicat\u0103 la un cost redus pe ton\u0103.<\/p>\n<p>&nbsp;<\/p>\n","protected":false},"excerpt":{"rendered":"<p>UJ310 este o unitate de concasare primar\u0103 complet asamblat\u0103 pe un singur cadru de remorc\u0103 \u0219i montat\u0103 pe un boghiu cu trei axe. Dispune de concasorul cu f\u0103lci CJ411, extrem de fiabil \u0219i productiv, mai este prev\u0103zut\u0103 cu un alimentator vibrant SW 1253H \u0219i o band\u0103 transportoare de desc\u0103rcare. A fost proiectat\u0103 pentru a oferi [&hellip;]<\/p>\n","protected":false},"featured_media":26401,"comment_status":"open","ping_status":"closed","template":"","meta":{"_acf_changed":false,"_sitemap_exclude":false,"_sitemap_priority":"","_sitemap_frequency":""},"product_feature":[],"product_cat":[],"product_tag":[],"class_list":{"0":"post-26393","1":"product","2":"type-product","3":"status-publish","4":"has-post-thumbnail","7":"first","8":"instock","9":"shipping-taxable","10":"product-type-simple"},"acf":[],"_links":{"self":[{"href":"https:\/\/bm-cat.com\/ro\/wp-json\/wp\/v2\/product\/26393","targetHints":{"allow":["GET"]}}],"collection":[{"href":"https:\/\/bm-cat.com\/ro\/wp-json\/wp\/v2\/product"}],"about":[{"href":"https:\/\/bm-cat.com\/ro\/wp-json\/wp\/v2\/types\/product"}],"replies":[{"embeddable":true,"href":"https:\/\/bm-cat.com\/ro\/wp-json\/wp\/v2\/comments?post=26393"}],"wp:featuredmedia":[{"embeddable":true,"href":"https:\/\/bm-cat.com\/ro\/wp-json\/wp\/v2\/media\/26401"}],"wp:attachment":[{"href":"https:\/\/bm-cat.com\/ro\/wp-json\/wp\/v2\/media?parent=26393"}],"wp:term":[{"taxonomy":"product_feature","embeddable":true,"href":"https:\/\/bm-cat.com\/ro\/wp-json\/wp\/v2\/product_feature?post=26393"},{"taxonomy":"product_cat","embeddable":true,"href":"https:\/\/bm-cat.com\/ro\/wp-json\/wp\/v2\/product_cat?post=26393"},{"taxonomy":"product_tag","embeddable":true,"href":"https:\/\/bm-cat.com\/ro\/wp-json\/wp\/v2\/product_tag?post=26393"}],"curies":[{"name":"wp","href":"https:\/\/api.w.org\/{rel}","templated":true}]}}